{"id":207464,"date":"2018-11-20T06:30:14","date_gmt":"2018-11-20T04:30:14","guid":{"rendered":"https:\/\/www.huntersfriend.eu\/product\/rack-one-boost-73-dattelpflaumen-lockmittel\/"},"modified":"2025-06-23T11:17:40","modified_gmt":"2025-06-23T09:17:40","slug":"rack-one-boost-73-dattelpflaumen-lockmittel","status":"publish","type":"product","link":"https:\/\/www.huntersfriend.eu\/de\/produkt\/rack-one-boost-73-dattelpflaumen-lockmittel\/","title":{"rendered":"GenericProductName Boost 73 Kaki-Lockmittel"},"content":{"rendered":"<p><em>Falls das Produkt ausverkauft sein sollte, werden wir im Fr\u00fchjahr eine neue Lieferung per Container erhalten.<\/em><\/p>\n<p>Steigern Sie den Nutzen vorhandener Nahrungsquellen mit GenericProductName Boost 73 fl\u00fcssigem Lockmittel. Kraftvolle Aromen locken Wild an und halten es vor Ort, w\u00e4hrend 60 verschiedene Mineralien ein verbessertes Geweihwachstum f\u00f6rdern. Nat\u00fcrliche Enzyme unterst\u00fctzen die Verdauung. Erh\u00e4ltlich in einer Vielzahl von Geschmacksrichtungen, passend f\u00fcr jede Umgebung.   <\/p>\n<p>Gie\u00dfen Sie es auf den Boden, auf Baumst\u00fcmpfe, Felsen, abgestorbene B\u00e4ume und beobachten Sie, wie das Wild herbeistr\u00f6mt, um davon zu kosten. Der Geruch verbreitet sich im Wald wie kein anderer. <\/p>\n<p>Flaschengewicht: 2,17 kg<\/p>\n","protected":false},"excerpt":{"rendered":"<p>Falls das Produkt ausverkauft sein sollte, werden wir im Fr\u00fchjahr eine neue Lieferung per Container erhalten. Steigern Sie den Nutzen vorhandener Nahrungsquellen mit GenericProductName Boost 73 fl\u00fcssigem Lockmittel. Kraftvolle Aromen locken Wild an und halten es vor Ort, w\u00e4hrend 60 verschiedene Mineralien ein verbessertes Geweihwachstum f\u00f6rdern. Nat\u00fcrliche Enzyme unterst\u00fctzen die Verdauung. Erh\u00e4ltlich in einer Vielzahl [&#8230;]\n","protected":false},"featured_media":210808,"comment_status":"open","ping_status":"closed","template":"","meta":[],"product_brand":[],"product_cat":[1145],"product_tag":[],"class_list":{"0":"post-207464","1":"product","2":"type-product","3":"status-publish","4":"has-post-thumbnail","6":"product_cat-sonstiges","8":"first","9":"outofstock","10":"taxable","11":"shipping-taxable","12":"purchasable","13":"product-type-simple"},"composite_virtual":false,"composite_layout":"","composite_add_to_cart_form_location":"","composite_editable_in_cart":false,"composite_sold_individually_context":"","composite_shop_price_calc":"","composite_components":[],"composite_scenarios":[],"group_of_quantity":0,"min_quantity":0,"max_quantity":"","exclude_order_quantity_value_rules":"no","exclude_category_quantity_rules":"no","combine_variations":"no","exclude_global_add_ons":[],"addons":[],"_links":{"self":[{"href":"https:\/\/www.huntersfriend.eu\/de\/wp-json\/wp\/v2\/product\/207464","targetHints":{"allow":["GET"]}}],"collection":[{"href":"https:\/\/www.huntersfriend.eu\/de\/wp-json\/wp\/v2\/product"}],"about":[{"href":"https:\/\/www.huntersfriend.eu\/de\/wp-json\/wp\/v2\/types\/product"}],"replies":[{"embeddable":true,"href":"https:\/\/www.huntersfriend.eu\/de\/wp-json\/wp\/v2\/comments?post=207464"}],"wp:featuredmedia":[{"embeddable":true,"href":"https:\/\/www.huntersfriend.eu\/de\/wp-json\/wp\/v2\/media\/210808"}],"wp:attachment":[{"href":"https:\/\/www.huntersfriend.eu\/de\/wp-json\/wp\/v2\/media?parent=207464"}],"wp:term":[{"taxonomy":"product_brand","embeddable":true,"href":"https:\/\/www.huntersfriend.eu\/de\/wp-json\/wp\/v2\/product_brand?post=207464"},{"taxonomy":"product_cat","embeddable":true,"href":"https:\/\/www.huntersfriend.eu\/de\/wp-json\/wp\/v2\/product_cat?post=207464"},{"taxonomy":"product_tag","embeddable":true,"href":"https:\/\/www.huntersfriend.eu\/de\/wp-json\/wp\/v2\/product_tag?post=207464"}],"curies":[{"name":"wp","href":"https:\/\/api.w.org\/{rel}","templated":true}]}}