{"id":207127,"date":"2018-11-19T14:21:54","date_gmt":"2018-11-19T12:21:54","guid":{"rendered":"https:\/\/www.huntersfriend.eu\/product\/maximal-ensis-duo\/"},"modified":"2025-08-27T14:09:36","modified_gmt":"2025-08-27T12:09:36","slug":"maximal-ensis-duo","status":"publish","type":"product","link":"https:\/\/www.huntersfriend.eu\/de\/produkt\/maximal-ensis-duo\/","title":{"rendered":"Maximal ensis duo"},"content":{"rendered":"<p>Au\u00dferordentlich robust und langlebig f\u00fcr seinen Preispunkt. Vollst\u00e4ndig montiert &#8211; schussbereit &#8211; 2 rasiermesserscharfe Klingen. Spezifikationen: Zwei Klingen mit 0,69 mm Dicke, Schnittdurchmesser 30,5 mm  <\/p>\n","protected":false},"excerpt":{"rendered":"<p>3er-Packung 100g<\/p>\n","protected":false},"featured_media":210856,"comment_status":"open","ping_status":"closed","template":"","meta":[],"product_brand":[],"product_cat":[1079],"product_tag":[],"class_list":{"0":"post-207127","1":"product","2":"type-product","3":"status-publish","4":"has-post-thumbnail","6":"product_cat-jagd-spitzen","8":"first","9":"instock","10":"taxable","11":"shipping-taxable","12":"purchasable","13":"product-type-simple"},"composite_virtual":false,"composite_layout":"","composite_add_to_cart_form_location":"","composite_editable_in_cart":false,"composite_sold_individually_context":"","composite_shop_price_calc":"","composite_components":[],"composite_scenarios":[],"group_of_quantity":0,"min_quantity":0,"max_quantity":"","exclude_order_quantity_value_rules":"no","exclude_category_quantity_rules":"no","combine_variations":"no","exclude_global_add_ons":[],"addons":[],"_links":{"self":[{"href":"https:\/\/www.huntersfriend.eu\/de\/wp-json\/wp\/v2\/product\/207127","targetHints":{"allow":["GET"]}}],"collection":[{"href":"https:\/\/www.huntersfriend.eu\/de\/wp-json\/wp\/v2\/product"}],"about":[{"href":"https:\/\/www.huntersfriend.eu\/de\/wp-json\/wp\/v2\/types\/product"}],"replies":[{"embeddable":true,"href":"https:\/\/www.huntersfriend.eu\/de\/wp-json\/wp\/v2\/comments?post=207127"}],"wp:featuredmedia":[{"embeddable":true,"href":"https:\/\/www.huntersfriend.eu\/de\/wp-json\/wp\/v2\/media\/210856"}],"wp:attachment":[{"href":"https:\/\/www.huntersfriend.eu\/de\/wp-json\/wp\/v2\/media?parent=207127"}],"wp:term":[{"taxonomy":"product_brand","embeddable":true,"href":"https:\/\/www.huntersfriend.eu\/de\/wp-json\/wp\/v2\/product_brand?post=207127"},{"taxonomy":"product_cat","embeddable":true,"href":"https:\/\/www.huntersfriend.eu\/de\/wp-json\/wp\/v2\/product_cat?post=207127"},{"taxonomy":"product_tag","embeddable":true,"href":"https:\/\/www.huntersfriend.eu\/de\/wp-json\/wp\/v2\/product_tag?post=207127"}],"curies":[{"name":"wp","href":"https:\/\/api.w.org\/{rel}","templated":true}]}}