{"id":207104,"date":"2018-12-21T08:24:59","date_gmt":"2018-12-21T06:24:59","guid":{"rendered":"https:\/\/www.huntersfriend.eu\/product\/maximal-bogen-kocher\/"},"modified":"2025-08-27T14:10:54","modified_gmt":"2025-08-27T12:10:54","slug":"maximal-bogen-kocher","status":"publish","type":"product","link":"https:\/\/www.huntersfriend.eu\/de\/produkt\/maximal-bogen-kocher\/","title":{"rendered":"Maximaler Bogenk\u00f6cher"},"content":{"rendered":"<p>Gewicht: 166 g &#8211; L\u00e4nge: 35 cm &#8211; Ausf\u00fchrung: Rechts- und Linksh\u00e4nder &#8211; Einteiliger Jagdk\u00f6cher &#8211; Schnellverschluss-Hebelsystem &#8211; Fasst 4 Pfeile &#8211; Doppelte Pfeilhalterung verhindert \u00fcberm\u00e4\u00dfige Vibrationen &#8211; Geeignet f\u00fcr Carbon- und Aluminiumsch\u00e4fte &#8211; Kompatibel mit mechanischen und feststehenden Jagdspitzen<\/p>\n","protected":false},"excerpt":{"rendered":"<p>Gewicht: 166 g &#8211; L\u00e4nge: 35 cm &#8211; Ausf\u00fchrung: Rechts- und Linksh\u00e4nder &#8211; Einteiliger Jagdk\u00f6cher &#8211; Schnellverschluss-Hebelsystem &#8211; Fasst 4 Pfeile &#8211; Doppelte Pfeilhalterung verhindert \u00fcberm\u00e4\u00dfige Vibrationen &#8211; Geeignet f\u00fcr Carbon- und Aluminiumsch\u00e4fte &#8211; Kompatibel mit mechanischen und feststehenden Jagdspitzen<\/p>\n","protected":false},"featured_media":59692,"comment_status":"open","ping_status":"open","template":"","meta":[],"product_brand":[],"product_cat":[1090],"product_tag":[],"class_list":{"0":"post-207104","1":"product","2":"type-product","3":"status-publish","4":"has-post-thumbnail","6":"product_cat-bogen-und-jagd-koecher","8":"first","9":"instock","10":"taxable","11":"shipping-taxable","12":"purchasable","13":"product-type-variable"},"composite_virtual":false,"composite_layout":"","composite_add_to_cart_form_location":"","composite_editable_in_cart":false,"composite_sold_individually_context":"","composite_shop_price_calc":"","composite_components":[],"composite_scenarios":[],"group_of_quantity":0,"min_quantity":0,"max_quantity":"","exclude_order_quantity_value_rules":"no","exclude_category_quantity_rules":"no","combine_variations":"no","exclude_global_add_ons":[],"addons":[],"_links":{"self":[{"href":"https:\/\/www.huntersfriend.eu\/de\/wp-json\/wp\/v2\/product\/207104","targetHints":{"allow":["GET"]}}],"collection":[{"href":"https:\/\/www.huntersfriend.eu\/de\/wp-json\/wp\/v2\/product"}],"about":[{"href":"https:\/\/www.huntersfriend.eu\/de\/wp-json\/wp\/v2\/types\/product"}],"replies":[{"embeddable":true,"href":"https:\/\/www.huntersfriend.eu\/de\/wp-json\/wp\/v2\/comments?post=207104"}],"wp:featuredmedia":[{"embeddable":true,"href":"https:\/\/www.huntersfriend.eu\/de\/wp-json\/wp\/v2\/media\/59692"}],"wp:attachment":[{"href":"https:\/\/www.huntersfriend.eu\/de\/wp-json\/wp\/v2\/media?parent=207104"}],"wp:term":[{"taxonomy":"product_brand","embeddable":true,"href":"https:\/\/www.huntersfriend.eu\/de\/wp-json\/wp\/v2\/product_brand?post=207104"},{"taxonomy":"product_cat","embeddable":true,"href":"https:\/\/www.huntersfriend.eu\/de\/wp-json\/wp\/v2\/product_cat?post=207104"},{"taxonomy":"product_tag","embeddable":true,"href":"https:\/\/www.huntersfriend.eu\/de\/wp-json\/wp\/v2\/product_tag?post=207104"}],"curies":[{"name":"wp","href":"https:\/\/api.w.org\/{rel}","templated":true}]}}