{"id":207102,"date":"2020-06-08T11:20:19","date_gmt":"2020-06-08T09:20:19","guid":{"rendered":"https:\/\/www.huntersfriend.eu\/product\/touchwood-lynx-takedown-recurve-bogen\/"},"modified":"2023-05-22T14:46:02","modified_gmt":"2023-05-22T12:46:02","slug":"touchwood-lynx-takedown-recurve-bogen","status":"publish","type":"product","link":"https:\/\/www.huntersfriend.eu\/de\/produkt\/touchwood-lynx-takedown-recurve-bogen\/","title":{"rendered":"Touchwood Lynx Takedown Recurve Bogen"},"content":{"rendered":"<p><em><strong>ACHTUNG: LIMITIERTE LAGERBEST\u00c4NDE VERF\u00dcGBAR- kontaktieren Sie uns f\u00fcr weitere Informationen<\/strong><\/em><\/p>\n<p>Traditionelle 60&#8243; Take Down Recurve von Touchwood sind professionell gefertigte Design-B\u00f6gen aus hartem Ahornholz mit doppelt mittig laminierten Wurfarmen zusammen mit feinsten Fasern und Mycarta-Wurfarmspitzen.<\/p>\n<p><strong>Bogendaten:<\/strong><\/p>\n<ul>\n<li>Nur RH<\/li>\n<li>Bogenl\u00e4nge: 60&#8243;<\/li>\n<li>Zuggewichte: 40 Lbs bis 50 Lbs (steigend um 5 Lbs)<\/li>\n<li>Brace Height: 7,75&#8243;<\/li>\n<li>Gr\u00f6\u00dfe Riser:<\/li>\n<li>Holzspezifische Wurfarme: Ahorn mit klarem Glasfasergewebe und laminierten Micarta-Spitzen.<\/li>\n<li>60&#8243; Dacron Sehne Inklusive<\/li>\n<li>Ablage und Auflage enthalten<\/li>\n<\/ul>\n<p>Es ist m\u00f6glich, dass nicht alle Wurfarm- und Gewichtskombinationen st\u00e4ndig als vorr\u00e4tig angezeigt werden. Bitte kontaktieren Sie uns direkt unter info@huntesrfriend.eu, wenn Sie Fragen zur Verf\u00fcgbarkeit haben. Wir k\u00f6nnen oft einfach Wurfarme und Griffe austauschen, um die von Ihnen gew\u00fcnschte Kombination zu erhalten.<\/p>\n<p>Der Bogen ist sowohl f\u00fcr die linke als auch f\u00fcr die rechte Hand und in einer gro\u00dfen Bandbreite von Zuggewichten erh\u00e4ltlich. Normalerweise 30 bis 50lbs (steigend um 5lbs)<\/p>\n<p>60&#8243; Sehne und B\u00e4renhaarablage sind ohne Aufpreis enthalten.<\/p>\n<p>&nbsp;<\/p>\n<p><strong>Das Zubeh\u00f6rpaket beinhaltet:<\/strong><\/p>\n<p><strong>Basis<\/strong><\/p>\n<ul>\n<li>Nockpunkt und Basis-Setup f\u00fcr Sie bereits erledigt<\/li>\n<li>6 fertige gefiederte Pfeile<\/li>\n<li>6 \u00dcbungsspitzen<\/li>\n<li>Bogensehne<\/li>\n<li>3-Finger-Handschuh (BITTE GR\u00d6SSE IM INFORMATIONSFELD BEI DER BESTELLUNG ANGEBEN)<\/li>\n<li>Leder-Armschutz<\/li>\n<\/ul>\n<p><strong>J\u00e4ger-Paket<\/strong><\/p>\n<ul>\n<li>Beinhaltet alles oben Genannte plus:<\/li>\n<li>6 weitere fertige Pfeile und Spitzen<\/li>\n<li>3 Packungen Maximal-Jagdspitzen<\/li>\n<\/ul>\n","protected":false},"excerpt":{"rendered":"<p>Recurve Takedown<\/p>\n","protected":false},"featured_media":187336,"comment_status":"open","ping_status":"closed","template":"","meta":[],"product_brand":[],"product_cat":[1226,1224],"product_tag":[],"class_list":{"0":"post-207102","1":"product","2":"type-product","3":"status-publish","4":"has-post-thumbnail","6":"product_cat-pakete","7":"product_cat-take-down-recurve-de","9":"first","10":"onbackorder","11":"taxable","12":"shipping-taxable","13":"product-type-variable"},"composite_virtual":false,"composite_layout":"","composite_add_to_cart_form_location":"","composite_editable_in_cart":false,"composite_sold_individually_context":"","composite_shop_price_calc":"","composite_components":[],"composite_scenarios":[],"group_of_quantity":0,"min_quantity":0,"max_quantity":"","exclude_order_quantity_value_rules":"no","exclude_category_quantity_rules":"no","combine_variations":"no","exclude_global_add_ons":false,"addons":[{"name":"Recurve Package Accessories","type":"multiple_choice","position":0,"required":false,"title_format":"label","default":"","description_enable":true,"description":"Add this item to create the full package","placeholder_enable":false,"placeholder":"","display":"select","restrictions_type":"any_text","adjust_price":false,"price":"","price_type":"flat_fee","restrictions":false,"min":"0","max":"0","options":[{"label":"Basic Package","price":"59.6774","price_type":"flat_fee","image":0,"visibility":true},{"label":"Hunter Package","price":"104.0322","price_type":"flat_fee","image":0,"visibility":true},{"label":"6 extra arrows and tips only","price":"32.258","price_type":"flat_fee","image":0,"visibility":true}]}],"_links":{"self":[{"href":"https:\/\/www.huntersfriend.eu\/de\/wp-json\/wp\/v2\/product\/207102","targetHints":{"allow":["GET"]}}],"collection":[{"href":"https:\/\/www.huntersfriend.eu\/de\/wp-json\/wp\/v2\/product"}],"about":[{"href":"https:\/\/www.huntersfriend.eu\/de\/wp-json\/wp\/v2\/types\/product"}],"replies":[{"embeddable":true,"href":"https:\/\/www.huntersfriend.eu\/de\/wp-json\/wp\/v2\/comments?post=207102"}],"wp:featuredmedia":[{"embeddable":true,"href":"https:\/\/www.huntersfriend.eu\/de\/wp-json\/wp\/v2\/media\/187336"}],"wp:attachment":[{"href":"https:\/\/www.huntersfriend.eu\/de\/wp-json\/wp\/v2\/media?parent=207102"}],"wp:term":[{"taxonomy":"product_brand","embeddable":true,"href":"https:\/\/www.huntersfriend.eu\/de\/wp-json\/wp\/v2\/product_brand?post=207102"},{"taxonomy":"product_cat","embeddable":true,"href":"https:\/\/www.huntersfriend.eu\/de\/wp-json\/wp\/v2\/product_cat?post=207102"},{"taxonomy":"product_tag","embeddable":true,"href":"https:\/\/www.huntersfriend.eu\/de\/wp-json\/wp\/v2\/product_tag?post=207102"}],"curies":[{"name":"wp","href":"https:\/\/api.w.org\/{rel}","templated":true}]}}