{"id":206869,"date":"2020-07-03T14:20:30","date_gmt":"2020-07-03T12:20:30","guid":{"rendered":"https:\/\/www.huntersfriend.eu\/product\/hs-jagdhocker\/"},"modified":"2025-09-02T09:03:53","modified_gmt":"2025-09-02T07:03:53","slug":"hs-jagdhocker","status":"publish","type":"product","link":"https:\/\/www.huntersfriend.eu\/de\/produkt\/hs-jagdhocker\/","title":{"rendered":"HS Jagdsitz"},"content":{"rendered":"<p>Der Strut Seat verf\u00fcgt \u00fcber einen stabilen Aluminiumrahmen mit Stahlbeinen und langlebigen Polymer-Scharnieren und ist aus dicht gewebtem 2-Zoll-Nylongewebe gefertigt, um optimale St\u00e4rke und Komfort zu bieten. Die umkehrbaren Winkelbeine erm\u00f6glichen es dem Sitz, sich an eine Vielzahl von Gel\u00e4ndebedingungen anzupassen. Dies ist unsere Empfehlung f\u00fcr passionierte Raubwildrufer.  <\/p>\n","protected":false},"excerpt":{"rendered":"<p>Der Strut Seat verf\u00fcgt \u00fcber einen stabilen Aluminiumrahmen mit Stahlbeinen und langlebigen Polymer-Scharnieren und ist aus dicht gewebtem 2-Zoll-Nylongewebe gefertigt, um optimale St\u00e4rke und Komfort zu bieten. Die umkehrbaren Winkelbeine erm\u00f6glichen es dem Sitz, sich an eine Vielzahl von Gel\u00e4ndebedingungen anzupassen. Dies ist unsere Empfehlung f\u00fcr passionierte Raubwildrufer.<\/p>\n","protected":false},"featured_media":209105,"comment_status":"open","ping_status":"closed","template":"","meta":[],"product_brand":[],"product_cat":[1364,1404],"product_tag":[],"class_list":{"0":"post-206869","1":"product","2":"type-product","3":"status-publish","4":"has-post-thumbnail","6":"product_cat-blind-sitz","7":"product_cat-jagdzubehor","8":"product_shipping_class-medium-de","10":"first","11":"instock","12":"taxable","13":"shipping-taxable","14":"purchasable","15":"product-type-simple"},"composite_virtual":false,"composite_layout":"","composite_add_to_cart_form_location":"","composite_editable_in_cart":false,"composite_sold_individually_context":"","composite_shop_price_calc":"","composite_components":[],"composite_scenarios":[],"group_of_quantity":0,"min_quantity":0,"max_quantity":"","exclude_order_quantity_value_rules":"no","exclude_category_quantity_rules":"no","combine_variations":"no","exclude_global_add_ons":[],"addons":[],"_links":{"self":[{"href":"https:\/\/www.huntersfriend.eu\/de\/wp-json\/wp\/v2\/product\/206869","targetHints":{"allow":["GET"]}}],"collection":[{"href":"https:\/\/www.huntersfriend.eu\/de\/wp-json\/wp\/v2\/product"}],"about":[{"href":"https:\/\/www.huntersfriend.eu\/de\/wp-json\/wp\/v2\/types\/product"}],"replies":[{"embeddable":true,"href":"https:\/\/www.huntersfriend.eu\/de\/wp-json\/wp\/v2\/comments?post=206869"}],"wp:featuredmedia":[{"embeddable":true,"href":"https:\/\/www.huntersfriend.eu\/de\/wp-json\/wp\/v2\/media\/209105"}],"wp:attachment":[{"href":"https:\/\/www.huntersfriend.eu\/de\/wp-json\/wp\/v2\/media?parent=206869"}],"wp:term":[{"taxonomy":"product_brand","embeddable":true,"href":"https:\/\/www.huntersfriend.eu\/de\/wp-json\/wp\/v2\/product_brand?post=206869"},{"taxonomy":"product_cat","embeddable":true,"href":"https:\/\/www.huntersfriend.eu\/de\/wp-json\/wp\/v2\/product_cat?post=206869"},{"taxonomy":"product_tag","embeddable":true,"href":"https:\/\/www.huntersfriend.eu\/de\/wp-json\/wp\/v2\/product_tag?post=206869"}],"curies":[{"name":"wp","href":"https:\/\/api.w.org\/{rel}","templated":true}]}}