{"id":206855,"date":"2021-03-17T11:53:37","date_gmt":"2021-03-17T09:53:37","guid":{"rendered":"https:\/\/www.huntersfriend.eu\/product\/bowtech-amplify-factory-kit\/"},"modified":"2026-01-08T15:10:27","modified_gmt":"2026-01-08T13:10:27","slug":"bowtech-amplify-factory-kit","status":"publish","type":"product","link":"https:\/\/www.huntersfriend.eu\/de\/produkt\/bowtech-amplify-factory-kit\/","title":{"rendered":"Bowtech amplify Werks-Kit"},"content":{"rendered":"<p><em><strong>Sollte eine Bogenoption auf dieser Seite nicht angezeigt werden, kontaktieren Sie uns bitte direkt unter info@huntersfriend.eu und fragen Sie nach weiteren Informationen zu Verf\u00fcgbarkeit und Preis.<\/strong><\/em><\/p>\n<h3>Das RAK-Paket beinhaltet<\/h3>\n<ul>\n<li>Bogen<\/li>\n<li>Octane Hostage Pfeilauflage<\/li>\n<li>3-Pin Visier<\/li>\n<li>Octane Stabilisator<\/li>\n<li>Octane Bogenk\u00f6cher<\/li>\n<li>Peep-Visier und Handschlaufe.<\/li>\n<\/ul>\n<p><em>Bitte beachten Sie, dass Werkspakete, unabh\u00e4ngig vom Hersteller, weder eingestellt noch schussbereit aus der Verpackung kommen.<\/em><\/p>\n<div>\n<h2>PASST SICH JEDEM AN, DOMINIERT ALLES IN SEINER KLASSE.<\/h2>\n<p>\u00dcbertreffen Sie alles, was Sie in dieser Preisklasse f\u00fcr m\u00f6glich hielten, denn nichts ist vergleichbar mit der Pr\u00e4zision des neuen Amplify. Mit einer Zuggewichtseinstellung von vollen 62 Pfund und einer Auszugsl\u00e4ngeneinstellung von 9 Zoll passt es sich praktisch jedem Bogensch\u00fctzen perfekt an. F\u00fcgen Sie die Pr\u00e4zision und die durchschlagende Kraft unseres Binary Cam Systems hinzu, und Sie erhalten eine sanftere Zugbewegung und eine pfeilspaltende Pr\u00e4zision, die alles in seiner Klasse \u00fcbertrifft.  <\/p>\n<p><strong>Synchronisierte Binary Cams<\/strong><br \/>\nX-Schnitt-Pr\u00e4zision. Ein sanfter Auszug. Einfaches Tuning, das Sie einstellen und vergessen k\u00f6nnen. Das Binary Cam System von Bowtech ist mit zwei perfekt symmetrischen Cams konstruiert, die f\u00fcr eine geradlinige Nockenbewegung und bombensichere Konsistenz miteinander verbunden sind.   <\/p>\n<p><strong>Powershift<\/strong><br \/>\nJetzt k\u00f6nnen Sie von maximaler Geschwindigkeit und Kraft zu einem durchschlagenden Schuss mit sanfterem Auszug wechseln und so den ultimativen Schie\u00dfkomfort genie\u00dfen. Die neue PowerShift-Technologie passt sich schnell Ihrem Schie\u00dfstil an, ohne dass eine Bogenpresse erforderlich ist, und das in nur wenigen Minuten. <\/p>\n<p><strong>Orbit Dampener<\/strong><br \/>\nReduziert alle sp\u00fcrbaren Vibrationen erheblich, w\u00e4hrend das Gewicht zus\u00e4tzlicher Zubeh\u00f6rteile ausgeglichen wird.<\/p>\n<h3>Spezifikationen<\/h3>\n<\/div>\n<div>\n<table style=\"height: 55px;\" width=\"1100\" align=\"\">\n<tbody>\n<tr>\n<td><strong>IBO GESCHWINDIGKEIT<\/strong><br \/>\n335 fps<\/td>\n<td><strong>ACHSABSTAND<\/strong><br \/>\n31,5&#8243;<\/td>\n<td><strong>STANDH\u00d6HE<\/strong><br \/>\n6,0&#8243;<\/td>\n<td><strong>ZUGGEWICHTE<\/strong><br \/>\n8-70#<\/td>\n<td><strong>AUSZUGSL\u00c4NGEN<\/strong><br \/>\n21&#8243; bis 30&#8243;<\/td>\n<td><strong>LET-OFF<\/strong><br \/>\n80 %<\/td>\n<td><strong>BOGENMASSE<\/strong><br \/>\n4,0 LBS<\/td>\n<td><\/td>\n<\/tr>\n<\/tbody>\n<\/table>\n<p>&nbsp;<\/p>\n<\/div>\n","protected":false},"excerpt":{"rendered":"<p>Sonderbestellung Bogen &#8211; \u00fcblicherweise 1-5 Wochen \/ Wir empfehlen, uns vor der Bestellung bez\u00fcglich der Verf\u00fcgbarkeit zu kontaktieren<\/p>\n","protected":false},"featured_media":201300,"comment_status":"open","ping_status":"closed","template":"","meta":[],"product_brand":[],"product_cat":[1145],"product_tag":[],"class_list":{"0":"post-206855","1":"product","2":"type-product","3":"status-publish","4":"has-post-thumbnail","6":"product_cat-sonstiges","7":"product_shipping_class-big-de","9":"first","10":"instock","11":"sale","12":"taxable","13":"shipping-taxable","14":"purchasable","15":"product-type-variable","16":"has-default-attributes"},"composite_virtual":false,"composite_layout":"","composite_add_to_cart_form_location":"","composite_editable_in_cart":false,"composite_sold_individually_context":"","composite_shop_price_calc":"","composite_components":[],"composite_scenarios":[],"group_of_quantity":0,"min_quantity":0,"max_quantity":"","exclude_order_quantity_value_rules":"no","exclude_category_quantity_rules":"no","combine_variations":"no","exclude_global_add_ons":false,"addons":[{"name":"Alternative Jagdfarben-Option","type":"multiple_choice","position":0,"required":false,"title_format":"label","default":"","description_enable":true,"description":"W\u00e4hlen Sie eine dieser Optionen f\u00fcr eine alternative Jagdfarbe (Aufpreis)","placeholder_enable":false,"placeholder":null,"display":"select","restrictions_type":"any_text","adjust_price":false,"price":"","price_type":"flat_fee","restrictions":false,"min":"0","max":"0","options":[{"label":"OD Gr\u00fcn","price":"40.3225","price_type":"flat_fee","image":0,"visibility":true},{"label":"Smoke Grey","price":"40.3225","price_type":"flat_fee","image":0,"visibility":true}]}],"_links":{"self":[{"href":"https:\/\/www.huntersfriend.eu\/de\/wp-json\/wp\/v2\/product\/206855","targetHints":{"allow":["GET"]}}],"collection":[{"href":"https:\/\/www.huntersfriend.eu\/de\/wp-json\/wp\/v2\/product"}],"about":[{"href":"https:\/\/www.huntersfriend.eu\/de\/wp-json\/wp\/v2\/types\/product"}],"replies":[{"embeddable":true,"href":"https:\/\/www.huntersfriend.eu\/de\/wp-json\/wp\/v2\/comments?post=206855"}],"wp:featuredmedia":[{"embeddable":true,"href":"https:\/\/www.huntersfriend.eu\/de\/wp-json\/wp\/v2\/media\/201300"}],"wp:attachment":[{"href":"https:\/\/www.huntersfriend.eu\/de\/wp-json\/wp\/v2\/media?parent=206855"}],"wp:term":[{"taxonomy":"product_brand","embeddable":true,"href":"https:\/\/www.huntersfriend.eu\/de\/wp-json\/wp\/v2\/product_brand?post=206855"},{"taxonomy":"product_cat","embeddable":true,"href":"https:\/\/www.huntersfriend.eu\/de\/wp-json\/wp\/v2\/product_cat?post=206855"},{"taxonomy":"product_tag","embeddable":true,"href":"https:\/\/www.huntersfriend.eu\/de\/wp-json\/wp\/v2\/product_tag?post=206855"}],"curies":[{"name":"wp","href":"https:\/\/api.w.org\/{rel}","templated":true}]}}