{"id":206321,"date":"2021-05-05T14:20:27","date_gmt":"2021-05-05T12:20:27","guid":{"rendered":"https:\/\/www.huntersfriend.eu\/product\/sitka-beanie-optifade-elevated-ii\/"},"modified":"2024-08-27T08:21:34","modified_gmt":"2024-08-27T06:21:34","slug":"sitka-beanie-optifade-elevated-ii","status":"publish","type":"product","link":"https:\/\/www.huntersfriend.eu\/de\/produkt\/sitka-beanie-optifade-elevated-ii\/","title":{"rendered":"SITKA Beanie (Optifade Elevated II)"},"content":{"rendered":"<p>Ihre M\u00fctze f\u00fcr die fr\u00fche Saison sollte nicht an einer Rastst\u00e4tte gekauft werden. Die SITKA Beanie ist leicht, unauff\u00e4llige und bietet W\u00e4rme f\u00fcr die k\u00fchlen Tage der Vorsaison. Entworfen mit einem schnell trocknenden, komfortablen Stretch-Fleece in mittlerem Gewicht, das au\u00dfergew\u00f6hnliches Feuchtigkeitsmanagement und Komfort bietet. Das gebogene Design sch\u00fctzt Ihre Ohren vor k\u00fchlen Brisen.<\/p>\n","protected":false},"excerpt":{"rendered":"<p>Ihre M\u00fctze f\u00fcr die fr\u00fche Saison sollte nicht an einer Rastst\u00e4tte gekauft werden. Die SITKA Beanie ist leicht, unauff\u00e4llige und bietet W\u00e4rme f\u00fcr die k\u00fchlen Tage der Vorsaison. Entworfen mit einem schnell trocknenden, komfortablen Stretch-Fleece in mittlerem Gewicht, das au\u00dfergew\u00f6hnliches Feuchtigkeitsmanagement und Komfort bietet. Das gebogene Design sch\u00fctzt Ihre Ohren vor k\u00fchlen Brisen.<\/p>\n","protected":false},"featured_media":209544,"comment_status":"open","ping_status":"closed","template":"","meta":[],"product_brand":[],"product_cat":[1215],"product_tag":[],"class_list":{"0":"post-206321","1":"product","2":"type-product","3":"status-publish","4":"has-post-thumbnail","6":"product_cat-handschuh-socken-und-kopfbedeckung","8":"first","9":"onbackorder","10":"taxable","11":"shipping-taxable","12":"purchasable","13":"product-type-simple"},"composite_virtual":false,"composite_layout":"","composite_add_to_cart_form_location":"","composite_editable_in_cart":false,"composite_sold_individually_context":"","composite_shop_price_calc":"","composite_components":[],"composite_scenarios":[],"group_of_quantity":0,"min_quantity":0,"max_quantity":"","exclude_order_quantity_value_rules":"no","exclude_category_quantity_rules":"no","combine_variations":"no","exclude_global_add_ons":[],"addons":[],"_links":{"self":[{"href":"https:\/\/www.huntersfriend.eu\/de\/wp-json\/wp\/v2\/product\/206321","targetHints":{"allow":["GET"]}}],"collection":[{"href":"https:\/\/www.huntersfriend.eu\/de\/wp-json\/wp\/v2\/product"}],"about":[{"href":"https:\/\/www.huntersfriend.eu\/de\/wp-json\/wp\/v2\/types\/product"}],"replies":[{"embeddable":true,"href":"https:\/\/www.huntersfriend.eu\/de\/wp-json\/wp\/v2\/comments?post=206321"}],"wp:featuredmedia":[{"embeddable":true,"href":"https:\/\/www.huntersfriend.eu\/de\/wp-json\/wp\/v2\/media\/209544"}],"wp:attachment":[{"href":"https:\/\/www.huntersfriend.eu\/de\/wp-json\/wp\/v2\/media?parent=206321"}],"wp:term":[{"taxonomy":"product_brand","embeddable":true,"href":"https:\/\/www.huntersfriend.eu\/de\/wp-json\/wp\/v2\/product_brand?post=206321"},{"taxonomy":"product_cat","embeddable":true,"href":"https:\/\/www.huntersfriend.eu\/de\/wp-json\/wp\/v2\/product_cat?post=206321"},{"taxonomy":"product_tag","embeddable":true,"href":"https:\/\/www.huntersfriend.eu\/de\/wp-json\/wp\/v2\/product_tag?post=206321"}],"curies":[{"name":"wp","href":"https:\/\/api.w.org\/{rel}","templated":true}]}}