{"id":206301,"date":"2021-06-01T14:20:31","date_gmt":"2021-06-01T12:20:31","guid":{"rendered":"https:\/\/www.huntersfriend.eu\/product\/bearpaw-finger-tab-mit-trenner\/"},"modified":"2025-09-02T09:01:06","modified_gmt":"2025-09-02T07:01:06","slug":"bearpaw-finger-tab-mit-trenner","status":"publish","type":"product","link":"https:\/\/www.huntersfriend.eu\/de\/produkt\/bearpaw-finger-tab-mit-trenner\/","title":{"rendered":"Bearpaw Fingertab mit Separator"},"content":{"rendered":"<p>Der Leder-Tab erfreut sich nach wie vor gro\u00dfer Beliebtheit. Das dicke und glatte Leder unseres Leder-Tabs bietet den besten Schutz f\u00fcr Ihre Finger vor der Sehne. Sein Kunststoff-Separator ist zwischen Mittel- und Zeigefinger integriert, um eine ideale Positionierung f\u00fcr Ihre Finger zu gew\u00e4hrleisten.  <\/p>\n<p>Abbildung kann vom Produkt abweichen!<\/p>\n<ul>\n<li>Gr\u00f6\u00dfen: XS, S, M, L, XL<\/li>\n<li>Material Leder-Tab: Rindsleder<\/li>\n<li>Ausf\u00fchrungen: rechtshand oder linkshand<\/li>\n<\/ul>\n","protected":false},"excerpt":{"rendered":"<p>Der Leder-Tab erfreut sich nach wie vor gro\u00dfer Beliebtheit. Das dicke und glatte Leder unseres Leder-Tabs bietet den besten Schutz f\u00fcr Ihre Finger vor der Sehne. Sein Kunststoff-Separator ist zwischen Mittel- und Zeigefinger integriert, um eine ideale Positionierung f\u00fcr Ihre Finger zu gew\u00e4hrleisten. Abbildung kann vom Produkt abweichen! Gr\u00f6\u00dfen: XS, S, M, L, XL Material [&#8230;]\n","protected":false},"featured_media":205158,"comment_status":"open","ping_status":"closed","template":"","meta":[],"product_brand":[],"product_cat":[1152],"product_tag":[],"class_list":{"0":"post-206301","1":"product","2":"type-product","3":"status-publish","4":"has-post-thumbnail","6":"product_cat-tabs-de","8":"first","9":"instock","10":"taxable","11":"shipping-taxable","12":"purchasable","13":"product-type-variable"},"composite_virtual":false,"composite_layout":"","composite_add_to_cart_form_location":"","composite_editable_in_cart":false,"composite_sold_individually_context":"","composite_shop_price_calc":"","composite_components":[],"composite_scenarios":[],"group_of_quantity":0,"min_quantity":0,"max_quantity":"","exclude_order_quantity_value_rules":"no","exclude_category_quantity_rules":"no","combine_variations":"no","exclude_global_add_ons":[],"addons":[],"_links":{"self":[{"href":"https:\/\/www.huntersfriend.eu\/de\/wp-json\/wp\/v2\/product\/206301","targetHints":{"allow":["GET"]}}],"collection":[{"href":"https:\/\/www.huntersfriend.eu\/de\/wp-json\/wp\/v2\/product"}],"about":[{"href":"https:\/\/www.huntersfriend.eu\/de\/wp-json\/wp\/v2\/types\/product"}],"replies":[{"embeddable":true,"href":"https:\/\/www.huntersfriend.eu\/de\/wp-json\/wp\/v2\/comments?post=206301"}],"wp:featuredmedia":[{"embeddable":true,"href":"https:\/\/www.huntersfriend.eu\/de\/wp-json\/wp\/v2\/media\/205158"}],"wp:attachment":[{"href":"https:\/\/www.huntersfriend.eu\/de\/wp-json\/wp\/v2\/media?parent=206301"}],"wp:term":[{"taxonomy":"product_brand","embeddable":true,"href":"https:\/\/www.huntersfriend.eu\/de\/wp-json\/wp\/v2\/product_brand?post=206301"},{"taxonomy":"product_cat","embeddable":true,"href":"https:\/\/www.huntersfriend.eu\/de\/wp-json\/wp\/v2\/product_cat?post=206301"},{"taxonomy":"product_tag","embeddable":true,"href":"https:\/\/www.huntersfriend.eu\/de\/wp-json\/wp\/v2\/product_tag?post=206301"}],"curies":[{"name":"wp","href":"https:\/\/api.w.org\/{rel}","templated":true}]}}