{"id":206299,"date":"2021-06-01T14:20:32","date_gmt":"2021-06-01T12:20:32","guid":{"rendered":"https:\/\/www.huntersfriend.eu\/product\/bearpaw-sleeve-longbow-deluxe\/"},"modified":"2025-09-02T09:00:25","modified_gmt":"2025-09-02T07:00:25","slug":"bearpaw-sleeve-longbow-deluxe","status":"publish","type":"product","link":"https:\/\/www.huntersfriend.eu\/de\/produkt\/bearpaw-sleeve-longbow-deluxe\/","title":{"rendered":"Bearpaw Langbogenh\u00fclle Deluxe &#8211; weiche Bogentasche"},"content":{"rendered":"<p>Wir hatten schon lange die Idee, eine spezielle Bogenh\u00fclle herzustellen. Unsere Deluxe Bogentasche sch\u00fctzt Ihren Langbogen dank eines speziellen Innenfutters perfekt vor Besch\u00e4digungen durch harte St\u00f6\u00dfe. Dank ihrer verschiedenen Griffe kann die Bogentasche problemlos von Motorradfahrern und Radfahrern transportiert werden. Die extragro\u00dfe Zubeh\u00f6rtasche bietet ausreichend Platz f\u00fcr Armschutz, Checker und Schie\u00dfhandschuh.   <\/p>\n<ul>\n<li>Ma\u00dfe: Ca. 185 cm x 13 cm <\/li>\n<li>Material: schwarzes, wasserabweisendes Nylon<\/li>\n<li>Extras: gro\u00dfe Zubeh\u00f6rtasche, Gurt, Aufh\u00e4nger<\/li>\n<li>Verwendung: Langb\u00f6gen bis zu einer L\u00e4nge von 70 Zoll (178 cm)<\/li>\n<\/ul>\n","protected":false},"excerpt":{"rendered":"<p>Schwarz<\/p>\n","protected":false},"featured_media":226588,"comment_status":"open","ping_status":"closed","template":"","meta":[],"product_brand":[],"product_cat":[1145],"product_tag":[],"class_list":{"0":"post-206299","1":"product","2":"type-product","3":"status-publish","4":"has-post-thumbnail","6":"product_cat-sonstiges","8":"first","9":"outofstock","10":"taxable","11":"shipping-taxable","12":"purchasable","13":"product-type-simple"},"composite_virtual":false,"composite_layout":"","composite_add_to_cart_form_location":"","composite_editable_in_cart":false,"composite_sold_individually_context":"","composite_shop_price_calc":"","composite_components":[],"composite_scenarios":[],"group_of_quantity":0,"min_quantity":0,"max_quantity":"","exclude_order_quantity_value_rules":"no","exclude_category_quantity_rules":"no","combine_variations":"no","exclude_global_add_ons":[],"addons":[],"_links":{"self":[{"href":"https:\/\/www.huntersfriend.eu\/de\/wp-json\/wp\/v2\/product\/206299","targetHints":{"allow":["GET"]}}],"collection":[{"href":"https:\/\/www.huntersfriend.eu\/de\/wp-json\/wp\/v2\/product"}],"about":[{"href":"https:\/\/www.huntersfriend.eu\/de\/wp-json\/wp\/v2\/types\/product"}],"replies":[{"embeddable":true,"href":"https:\/\/www.huntersfriend.eu\/de\/wp-json\/wp\/v2\/comments?post=206299"}],"wp:featuredmedia":[{"embeddable":true,"href":"https:\/\/www.huntersfriend.eu\/de\/wp-json\/wp\/v2\/media\/226588"}],"wp:attachment":[{"href":"https:\/\/www.huntersfriend.eu\/de\/wp-json\/wp\/v2\/media?parent=206299"}],"wp:term":[{"taxonomy":"product_brand","embeddable":true,"href":"https:\/\/www.huntersfriend.eu\/de\/wp-json\/wp\/v2\/product_brand?post=206299"},{"taxonomy":"product_cat","embeddable":true,"href":"https:\/\/www.huntersfriend.eu\/de\/wp-json\/wp\/v2\/product_cat?post=206299"},{"taxonomy":"product_tag","embeddable":true,"href":"https:\/\/www.huntersfriend.eu\/de\/wp-json\/wp\/v2\/product_tag?post=206299"}],"curies":[{"name":"wp","href":"https:\/\/api.w.org\/{rel}","templated":true}]}}