{"id":206295,"date":"2021-06-01T14:20:35","date_gmt":"2021-06-01T12:20:35","guid":{"rendered":"https:\/\/www.huntersfriend.eu\/product\/bearpaw-bogen-kleber\/"},"modified":"2025-09-02T09:01:04","modified_gmt":"2025-09-02T07:01:04","slug":"bearpaw-bogen-kleber","status":"publish","type":"product","link":"https:\/\/www.huntersfriend.eu\/de\/produkt\/bearpaw-bogen-kleber\/","title":{"rendered":"Bearpaw Bogenkleber"},"content":{"rendered":"<p>In Zusammenarbeit mit einem deutschen Klebstoffhersteller haben wir diesen Universalkleber entwickelt. Dieser Kontaktkleber ist l\u00f6sungsmittelfrei und erzeugt daher keine reizenden D\u00e4mpfe. Mit diesem Klebstoff erzielen Sie beste Ergebnisse auf Holz-, Carbon- und Aluminiumsch\u00e4ften.  <\/p>\n<ul>\n<li>10, 20 oder 50 Gramm<\/li>\n<li>Zubeh\u00f6r: 2 Dosierspitzen<\/li>\n<li>Anwendungen: Naturfedern, Kunststofffletschen, Nocken, Klebespitzen, Inserts<\/li>\n<li>Hergestellt in Deutschland<\/li>\n<\/ul>\n","protected":false},"excerpt":{"rendered":"<p>In Zusammenarbeit mit einem deutschen Klebstoffhersteller haben wir diesen Universalkleber entwickelt. Dieser Kontaktkleber ist l\u00f6sungsmittelfrei und erzeugt daher keine reizenden D\u00e4mpfe. Mit diesem Klebstoff erzielen Sie beste Ergebnisse auf Holz-, Carbon- und Aluminiumsch\u00e4ften. 10, 20 oder 50 Gramm Zubeh\u00f6r: 2 Dosierspitzen Anwendungen: Naturfedern, Kunststofffletschen, Nocken, Klebespitzen, Inserts Hergestellt in Deutschland<\/p>\n","protected":false},"featured_media":205120,"comment_status":"open","ping_status":"closed","template":"","meta":[],"product_brand":[],"product_cat":[1145],"product_tag":[],"class_list":{"0":"post-206295","1":"product","2":"type-product","3":"status-publish","4":"has-post-thumbnail","6":"product_cat-sonstiges","8":"first","9":"instock","10":"taxable","11":"shipping-taxable","12":"product-type-simple"},"composite_virtual":false,"composite_layout":"","composite_add_to_cart_form_location":"","composite_editable_in_cart":false,"composite_sold_individually_context":"","composite_shop_price_calc":"","composite_components":[],"composite_scenarios":[],"group_of_quantity":0,"min_quantity":0,"max_quantity":"","exclude_order_quantity_value_rules":"no","exclude_category_quantity_rules":"no","combine_variations":"no","exclude_global_add_ons":[],"addons":[],"_links":{"self":[{"href":"https:\/\/www.huntersfriend.eu\/de\/wp-json\/wp\/v2\/product\/206295","targetHints":{"allow":["GET"]}}],"collection":[{"href":"https:\/\/www.huntersfriend.eu\/de\/wp-json\/wp\/v2\/product"}],"about":[{"href":"https:\/\/www.huntersfriend.eu\/de\/wp-json\/wp\/v2\/types\/product"}],"replies":[{"embeddable":true,"href":"https:\/\/www.huntersfriend.eu\/de\/wp-json\/wp\/v2\/comments?post=206295"}],"wp:featuredmedia":[{"embeddable":true,"href":"https:\/\/www.huntersfriend.eu\/de\/wp-json\/wp\/v2\/media\/205120"}],"wp:attachment":[{"href":"https:\/\/www.huntersfriend.eu\/de\/wp-json\/wp\/v2\/media?parent=206295"}],"wp:term":[{"taxonomy":"product_brand","embeddable":true,"href":"https:\/\/www.huntersfriend.eu\/de\/wp-json\/wp\/v2\/product_brand?post=206295"},{"taxonomy":"product_cat","embeddable":true,"href":"https:\/\/www.huntersfriend.eu\/de\/wp-json\/wp\/v2\/product_cat?post=206295"},{"taxonomy":"product_tag","embeddable":true,"href":"https:\/\/www.huntersfriend.eu\/de\/wp-json\/wp\/v2\/product_tag?post=206295"}],"curies":[{"name":"wp","href":"https:\/\/api.w.org\/{rel}","templated":true}]}}