{"id":206257,"date":"2018-11-19T14:22:13","date_gmt":"2018-11-19T12:22:13","guid":{"rendered":"https:\/\/www.huntersfriend.eu\/product\/neet-huftkocher-jagd\/"},"modified":"2025-06-23T10:23:25","modified_gmt":"2025-06-23T08:23:25","slug":"neet-huftkocher-jagd","status":"publish","type":"product","link":"https:\/\/www.huntersfriend.eu\/de\/produkt\/neet-huftkocher-jagd\/","title":{"rendered":"Schicker H\u00fcftk\u00f6cher &#8211; Jagd"},"content":{"rendered":"<p>Beidh\u00e4ndig nutzbarer H\u00fcftk\u00f6cher, konzipiert zur sicheren Aufbewahrung von 5 Pfeilen mit Jagdspitzen w\u00e4hrend der Bewegung durch den Wald. Befestigung am G\u00fcrtel. <\/p>\n","protected":false},"excerpt":{"rendered":"<p>Rechts-\/Linksh\u00e4nder, 5 Pfeile, Tarnmuster<\/p>\n","protected":false},"featured_media":210877,"comment_status":"open","ping_status":"closed","template":"","meta":[],"product_brand":[],"product_cat":[1145],"product_tag":[],"class_list":{"0":"post-206257","1":"product","2":"type-product","3":"status-publish","4":"has-post-thumbnail","6":"product_cat-sonstiges","8":"first","9":"outofstock","10":"taxable","11":"shipping-taxable","12":"purchasable","13":"product-type-simple"},"composite_virtual":false,"composite_layout":"","composite_add_to_cart_form_location":"","composite_editable_in_cart":false,"composite_sold_individually_context":"","composite_shop_price_calc":"","composite_components":[],"composite_scenarios":[],"group_of_quantity":0,"min_quantity":0,"max_quantity":"","exclude_order_quantity_value_rules":"no","exclude_category_quantity_rules":"no","combine_variations":"no","exclude_global_add_ons":[],"addons":[],"_links":{"self":[{"href":"https:\/\/www.huntersfriend.eu\/de\/wp-json\/wp\/v2\/product\/206257","targetHints":{"allow":["GET"]}}],"collection":[{"href":"https:\/\/www.huntersfriend.eu\/de\/wp-json\/wp\/v2\/product"}],"about":[{"href":"https:\/\/www.huntersfriend.eu\/de\/wp-json\/wp\/v2\/types\/product"}],"replies":[{"embeddable":true,"href":"https:\/\/www.huntersfriend.eu\/de\/wp-json\/wp\/v2\/comments?post=206257"}],"wp:featuredmedia":[{"embeddable":true,"href":"https:\/\/www.huntersfriend.eu\/de\/wp-json\/wp\/v2\/media\/210877"}],"wp:attachment":[{"href":"https:\/\/www.huntersfriend.eu\/de\/wp-json\/wp\/v2\/media?parent=206257"}],"wp:term":[{"taxonomy":"product_brand","embeddable":true,"href":"https:\/\/www.huntersfriend.eu\/de\/wp-json\/wp\/v2\/product_brand?post=206257"},{"taxonomy":"product_cat","embeddable":true,"href":"https:\/\/www.huntersfriend.eu\/de\/wp-json\/wp\/v2\/product_cat?post=206257"},{"taxonomy":"product_tag","embeddable":true,"href":"https:\/\/www.huntersfriend.eu\/de\/wp-json\/wp\/v2\/product_tag?post=206257"}],"curies":[{"name":"wp","href":"https:\/\/api.w.org\/{rel}","templated":true}]}}