{"id":206243,"date":"2018-11-19T14:20:50","date_gmt":"2018-11-19T12:20:50","guid":{"rendered":"https:\/\/www.huntersfriend.eu\/product\/rinehart-ziel-18-1-tragbar\/"},"modified":"2025-11-07T10:45:46","modified_gmt":"2025-11-07T08:45:46","slug":"rinehart-ziel-18-1-tragbar","status":"publish","type":"product","link":"https:\/\/www.huntersfriend.eu\/de\/produkt\/rinehart-ziel-18-1-tragbar\/","title":{"rendered":"Rinehart zielt auf 18-1 tragbare Zielscheibe ab"},"content":{"rendered":"<p>Abmessungen: 38,1 cm x 38,1 cm x 38,1 cm<\/p>\n<p>Diese Rinehart 18-1 Zielscheibe pr\u00e4sentiert Ihnen jedes Mal ihre beste Seite und ist von langer Lebensdauer. <span class=\"bodyText\">Mit 18 lebendigen Zielzonen, gefertigt aus solidem, selbstheilendem Schaumstoff, kann die 18-1 Pfeil um Pfeil aufnehmen, ohne ihre Form oder Integrit\u00e4t zu verlieren. Die 18-1 ist leichtgewichtig und verf\u00fcgt \u00fcber einen eigenen, leicht zu tragenden Griff, was sie ideal f\u00fcr das Training nahezu \u00fcberall macht &#8211; im Verein, im Garten oder sogar f\u00fcr eine schnelle \u00dcbungseinheit im Jagdlager. Unabh\u00e4ngig davon, ob Sie mit Jagdspitzen, Feldspitzen oder sogar sich entfaltenden Jagdspitzen schie\u00dfen, macht die Kombination aus solidem, selbstheilendem Schaumstoff und 18 Seiten dies zur langlebigsten verf\u00fcgbaren Zielscheibe. Sollten Sie innerhalb eines Jahres alle 18 Seiten durchschie\u00dfen, wird Rinehart sie garantiert problemlos ersetzen!   <\/span><\/p>\n<p>Gewiss, sie kostet mehr, aber Sie werden \u00fcber ihre Lebensdauer hinweg niemals weniger pro Schuss bezahlen.<\/p>\n<p><strong>Achtung: Online-Bestellungen sind auf zwei pro Bestellung begrenzt. Bei gr\u00f6\u00dferen Mengen wenden Sie sich bitte direkt an den Kundenservice, um die Lieferkosten zu erfragen.<\/strong><\/p>\n","protected":false},"excerpt":{"rendered":"<p>Abmessungen: 38,1 cm x 38,1 cm x 38,1 cm<\/p>\n","protected":false},"featured_media":210766,"comment_status":"open","ping_status":"closed","template":"","meta":[],"product_brand":[],"product_cat":[1147],"product_tag":[],"class_list":{"0":"post-206243","1":"product","2":"type-product","3":"status-publish","4":"has-post-thumbnail","6":"product_cat-wuerfel-und-block-ziele","7":"product_shipping_class-medium-de","9":"first","10":"instock","11":"taxable","12":"shipping-taxable","13":"purchasable","14":"product-type-simple"},"composite_virtual":false,"composite_layout":"","composite_add_to_cart_form_location":"","composite_editable_in_cart":false,"composite_sold_individually_context":"","composite_shop_price_calc":"","composite_components":[],"composite_scenarios":[],"group_of_quantity":0,"min_quantity":0,"max_quantity":"","exclude_order_quantity_value_rules":"no","exclude_category_quantity_rules":"no","combine_variations":"no","exclude_global_add_ons":[],"addons":[],"_links":{"self":[{"href":"https:\/\/www.huntersfriend.eu\/de\/wp-json\/wp\/v2\/product\/206243","targetHints":{"allow":["GET"]}}],"collection":[{"href":"https:\/\/www.huntersfriend.eu\/de\/wp-json\/wp\/v2\/product"}],"about":[{"href":"https:\/\/www.huntersfriend.eu\/de\/wp-json\/wp\/v2\/types\/product"}],"replies":[{"embeddable":true,"href":"https:\/\/www.huntersfriend.eu\/de\/wp-json\/wp\/v2\/comments?post=206243"}],"wp:featuredmedia":[{"embeddable":true,"href":"https:\/\/www.huntersfriend.eu\/de\/wp-json\/wp\/v2\/media\/210766"}],"wp:attachment":[{"href":"https:\/\/www.huntersfriend.eu\/de\/wp-json\/wp\/v2\/media?parent=206243"}],"wp:term":[{"taxonomy":"product_brand","embeddable":true,"href":"https:\/\/www.huntersfriend.eu\/de\/wp-json\/wp\/v2\/product_brand?post=206243"},{"taxonomy":"product_cat","embeddable":true,"href":"https:\/\/www.huntersfriend.eu\/de\/wp-json\/wp\/v2\/product_cat?post=206243"},{"taxonomy":"product_tag","embeddable":true,"href":"https:\/\/www.huntersfriend.eu\/de\/wp-json\/wp\/v2\/product_tag?post=206243"}],"curies":[{"name":"wp","href":"https:\/\/api.w.org\/{rel}","templated":true}]}}