{"id":206193,"date":"2018-12-21T08:25:01","date_gmt":"2018-12-21T08:25:01","guid":{"rendered":"https:\/\/www.huntersfriend.eu\/product\/nap-shockwave\/"},"modified":"2025-08-27T14:11:02","modified_gmt":"2025-08-27T12:11:02","slug":"nap-shockwave","status":"publish","type":"product","link":"https:\/\/www.huntersfriend.eu\/de\/produkt\/nap-shockwave\/","title":{"rendered":"NAP Shockwave"},"content":{"rendered":"<p><b><span style=\"color: #383733; font-size: small;\">KNOCHENBRECHENDE SPITZE MIT VERHEERENDEN WUNDKAN\u00c4LEN! <\/span><\/b> Es mag heutzutage ein wenig \u201ealtmodisch\u201c erscheinen, aber das O-Ring-Design ist nach wie vor eines der zuverl\u00e4ssigsten expandierbaren Designs, das man f\u00fcr Geld erwerben kann. Aus diesem Grund ist der NAP Shockwave noch immer eine bevorzugte Wahl unter Bogenj\u00e4gern. Er funktioniert au\u00dferordentlich effektiv. Die Tri-Vex-Spitze durchdringt Knochen wie ein Nagelpistole, und die rasiermesserscharfen Klingen mit einem Durchmesser von 1-1\/4 Zoll verursachen massive Wundkan\u00e4le. Wenn Sie einen hervorragend fliegenden, hart zuschlagenden expandierbaren Pfeil zu einem angemessenen Preis suchen, erf\u00fcllt der Shockwave diese Anforderungen. Es ist Ihre Investition!     <\/p>\n","protected":false},"excerpt":{"rendered":"<p>KNOCHENBRECHENDE SPITZE MIT VERHEERENDEN WUNDKAN\u00c4LEN! Es mag heutzutage ein wenig \u201ealtmodisch\u201c erscheinen, aber das O-Ring-Design ist nach wie vor eines der zuverl\u00e4ssigsten expandierbaren Designs, das man f\u00fcr Geld erwerben kann. Aus diesem Grund ist der NAP Shockwave noch immer eine bevorzugte Wahl unter Bogenj\u00e4gern. Er funktioniert au\u00dferordentlich effektiv. Die Tri-Vex-Spitze durchdringt Knochen wie ein Nagelpistole, [&#8230;]\n","protected":false},"featured_media":59562,"comment_status":"open","ping_status":"closed","template":"","meta":[],"product_brand":[],"product_cat":[1079,1222],"product_tag":[],"class_list":{"0":"post-206193","1":"product","2":"type-product","3":"status-publish","4":"has-post-thumbnail","6":"product_cat-jagd-spitzen","7":"product_cat-sonderangebote","9":"first","10":"instock","11":"sale","12":"taxable","13":"shipping-taxable","14":"purchasable","15":"product-type-variable"},"composite_virtual":false,"composite_layout":"","composite_add_to_cart_form_location":"","composite_editable_in_cart":false,"composite_sold_individually_context":"","composite_shop_price_calc":"","composite_components":[],"composite_scenarios":[],"group_of_quantity":0,"min_quantity":0,"max_quantity":"","exclude_order_quantity_value_rules":"no","exclude_category_quantity_rules":"no","combine_variations":"no","exclude_global_add_ons":[],"addons":[],"_links":{"self":[{"href":"https:\/\/www.huntersfriend.eu\/de\/wp-json\/wp\/v2\/product\/206193","targetHints":{"allow":["GET"]}}],"collection":[{"href":"https:\/\/www.huntersfriend.eu\/de\/wp-json\/wp\/v2\/product"}],"about":[{"href":"https:\/\/www.huntersfriend.eu\/de\/wp-json\/wp\/v2\/types\/product"}],"replies":[{"embeddable":true,"href":"https:\/\/www.huntersfriend.eu\/de\/wp-json\/wp\/v2\/comments?post=206193"}],"wp:featuredmedia":[{"embeddable":true,"href":"https:\/\/www.huntersfriend.eu\/de\/wp-json\/wp\/v2\/media\/59562"}],"wp:attachment":[{"href":"https:\/\/www.huntersfriend.eu\/de\/wp-json\/wp\/v2\/media?parent=206193"}],"wp:term":[{"taxonomy":"product_brand","embeddable":true,"href":"https:\/\/www.huntersfriend.eu\/de\/wp-json\/wp\/v2\/product_brand?post=206193"},{"taxonomy":"product_cat","embeddable":true,"href":"https:\/\/www.huntersfriend.eu\/de\/wp-json\/wp\/v2\/product_cat?post=206193"},{"taxonomy":"product_tag","embeddable":true,"href":"https:\/\/www.huntersfriend.eu\/de\/wp-json\/wp\/v2\/product_tag?post=206193"}],"curies":[{"name":"wp","href":"https:\/\/api.w.org\/{rel}","templated":true}]}}