{"id":206172,"date":"2018-11-19T14:23:12","date_gmt":"2018-11-19T12:23:12","guid":{"rendered":"https:\/\/www.huntersfriend.eu\/product\/wasp-drone-jagdspitze\/"},"modified":"2025-06-23T10:23:36","modified_gmt":"2025-06-23T08:23:36","slug":"wasp-drone-jagdspitze","status":"publish","type":"product","link":"https:\/\/www.huntersfriend.eu\/de\/produkt\/wasp-drone-jagdspitze\/","title":{"rendered":"Wespendrohen-Jagdspitze"},"content":{"rendered":"<p>Dies ist das Original, und die anderen sind lediglich Kopien. Die aufgepresste Spitze, stets mit den Klingen ausgerichtet, durchdringt Knochen und Knorpel mit Wucht und schafft einen geradlinigen Schneidweg f\u00fcr die nachfolgenden Klingen, wobei sie eine Verw\u00fcstung mit ihrem 1-1\/8 \u201eZoll Schnittdurchmesser hinterl\u00e4sst. Nach dem Abschuss dieser pr\u00e4zisen feststehenden Jagdspitze werden Sie m\u00f6glicherweise sagen: \u201eIch w\u00fcnschte, meine Feldspitzen w\u00e4ren so pr\u00e4zise wie meine Drone.\u201c  <\/p>\n<p>Dieses 3er-Pack Jagdspitzen wird mit einem Satz Ersatzklingen ohne zus\u00e4tzliche Kosten geliefert.<\/p>\n","protected":false},"excerpt":{"rendered":"<p>100 Grain 3er-Pack mit Ersatzklingen<\/p>\n","protected":false},"featured_media":206173,"comment_status":"open","ping_status":"closed","template":"","meta":[],"product_brand":[],"product_cat":[1079,1222],"product_tag":[],"class_list":{"0":"post-206172","1":"product","2":"type-product","3":"status-publish","4":"has-post-thumbnail","6":"product_cat-jagd-spitzen","7":"product_cat-sonderangebote","9":"first","10":"instock","11":"sale","12":"taxable","13":"shipping-taxable","14":"purchasable","15":"product-type-variable"},"composite_virtual":false,"composite_layout":"","composite_add_to_cart_form_location":"","composite_editable_in_cart":false,"composite_sold_individually_context":"","composite_shop_price_calc":"","composite_components":[],"composite_scenarios":[],"group_of_quantity":0,"min_quantity":0,"max_quantity":"","exclude_order_quantity_value_rules":"no","exclude_category_quantity_rules":"no","combine_variations":"no","exclude_global_add_ons":[],"addons":[],"_links":{"self":[{"href":"https:\/\/www.huntersfriend.eu\/de\/wp-json\/wp\/v2\/product\/206172","targetHints":{"allow":["GET"]}}],"collection":[{"href":"https:\/\/www.huntersfriend.eu\/de\/wp-json\/wp\/v2\/product"}],"about":[{"href":"https:\/\/www.huntersfriend.eu\/de\/wp-json\/wp\/v2\/types\/product"}],"replies":[{"embeddable":true,"href":"https:\/\/www.huntersfriend.eu\/de\/wp-json\/wp\/v2\/comments?post=206172"}],"wp:featuredmedia":[{"embeddable":true,"href":"https:\/\/www.huntersfriend.eu\/de\/wp-json\/wp\/v2\/media\/206173"}],"wp:attachment":[{"href":"https:\/\/www.huntersfriend.eu\/de\/wp-json\/wp\/v2\/media?parent=206172"}],"wp:term":[{"taxonomy":"product_brand","embeddable":true,"href":"https:\/\/www.huntersfriend.eu\/de\/wp-json\/wp\/v2\/product_brand?post=206172"},{"taxonomy":"product_cat","embeddable":true,"href":"https:\/\/www.huntersfriend.eu\/de\/wp-json\/wp\/v2\/product_cat?post=206172"},{"taxonomy":"product_tag","embeddable":true,"href":"https:\/\/www.huntersfriend.eu\/de\/wp-json\/wp\/v2\/product_tag?post=206172"}],"curies":[{"name":"wp","href":"https:\/\/api.w.org\/{rel}","templated":true}]}}