{"id":205842,"date":"2019-10-30T12:20:45","date_gmt":"2019-10-30T10:20:45","guid":{"rendered":"https:\/\/www.huntersfriend.eu\/product\/bondhus-torx-bogen-schlusselsatz\/"},"modified":"2025-09-02T09:06:11","modified_gmt":"2025-09-02T07:06:11","slug":"bondhus-torx-bogen-schlusselsatz","status":"publish","type":"product","link":"https:\/\/www.huntersfriend.eu\/de\/produkt\/bondhus-torx-bogen-schlusselsatz\/","title":{"rendered":"Bondhus Torx-Bogenschl\u00fcssel"},"content":{"rendered":"<p><span style=\"display: inline !important; float: none; background-color: #ffffff; color: #000000; font-family: 'Roboto',Arial,Helvetica,sans-serif; font-size: 16px; font-style: normal; font-variant: normal; font-weight: 400; letter-spacing: normal; orphans: 2; text-align: left; text-decoration: none; text-indent: 0px; text-transform: none; -webkit-text-stroke-width: 0px; white-space: normal; word-spacing: 0px;\">Viele neue B\u00f6gen ben\u00f6tigen diese Art von Werkzeug zum Einstellen von Modulen und Sehnenstoppern.<\/span><\/p>\n<p><span style=\"display: inline !important; float: none; background-color: #ffffff; color: #000000; font-family: 'Roboto',Arial,Helvetica,sans-serif; font-size: 16px; font-style: normal; font-variant: normal; font-weight: 400; letter-spacing: normal; orphans: 2; text-align: left; text-decoration: none; text-indent: 0px; text-transform: none; -webkit-text-stroke-width: 0px; white-space: normal; word-spacing: 0px;\">Bondhus 12632 GorillaGrip Star Tip Fold Up 8-teiliges Werkzeug. Farbcodiert. Mit ProGuard-Oberfl\u00e4che. Enth\u00e4lt die Gr\u00f6\u00dfen: T6 &#8211; T25   <\/span><\/p>\n","protected":false},"excerpt":{"rendered":"<p>TORX T6 &#8211; T25<\/p>\n","protected":false},"featured_media":211172,"comment_status":"open","ping_status":"closed","template":"","meta":[],"product_brand":[],"product_cat":[1254,1256],"product_tag":[],"class_list":{"0":"post-205842","1":"product","2":"type-product","3":"status-publish","4":"has-post-thumbnail","6":"product_cat-justage-werkzeuge","7":"product_cat-verschiedenes-bogenschiessen","9":"first","10":"instock","11":"taxable","12":"shipping-taxable","13":"purchasable","14":"product-type-simple"},"composite_virtual":false,"composite_layout":"","composite_add_to_cart_form_location":"","composite_editable_in_cart":false,"composite_sold_individually_context":"","composite_shop_price_calc":"","composite_components":[],"composite_scenarios":[],"group_of_quantity":0,"min_quantity":0,"max_quantity":"","exclude_order_quantity_value_rules":"no","exclude_category_quantity_rules":"no","combine_variations":"no","exclude_global_add_ons":[],"addons":[],"_links":{"self":[{"href":"https:\/\/www.huntersfriend.eu\/de\/wp-json\/wp\/v2\/product\/205842","targetHints":{"allow":["GET"]}}],"collection":[{"href":"https:\/\/www.huntersfriend.eu\/de\/wp-json\/wp\/v2\/product"}],"about":[{"href":"https:\/\/www.huntersfriend.eu\/de\/wp-json\/wp\/v2\/types\/product"}],"replies":[{"embeddable":true,"href":"https:\/\/www.huntersfriend.eu\/de\/wp-json\/wp\/v2\/comments?post=205842"}],"wp:featuredmedia":[{"embeddable":true,"href":"https:\/\/www.huntersfriend.eu\/de\/wp-json\/wp\/v2\/media\/211172"}],"wp:attachment":[{"href":"https:\/\/www.huntersfriend.eu\/de\/wp-json\/wp\/v2\/media?parent=205842"}],"wp:term":[{"taxonomy":"product_brand","embeddable":true,"href":"https:\/\/www.huntersfriend.eu\/de\/wp-json\/wp\/v2\/product_brand?post=205842"},{"taxonomy":"product_cat","embeddable":true,"href":"https:\/\/www.huntersfriend.eu\/de\/wp-json\/wp\/v2\/product_cat?post=205842"},{"taxonomy":"product_tag","embeddable":true,"href":"https:\/\/www.huntersfriend.eu\/de\/wp-json\/wp\/v2\/product_tag?post=205842"}],"curies":[{"name":"wp","href":"https:\/\/api.w.org\/{rel}","templated":true}]}}