{"id":205838,"date":"2018-12-21T08:24:42","date_gmt":"2018-12-21T06:24:42","guid":{"rendered":"https:\/\/www.huntersfriend.eu\/product\/bondhus-inbusschlussel\/"},"modified":"2026-03-30T13:08:20","modified_gmt":"2026-03-30T11:08:20","slug":"bondhus-inbusschlussel","status":"publish","type":"product","link":"https:\/\/www.huntersfriend.eu\/de\/produkt\/bondhus-inbusschlussel\/","title":{"rendered":"Bondhus Inbusschl\u00fcssel"},"content":{"rendered":"<ul>\n<li>Satz imperialer Inbusschl\u00fcssel (in Zoll).<\/li>\n<li>Beinhaltet Schl\u00fcsselgr\u00f6\u00dfen, die \u00fcblicherweise von Bogenherstellern verwendet werden.<\/li>\n<li>Kompaktes Design, ideal zur Aufbewahrung in einem K\u00f6cher.<\/li>\n<li>Langlebig.<\/li>\n<li>Einfacher Zugriff auf den gew\u00fcnschten Schl\u00fcssel. Der gro\u00dfe Satz umfasst folgende Schl\u00fcsselgr\u00f6\u00dfen: 5\/64, 3\/32, 7\/64, 1\/8, 9\/64, 5\/32, 3\/16, 7\/32, 1\/4.\n<p>Der kleine Satz umfasst folgende Schl\u00fcsselgr\u00f6\u00dfen: .050, 1\/16, 5\/64, 3\/32, 7\/64, 1\/8, 9\/64, 5\/32, 3\/16<\/li>\n<\/ul>\n","protected":false},"excerpt":{"rendered":"<p>Satz imperialer Inbusschl\u00fcssel (in Zoll). Beinhaltet Schl\u00fcsselgr\u00f6\u00dfen, die \u00fcblicherweise von Bogenherstellern verwendet werden. Kompaktes Design, ideal zur Aufbewahrung in einem K\u00f6cher. Langlebig. Einfacher Zugriff auf den gew\u00fcnschten Schl\u00fcssel. Der gro\u00dfe Satz umfasst folgende Schl\u00fcsselgr\u00f6\u00dfen: 5\/64, 3\/32, 7\/64, 1\/8, 9\/64, 5\/32, 3\/16, 7\/32, 1\/4. Der kleine Satz umfasst folgende Schl\u00fcsselgr\u00f6\u00dfen: .050, 1\/16, 5\/64, 3\/32, 7\/64, 1\/8, [&#8230;]\n","protected":false},"featured_media":205839,"comment_status":"open","ping_status":"closed","template":"","meta":[],"product_brand":[],"product_cat":[1254,1256],"product_tag":[],"class_list":{"0":"post-205838","1":"product","2":"type-product","3":"status-publish","4":"has-post-thumbnail","6":"product_cat-justage-werkzeuge","7":"product_cat-verschiedenes-bogenschiessen","9":"first","10":"instock","11":"taxable","12":"shipping-taxable","13":"purchasable","14":"product-type-variable"},"composite_virtual":false,"composite_layout":"","composite_add_to_cart_form_location":"","composite_editable_in_cart":false,"composite_sold_individually_context":"","composite_shop_price_calc":"","composite_components":[],"composite_scenarios":[],"group_of_quantity":0,"min_quantity":0,"max_quantity":"","exclude_order_quantity_value_rules":"no","exclude_category_quantity_rules":"no","combine_variations":"no","exclude_global_add_ons":[],"addons":[],"_links":{"self":[{"href":"https:\/\/www.huntersfriend.eu\/de\/wp-json\/wp\/v2\/product\/205838","targetHints":{"allow":["GET"]}}],"collection":[{"href":"https:\/\/www.huntersfriend.eu\/de\/wp-json\/wp\/v2\/product"}],"about":[{"href":"https:\/\/www.huntersfriend.eu\/de\/wp-json\/wp\/v2\/types\/product"}],"replies":[{"embeddable":true,"href":"https:\/\/www.huntersfriend.eu\/de\/wp-json\/wp\/v2\/comments?post=205838"}],"wp:featuredmedia":[{"embeddable":true,"href":"https:\/\/www.huntersfriend.eu\/de\/wp-json\/wp\/v2\/media\/205839"}],"wp:attachment":[{"href":"https:\/\/www.huntersfriend.eu\/de\/wp-json\/wp\/v2\/media?parent=205838"}],"wp:term":[{"taxonomy":"product_brand","embeddable":true,"href":"https:\/\/www.huntersfriend.eu\/de\/wp-json\/wp\/v2\/product_brand?post=205838"},{"taxonomy":"product_cat","embeddable":true,"href":"https:\/\/www.huntersfriend.eu\/de\/wp-json\/wp\/v2\/product_cat?post=205838"},{"taxonomy":"product_tag","embeddable":true,"href":"https:\/\/www.huntersfriend.eu\/de\/wp-json\/wp\/v2\/product_tag?post=205838"}],"curies":[{"name":"wp","href":"https:\/\/api.w.org\/{rel}","templated":true}]}}