{"id":205821,"date":"2021-04-14T23:41:09","date_gmt":"2021-04-14T21:41:09","guid":{"rendered":"https:\/\/www.huntersfriend.eu\/product\/bohning-pfeil-stripper\/"},"modified":"2026-01-02T13:21:25","modified_gmt":"2026-01-02T11:21:25","slug":"bohning-pfeil-stripper","status":"publish","type":"product","link":"https:\/\/www.huntersfriend.eu\/de\/produkt\/bohning-pfeil-stripper\/","title":{"rendered":"Bohning Arrow StripPro Pfeil-Abzieher"},"content":{"rendered":"<p>Aktualisiert im Jahr 2022! Neuer verbesserter Griff f\u00fcr besseren Halt und einfache Handhabung. <\/p>\n<p>Der Bohning Strip-Pro entfernt m\u00fchelos Befiederungen, Klebstoffreste und Wicklungen von Ihren Pfeilen. Er verf\u00fcgt \u00fcber einen Schnittwinkel, der sicher ist f\u00fcr Sch\u00e4fte aus Carbon, Aluminium und Fiberglas in allen Durchmessern. Der Griff l\u00e4sst sich zur Aufbewahrung zus\u00e4tzlicher Klingen \u00f6ffnen (zus\u00e4tzliche Klingen nicht enthalten).  <\/p>\n<p>Versuchen Sie nicht, einen Pfeil ohne das richtige Werkzeug abzuziehen, das k\u00f6nnte Sie teuer zu stehen kommen.<\/p>\n","protected":false},"excerpt":{"rendered":"<p>Aktualisiert im Jahr 2022! Neuer verbesserter Griff f\u00fcr besseren Halt und einfache Handhabung. Der Bohning Strip-Pro entfernt m\u00fchelos Befiederungen, Klebstoffreste und Wicklungen von Ihren Pfeilen. Er verf\u00fcgt \u00fcber einen Schnittwinkel, der sicher ist f\u00fcr Sch\u00e4fte aus Carbon, Aluminium und Fiberglas in allen Durchmessern. Der Griff l\u00e4sst sich zur Aufbewahrung zus\u00e4tzlicher Klingen \u00f6ffnen (zus\u00e4tzliche Klingen nicht [&#8230;]\n","protected":false},"featured_media":233930,"comment_status":"open","ping_status":"closed","template":"","meta":[],"product_brand":[],"product_cat":[2644,2656,1180,1255],"product_tag":[],"class_list":{"0":"post-205821","1":"product","2":"type-product","3":"status-publish","4":"has-post-thumbnail","6":"product_cat-andra-verktyg-for-pilbygge","7":"product_cat-verktyg-och-diverse-bagskytte","8":"product_cat-sonstige-pfeilbauwerkzeuge","9":"product_cat-werkzeuge-und-verschiedenes-bogenschiessen","11":"first","12":"instock","13":"taxable","14":"shipping-taxable","15":"purchasable","16":"product-type-simple"},"composite_virtual":false,"composite_layout":"","composite_add_to_cart_form_location":"","composite_editable_in_cart":false,"composite_sold_individually_context":"","composite_shop_price_calc":"","composite_components":[],"composite_scenarios":[],"group_of_quantity":0,"min_quantity":0,"max_quantity":"","exclude_order_quantity_value_rules":"no","exclude_category_quantity_rules":"no","combine_variations":"no","exclude_global_add_ons":[],"addons":[],"_links":{"self":[{"href":"https:\/\/www.huntersfriend.eu\/de\/wp-json\/wp\/v2\/product\/205821","targetHints":{"allow":["GET"]}}],"collection":[{"href":"https:\/\/www.huntersfriend.eu\/de\/wp-json\/wp\/v2\/product"}],"about":[{"href":"https:\/\/www.huntersfriend.eu\/de\/wp-json\/wp\/v2\/types\/product"}],"replies":[{"embeddable":true,"href":"https:\/\/www.huntersfriend.eu\/de\/wp-json\/wp\/v2\/comments?post=205821"}],"wp:featuredmedia":[{"embeddable":true,"href":"https:\/\/www.huntersfriend.eu\/de\/wp-json\/wp\/v2\/media\/233930"}],"wp:attachment":[{"href":"https:\/\/www.huntersfriend.eu\/de\/wp-json\/wp\/v2\/media?parent=205821"}],"wp:term":[{"taxonomy":"product_brand","embeddable":true,"href":"https:\/\/www.huntersfriend.eu\/de\/wp-json\/wp\/v2\/product_brand?post=205821"},{"taxonomy":"product_cat","embeddable":true,"href":"https:\/\/www.huntersfriend.eu\/de\/wp-json\/wp\/v2\/product_cat?post=205821"},{"taxonomy":"product_tag","embeddable":true,"href":"https:\/\/www.huntersfriend.eu\/de\/wp-json\/wp\/v2\/product_tag?post=205821"}],"curies":[{"name":"wp","href":"https:\/\/api.w.org\/{rel}","templated":true}]}}