{"id":205743,"date":"2018-11-20T08:42:43","date_gmt":"2018-11-20T06:42:43","guid":{"rendered":"https:\/\/www.huntersfriend.eu\/product\/hawk-claw-hanging-hooks-2pc\/"},"modified":"2026-03-26T13:44:06","modified_gmt":"2026-03-26T11:44:06","slug":"hawk-claw-hanging-hooks-2pc","status":"publish","type":"product","link":"https:\/\/www.huntersfriend.eu\/de\/produkt\/hawk-claw-hanging-hooks-2pc\/","title":{"rendered":"Falkenklauenf\u00f6rmige Aufh\u00e4ngehaken (2 St\u00fcck)"},"content":{"rendered":"<p><strong><em>DUALE SCHWENKBARE ORGANISATION <\/em><br \/>\n<\/strong>Befreien Sie Ihre H\u00e4nde und JAGEN SIE INTELLIGENTER. Die dualen Klauenhaken sind robust genug, um bis zu 4,5 kg Ausr\u00fcstung zu tragen und drehen sich lautlos in die perfekte Position. Beladen Sie diese \u00e4u\u00dferst praktischen Haken mit all Ihrer Ausr\u00fcstung \u2013 Jagdrufe, Geweihimitate, Ferngl\u00e4ser, Entfernungsmesser usw. und genie\u00dfen Sie eine unbeschwerte Jagd!   <\/p>\n<p><strong>&#8211; UNIVERSELLE PASSFORM<\/strong> Befestigung in nahezu jedem Winkel m\u00f6glich; schwenkbar in alle Richtungen.<\/p>\n<p><strong>&#8211; EINFACHE BEFESTIGUNG <\/strong>Hochwertige Gurte sind f\u00fcr alle Situationen vollst\u00e4ndig anpassbar<\/p>\n<p><strong>&#8211; SICHERE HAKEN <\/strong>Tiefe U-f\u00f6rmige Haken halten die Ausr\u00fcstung sicher<\/p>\n<ul>\n<li>4,5 kg Tragf\u00e4higkeit pro St\u00fcck<\/li>\n<li>Einfach am Rucksack aufzuh\u00e4ngen<\/li>\n<\/ul>\n","protected":false},"excerpt":{"rendered":"<p>DUALE SCHWENKBARE ORGANISATION Befreien Sie Ihre H\u00e4nde und JAGEN SIE INTELLIGENTER. Die dualen Klauenhaken sind robust genug, um bis zu 4,5 kg Ausr\u00fcstung zu tragen und drehen sich lautlos in die perfekte Position. Beladen Sie diese \u00e4u\u00dferst praktischen Haken mit all Ihrer Ausr\u00fcstung \u2013 Jagdrufe, Geweihimitate, Ferngl\u00e4ser, Entfernungsmesser usw. und genie\u00dfen Sie eine unbeschwerte Jagd! [&#8230;]\n","protected":false},"featured_media":208555,"comment_status":"open","ping_status":"closed","template":"","meta":[],"product_brand":[],"product_cat":[2563,843],"product_tag":[],"class_list":{"0":"post-205743","1":"product","2":"type-product","3":"status-publish","4":"has-post-thumbnail","6":"product_cat-tillbehor-for-jakt-torn-och-gomslen","7":"product_cat-treestand-and-blind-accessories","9":"first","10":"instock","11":"taxable","12":"shipping-taxable","13":"purchasable","14":"product-type-simple"},"composite_virtual":false,"composite_layout":"","composite_add_to_cart_form_location":"","composite_editable_in_cart":false,"composite_sold_individually_context":"","composite_shop_price_calc":"","composite_components":[],"composite_scenarios":[],"group_of_quantity":0,"min_quantity":0,"max_quantity":"","exclude_order_quantity_value_rules":"no","exclude_category_quantity_rules":"no","combine_variations":"no","exclude_global_add_ons":[],"addons":[],"_links":{"self":[{"href":"https:\/\/www.huntersfriend.eu\/de\/wp-json\/wp\/v2\/product\/205743","targetHints":{"allow":["GET"]}}],"collection":[{"href":"https:\/\/www.huntersfriend.eu\/de\/wp-json\/wp\/v2\/product"}],"about":[{"href":"https:\/\/www.huntersfriend.eu\/de\/wp-json\/wp\/v2\/types\/product"}],"replies":[{"embeddable":true,"href":"https:\/\/www.huntersfriend.eu\/de\/wp-json\/wp\/v2\/comments?post=205743"}],"wp:featuredmedia":[{"embeddable":true,"href":"https:\/\/www.huntersfriend.eu\/de\/wp-json\/wp\/v2\/media\/208555"}],"wp:attachment":[{"href":"https:\/\/www.huntersfriend.eu\/de\/wp-json\/wp\/v2\/media?parent=205743"}],"wp:term":[{"taxonomy":"product_brand","embeddable":true,"href":"https:\/\/www.huntersfriend.eu\/de\/wp-json\/wp\/v2\/product_brand?post=205743"},{"taxonomy":"product_cat","embeddable":true,"href":"https:\/\/www.huntersfriend.eu\/de\/wp-json\/wp\/v2\/product_cat?post=205743"},{"taxonomy":"product_tag","embeddable":true,"href":"https:\/\/www.huntersfriend.eu\/de\/wp-json\/wp\/v2\/product_tag?post=205743"}],"curies":[{"name":"wp","href":"https:\/\/api.w.org\/{rel}","templated":true}]}}