{"id":205718,"date":"2018-11-20T08:42:45","date_gmt":"2018-11-20T06:42:45","guid":{"rendered":"https:\/\/www.huntersfriend.eu\/product\/hawk-jaw-hook-hubseil\/"},"modified":"2025-08-27T14:10:15","modified_gmt":"2025-08-27T12:10:15","slug":"hawk-jaw-hook-hubseil","status":"publish","type":"product","link":"https:\/\/www.huntersfriend.eu\/de\/produkt\/hawk-jaw-hook-hubseil\/","title":{"rendered":"Greifhaken-Seilzug"},"content":{"rendered":"<p><strong>KEIN KARABINER &#8211; KEIN \u00c4RGER SEIL<\/strong><\/p>\n<p><strong>&#8211; EINFACH ZU BEFESTIGENDER GREIFHAKEN <\/strong>Verwendbar an Bogenarmen, Rucks\u00e4cken &amp; vielem mehr<\/p>\n<p><strong>&#8211; REFLEKTIERENDES SEIL <\/strong>Sichtbarkeit bei schlechten Lichtverh\u00e4ltnissen<\/p>\n<p><strong>&#8211; GUMMIBESCHICHTETER HAKEN<\/strong> gro\u00df, ger\u00e4uschlos &amp; einfach zu bedienen<\/p>\n<p><strong>&#8211; WITTERUNGSBEST\u00c4NDIG<\/strong> robustes geflochtenes Polyseil<\/p>\n<ul>\n<li>75 LBS Tragf\u00e4higkeit<\/li>\n<li>35&#8242; L\u00e4nge<\/li>\n<\/ul>\n<p>Oftmals sind einfache Produkte die besten. Der GREIFHAKEN-Seilzug bildet hierbei keine Ausnahme. Robust, unkompliziert und ger\u00e4uschlos. Der gummibeschichtete GREIFHAKEN ist darauf ausgelegt, sich lautlos an den meisten Waffen und Ausr\u00fcstungsgegenst\u00e4nden zu befestigen, die in einem Hochsitz verwendet werden, ohne den \u00c4rger, kleine Clips oder Karabiner mit Jagdhandschuhen handhaben zu m\u00fcssen! Die einzigartige dreieckige Form des GREIFHAKENS bleibt sicher an der Ausr\u00fcstung befestigt, bis Sie ihn entfernen. Das reflektierende geflochtene Seil und der reflektierende Streifen am Haken erleichtern das Auffinden und die Verwendung im Dunkeln.     <\/p>\n","protected":false},"excerpt":{"rendered":"<p>KEIN KARABINER &#8211; KEIN \u00c4RGER SEIL &#8211; EINFACH ZU BEFESTIGENDER GREIFHAKEN Verwendbar an Bogenarmen, Rucks\u00e4cken &amp; vielem mehr &#8211; REFLEKTIERENDES SEIL Sichtbarkeit bei schlechten Lichtverh\u00e4ltnissen &#8211; GUMMIBESCHICHTETER HAKEN gro\u00df, ger\u00e4uschlos &amp; einfach zu bedienen &#8211; WITTERUNGSBEST\u00c4NDIG robustes geflochtenes Polyseil 75 LBS Tragf\u00e4higkeit 35&#8242; L\u00e4nge Oftmals sind einfache Produkte die besten. Der GREIFHAKEN-Seilzug bildet hierbei keine [&#8230;]\n","protected":false},"featured_media":221836,"comment_status":"open","ping_status":"closed","template":"","meta":[],"product_brand":[],"product_cat":[1171],"product_tag":[],"class_list":{"0":"post-205718","1":"product","2":"type-product","3":"status-publish","4":"has-post-thumbnail","6":"product_cat-sitz-und-schirm-zubehoer","8":"first","9":"instock","10":"taxable","11":"shipping-taxable","12":"purchasable","13":"product-type-simple"},"composite_virtual":false,"composite_layout":"","composite_add_to_cart_form_location":"","composite_editable_in_cart":false,"composite_sold_individually_context":"","composite_shop_price_calc":"","composite_components":[],"composite_scenarios":[],"group_of_quantity":0,"min_quantity":0,"max_quantity":"","exclude_order_quantity_value_rules":"no","exclude_category_quantity_rules":"no","combine_variations":"no","exclude_global_add_ons":[],"addons":[],"_links":{"self":[{"href":"https:\/\/www.huntersfriend.eu\/de\/wp-json\/wp\/v2\/product\/205718","targetHints":{"allow":["GET"]}}],"collection":[{"href":"https:\/\/www.huntersfriend.eu\/de\/wp-json\/wp\/v2\/product"}],"about":[{"href":"https:\/\/www.huntersfriend.eu\/de\/wp-json\/wp\/v2\/types\/product"}],"replies":[{"embeddable":true,"href":"https:\/\/www.huntersfriend.eu\/de\/wp-json\/wp\/v2\/comments?post=205718"}],"wp:featuredmedia":[{"embeddable":true,"href":"https:\/\/www.huntersfriend.eu\/de\/wp-json\/wp\/v2\/media\/221836"}],"wp:attachment":[{"href":"https:\/\/www.huntersfriend.eu\/de\/wp-json\/wp\/v2\/media?parent=205718"}],"wp:term":[{"taxonomy":"product_brand","embeddable":true,"href":"https:\/\/www.huntersfriend.eu\/de\/wp-json\/wp\/v2\/product_brand?post=205718"},{"taxonomy":"product_cat","embeddable":true,"href":"https:\/\/www.huntersfriend.eu\/de\/wp-json\/wp\/v2\/product_cat?post=205718"},{"taxonomy":"product_tag","embeddable":true,"href":"https:\/\/www.huntersfriend.eu\/de\/wp-json\/wp\/v2\/product_tag?post=205718"}],"curies":[{"name":"wp","href":"https:\/\/api.w.org\/{rel}","templated":true}]}}