{"id":205717,"date":"2020-06-23T14:20:30","date_gmt":"2020-06-23T12:20:30","guid":{"rendered":"https:\/\/www.huntersfriend.eu\/product\/hawk-ergo-ultimatiever-sumpfsitz\/"},"modified":"2024-08-23T14:05:51","modified_gmt":"2024-08-23T12:05:51","slug":"hawk-ergo-ultimatiever-sumpfsitz","status":"publish","type":"product","link":"https:\/\/www.huntersfriend.eu\/de\/produkt\/hawk-ergo-ultimatiever-sumpfsitz\/","title":{"rendered":"Hawk Ergo ultimatiever Sumpfsitz"},"content":{"rendered":"<p>Der ultimative Wasserwildstuhl! Der HAWK Ergo Sumpfsitz bietet ein ergonomisches Design f\u00fcr ein neues Ma\u00df an Komfort beim Warten im Sumpf oder auf weichem Untergrund. Die FlexComfort-Technologie biegt sich und passt sich Ihrer K\u00f6rpergr\u00f6\u00dfe an, um die Wirbels\u00e4ule und den unteren R\u00fccken zu unterst\u00fctzen. Ein felsenfester und stabiler Sitz wird durch ausklappbare seitliche Schlammst\u00fctzen geschaffen. Die Sitzh\u00f6he kann nach oben und unten verstellt werden, um noch mehr individuellen Komfort im Einsatz zu bieten. Links\/rechts drehbar und mit verstellbarer Trageschlaufe.<\/p>\n<p><strong>ERGO FLEXCOMFORT<\/strong><br \/>Passt sich der K\u00f6rperform und -gr\u00f6\u00dfe an und sorgt f\u00fcr eine druckfreie Unterst\u00fctzung und Ausrichtung der Wirbels\u00e4ule\/des unteren R\u00fcckens.<\/p>\n<p><strong>STABILE UNTERST\u00dcTZUNG<\/strong><br \/>Ausklappbare seitliche Schmutzf\u00e4nger bieten mehr Auflagefl\u00e4che f\u00fcr mehr Balance.<\/p>\n<p><strong>LINKS UND RECHTS DREHBAR<\/strong><br \/>Der Sitz ist f\u00fcr verschiedene Schusswinkel drehbar.<\/p>\n<p><strong>EINSTELLBARE H\u00d6HE<\/strong><br \/>Individuelle H\u00f6heneinstellung f\u00fcr alle Benutzergr\u00f6\u00dfen.<\/p>\n<p><strong>TRAGESCHLAUFE<\/strong><br \/>Inklusive verstellbarem Tragegurt f\u00fcr den Transport.<\/p>\n","protected":false},"excerpt":{"rendered":"<p><strong>Achtung! Online-Bestellungen sind auf zwei St\u00fcck pro Bestellung begrenzt. Bei gr\u00f6\u00dferen Mengen wenden Sie sich bitte direkt an den Kundenservice, um die Lieferkosten zu erfragen<\/strong><\/p>\n","protected":false},"featured_media":210694,"comment_status":"open","ping_status":"closed","template":"","meta":[],"product_brand":[],"product_cat":[1364],"product_tag":[],"class_list":{"0":"post-205717","1":"product","2":"type-product","3":"status-publish","4":"has-post-thumbnail","6":"product_cat-blind-sitz","7":"product_shipping_class-big-de","9":"first","10":"onbackorder","11":"taxable","12":"shipping-taxable","13":"purchasable","14":"product-type-simple"},"composite_virtual":false,"composite_layout":"","composite_add_to_cart_form_location":"","composite_editable_in_cart":false,"composite_sold_individually_context":"","composite_shop_price_calc":"","composite_components":[],"composite_scenarios":[],"group_of_quantity":0,"min_quantity":0,"max_quantity":"","exclude_order_quantity_value_rules":"no","exclude_category_quantity_rules":"no","combine_variations":"no","exclude_global_add_ons":[],"addons":[],"_links":{"self":[{"href":"https:\/\/www.huntersfriend.eu\/de\/wp-json\/wp\/v2\/product\/205717","targetHints":{"allow":["GET"]}}],"collection":[{"href":"https:\/\/www.huntersfriend.eu\/de\/wp-json\/wp\/v2\/product"}],"about":[{"href":"https:\/\/www.huntersfriend.eu\/de\/wp-json\/wp\/v2\/types\/product"}],"replies":[{"embeddable":true,"href":"https:\/\/www.huntersfriend.eu\/de\/wp-json\/wp\/v2\/comments?post=205717"}],"wp:featuredmedia":[{"embeddable":true,"href":"https:\/\/www.huntersfriend.eu\/de\/wp-json\/wp\/v2\/media\/210694"}],"wp:attachment":[{"href":"https:\/\/www.huntersfriend.eu\/de\/wp-json\/wp\/v2\/media?parent=205717"}],"wp:term":[{"taxonomy":"product_brand","embeddable":true,"href":"https:\/\/www.huntersfriend.eu\/de\/wp-json\/wp\/v2\/product_brand?post=205717"},{"taxonomy":"product_cat","embeddable":true,"href":"https:\/\/www.huntersfriend.eu\/de\/wp-json\/wp\/v2\/product_cat?post=205717"},{"taxonomy":"product_tag","embeddable":true,"href":"https:\/\/www.huntersfriend.eu\/de\/wp-json\/wp\/v2\/product_tag?post=205717"}],"curies":[{"name":"wp","href":"https:\/\/api.w.org\/{rel}","templated":true}]}}