{"id":205658,"date":"2018-12-21T08:44:03","date_gmt":"2018-12-21T06:44:03","guid":{"rendered":"https:\/\/www.huntersfriend.eu\/product\/black-eagle-standard-nocken\/"},"modified":"2025-08-27T14:12:05","modified_gmt":"2025-08-27T12:12:05","slug":"black-eagle-standard-nocken","status":"publish","type":"product","link":"https:\/\/www.huntersfriend.eu\/de\/produkt\/black-eagle-standard-nocken\/","title":{"rendered":"Black Eagle Standard-Nocken"},"content":{"rendered":"<table border=\"0\" width=\"555\" cellspacing=\"0\" cellpadding=\"0\">\n<tbody>\n<tr>\n<td height=\"20\"><\/td>\n<td class=\"xl65\">Direkte Passform f\u00fcr Black Eagle Carnivore, Zombie Slayer &amp; Outlaw Sch\u00e4fte sowie Black Eagle Standard-Nockbuchsen.<\/td>\n<\/tr>\n<\/tbody>\n<\/table>\n<ul>\n<li>Einfach zu installieren dank eines unkomplizierten Steckdesigns.<\/li>\n<li>Der Grat unterst\u00fctzt eine konsistente Nockrotation am Pfeil.<\/li>\n<li>Mit engen Toleranzen gefertigt f\u00fcr erh\u00f6hte Konsistenz.<\/li>\n<li>In verschiedenen Farben erh\u00e4ltlich.<\/li>\n<\/ul>\n","protected":false},"excerpt":{"rendered":"<p>Direkte Passform f\u00fcr Black Eagle Carnivore, Zombie Slayer &amp; Outlaw Sch\u00e4fte sowie Black Eagle Standard-Nockbuchsen. Einfach zu installieren dank eines unkomplizierten Steckdesigns. Der Grat unterst\u00fctzt eine konsistente Nockrotation am Pfeil. Mit engen Toleranzen gefertigt f\u00fcr erh\u00f6hte Konsistenz. In verschiedenen Farben erh\u00e4ltlich.<\/p>\n","protected":false},"featured_media":59461,"comment_status":"open","ping_status":"open","template":"","meta":[],"product_brand":[],"product_cat":[1098],"product_tag":[],"class_list":{"0":"post-205658","1":"product","2":"type-product","3":"status-publish","4":"has-post-thumbnail","6":"product_cat-nocken-und-inserts","8":"first","9":"instock","10":"taxable","11":"shipping-taxable","12":"purchasable","13":"product-type-variable"},"composite_virtual":false,"composite_layout":"","composite_add_to_cart_form_location":"","composite_editable_in_cart":false,"composite_sold_individually_context":"","composite_shop_price_calc":"","composite_components":[],"composite_scenarios":[],"group_of_quantity":0,"min_quantity":0,"max_quantity":"","exclude_order_quantity_value_rules":"no","exclude_category_quantity_rules":"no","combine_variations":"no","exclude_global_add_ons":[],"addons":[],"_links":{"self":[{"href":"https:\/\/www.huntersfriend.eu\/de\/wp-json\/wp\/v2\/product\/205658","targetHints":{"allow":["GET"]}}],"collection":[{"href":"https:\/\/www.huntersfriend.eu\/de\/wp-json\/wp\/v2\/product"}],"about":[{"href":"https:\/\/www.huntersfriend.eu\/de\/wp-json\/wp\/v2\/types\/product"}],"replies":[{"embeddable":true,"href":"https:\/\/www.huntersfriend.eu\/de\/wp-json\/wp\/v2\/comments?post=205658"}],"wp:featuredmedia":[{"embeddable":true,"href":"https:\/\/www.huntersfriend.eu\/de\/wp-json\/wp\/v2\/media\/59461"}],"wp:attachment":[{"href":"https:\/\/www.huntersfriend.eu\/de\/wp-json\/wp\/v2\/media?parent=205658"}],"wp:term":[{"taxonomy":"product_brand","embeddable":true,"href":"https:\/\/www.huntersfriend.eu\/de\/wp-json\/wp\/v2\/product_brand?post=205658"},{"taxonomy":"product_cat","embeddable":true,"href":"https:\/\/www.huntersfriend.eu\/de\/wp-json\/wp\/v2\/product_cat?post=205658"},{"taxonomy":"product_tag","embeddable":true,"href":"https:\/\/www.huntersfriend.eu\/de\/wp-json\/wp\/v2\/product_tag?post=205658"}],"curies":[{"name":"wp","href":"https:\/\/api.w.org\/{rel}","templated":true}]}}