{"id":205633,"date":"2018-11-19T14:23:04","date_gmt":"2018-11-19T12:23:04","guid":{"rendered":"https:\/\/www.huntersfriend.eu\/product\/easton-microlite-insert\/"},"modified":"2025-06-23T10:23:38","modified_gmt":"2025-06-23T08:23:38","slug":"easton-microlite-insert","status":"publish","type":"product","link":"https:\/\/www.huntersfriend.eu\/de\/produkt\/easton-microlite-insert\/","title":{"rendered":"Easton Microlite-Einsatz"},"content":{"rendered":"<p>Easton Eins\u00e4tze Microlite CB &#8211; F\u00fcr Easton Flatline-Sch\u00e4fte<\/p>\n","protected":false},"excerpt":{"rendered":"<p>Flatline 1 St\u00fcck<\/p>\n","protected":false},"featured_media":210995,"comment_status":"open","ping_status":"closed","template":"","meta":[],"product_brand":[],"product_cat":[1098],"product_tag":[],"class_list":{"0":"post-205633","1":"product","2":"type-product","3":"status-publish","4":"has-post-thumbnail","6":"product_cat-nocken-und-inserts","8":"first","9":"instock","10":"taxable","11":"shipping-taxable","12":"purchasable","13":"product-type-simple"},"composite_virtual":false,"composite_layout":"","composite_add_to_cart_form_location":"","composite_editable_in_cart":false,"composite_sold_individually_context":"","composite_shop_price_calc":"","composite_components":[],"composite_scenarios":[],"group_of_quantity":0,"min_quantity":0,"max_quantity":"","exclude_order_quantity_value_rules":"no","exclude_category_quantity_rules":"no","combine_variations":"no","exclude_global_add_ons":[],"addons":[],"_links":{"self":[{"href":"https:\/\/www.huntersfriend.eu\/de\/wp-json\/wp\/v2\/product\/205633","targetHints":{"allow":["GET"]}}],"collection":[{"href":"https:\/\/www.huntersfriend.eu\/de\/wp-json\/wp\/v2\/product"}],"about":[{"href":"https:\/\/www.huntersfriend.eu\/de\/wp-json\/wp\/v2\/types\/product"}],"replies":[{"embeddable":true,"href":"https:\/\/www.huntersfriend.eu\/de\/wp-json\/wp\/v2\/comments?post=205633"}],"wp:featuredmedia":[{"embeddable":true,"href":"https:\/\/www.huntersfriend.eu\/de\/wp-json\/wp\/v2\/media\/210995"}],"wp:attachment":[{"href":"https:\/\/www.huntersfriend.eu\/de\/wp-json\/wp\/v2\/media?parent=205633"}],"wp:term":[{"taxonomy":"product_brand","embeddable":true,"href":"https:\/\/www.huntersfriend.eu\/de\/wp-json\/wp\/v2\/product_brand?post=205633"},{"taxonomy":"product_cat","embeddable":true,"href":"https:\/\/www.huntersfriend.eu\/de\/wp-json\/wp\/v2\/product_cat?post=205633"},{"taxonomy":"product_tag","embeddable":true,"href":"https:\/\/www.huntersfriend.eu\/de\/wp-json\/wp\/v2\/product_tag?post=205633"}],"curies":[{"name":"wp","href":"https:\/\/api.w.org\/{rel}","templated":true}]}}