{"id":205510,"date":"2019-06-11T14:20:16","date_gmt":"2019-06-11T12:20:16","guid":{"rendered":"https:\/\/www.huntersfriend.eu\/product\/papierauflage-world-archery-feld\/"},"modified":"2025-08-27T14:13:45","modified_gmt":"2025-08-27T12:13:45","slug":"papierauflage-world-archery-feld","status":"publish","type":"product","link":"https:\/\/www.huntersfriend.eu\/de\/produkt\/papierauflage-world-archery-feld\/","title":{"rendered":"Papier-Zielscheibe &#8211; World Archery Feldbogenschie\u00dfen"},"content":{"rendered":"<ul>\n<li>Verst\u00e4rktes Papier f\u00fcr eine l\u00e4ngere Nutzungsdauer.<\/li>\n<li>F\u00fcr FITA\/WA-Feldrunden.<\/li>\n<li>6 Wertungszonen.<\/li>\n<li>F\u00fcr Turniereinsatz zugelassen.<\/li>\n<li>Einzelspotscheibengr\u00f6\u00dfe.<\/li>\n<\/ul>\n","protected":false},"excerpt":{"rendered":"<p>1 St\u00fcck 60 cm WA Feldscheibe<\/p>\n","protected":false},"featured_media":40350,"comment_status":"open","ping_status":"closed","template":"","meta":[],"product_brand":[],"product_cat":[1160],"product_tag":[],"class_list":{"0":"post-205510","1":"product","2":"type-product","3":"status-publish","4":"has-post-thumbnail","6":"product_cat-fita-und-wa-auflagen","8":"first","9":"instock","10":"taxable","11":"shipping-taxable","12":"purchasable","13":"product-type-variable"},"composite_virtual":false,"composite_layout":"","composite_add_to_cart_form_location":"","composite_editable_in_cart":false,"composite_sold_individually_context":"","composite_shop_price_calc":"","composite_components":[],"composite_scenarios":[],"group_of_quantity":0,"min_quantity":0,"max_quantity":"","exclude_order_quantity_value_rules":"no","exclude_category_quantity_rules":"no","combine_variations":"no","exclude_global_add_ons":[],"addons":[],"_links":{"self":[{"href":"https:\/\/www.huntersfriend.eu\/de\/wp-json\/wp\/v2\/product\/205510","targetHints":{"allow":["GET"]}}],"collection":[{"href":"https:\/\/www.huntersfriend.eu\/de\/wp-json\/wp\/v2\/product"}],"about":[{"href":"https:\/\/www.huntersfriend.eu\/de\/wp-json\/wp\/v2\/types\/product"}],"replies":[{"embeddable":true,"href":"https:\/\/www.huntersfriend.eu\/de\/wp-json\/wp\/v2\/comments?post=205510"}],"wp:featuredmedia":[{"embeddable":true,"href":"https:\/\/www.huntersfriend.eu\/de\/wp-json\/wp\/v2\/media\/40350"}],"wp:attachment":[{"href":"https:\/\/www.huntersfriend.eu\/de\/wp-json\/wp\/v2\/media?parent=205510"}],"wp:term":[{"taxonomy":"product_brand","embeddable":true,"href":"https:\/\/www.huntersfriend.eu\/de\/wp-json\/wp\/v2\/product_brand?post=205510"},{"taxonomy":"product_cat","embeddable":true,"href":"https:\/\/www.huntersfriend.eu\/de\/wp-json\/wp\/v2\/product_cat?post=205510"},{"taxonomy":"product_tag","embeddable":true,"href":"https:\/\/www.huntersfriend.eu\/de\/wp-json\/wp\/v2\/product_tag?post=205510"}],"curies":[{"name":"wp","href":"https:\/\/api.w.org\/{rel}","templated":true}]}}