{"id":205479,"date":"2018-11-19T14:19:20","date_gmt":"2018-11-19T12:19:20","guid":{"rendered":"https:\/\/www.huntersfriend.eu\/product\/jvd-papierauflage-60-cm-fita\/"},"modified":"2025-08-27T14:08:36","modified_gmt":"2025-08-27T12:08:36","slug":"jvd-papierauflage-60-cm-fita","status":"publish","type":"product","link":"https:\/\/www.huntersfriend.eu\/de\/produkt\/jvd-papierauflage-60-cm-fita\/","title":{"rendered":"JVD Papierscheibe &#8211; 60 cm FITA"},"content":{"rendered":"<p>Verst\u00e4rkte Papierscheibenoberfl\u00e4che von JVD.<\/p>\n<p><strong>Hauptmerkmale:<\/strong><\/p>\n<ul>\n<li>Verst\u00e4rktes Papier f\u00fcr eine l\u00e4ngere Nutzungsdauer.<\/li>\n<li>Wertungszonen von 1 bis 10.<\/li>\n<li>Innerer 10er\/X-Ring &#8211; geeignet f\u00fcr alle Bogendisziplinen.<\/li>\n<li>60 cm, Einzelspotgr\u00f6\u00dfe.<\/li>\n<li>Wie bei FITA-Hallenrunden verwendet.<\/li>\n<\/ul>\n","protected":false},"excerpt":{"rendered":"<p>1 St\u00fcck 60 cm FITA<\/p>\n","protected":false},"featured_media":210534,"comment_status":"open","ping_status":"closed","template":"","meta":[],"product_brand":[],"product_cat":[1160],"product_tag":[],"class_list":{"0":"post-205479","1":"product","2":"type-product","3":"status-publish","4":"has-post-thumbnail","6":"product_cat-fita-und-wa-auflagen","8":"first","9":"instock","10":"taxable","11":"shipping-taxable","12":"purchasable","13":"product-type-simple"},"composite_virtual":false,"composite_layout":"","composite_add_to_cart_form_location":"","composite_editable_in_cart":false,"composite_sold_individually_context":"","composite_shop_price_calc":"","composite_components":[],"composite_scenarios":[],"group_of_quantity":0,"min_quantity":0,"max_quantity":"","exclude_order_quantity_value_rules":"no","exclude_category_quantity_rules":"no","combine_variations":"no","exclude_global_add_ons":[],"addons":[],"_links":{"self":[{"href":"https:\/\/www.huntersfriend.eu\/de\/wp-json\/wp\/v2\/product\/205479","targetHints":{"allow":["GET"]}}],"collection":[{"href":"https:\/\/www.huntersfriend.eu\/de\/wp-json\/wp\/v2\/product"}],"about":[{"href":"https:\/\/www.huntersfriend.eu\/de\/wp-json\/wp\/v2\/types\/product"}],"replies":[{"embeddable":true,"href":"https:\/\/www.huntersfriend.eu\/de\/wp-json\/wp\/v2\/comments?post=205479"}],"wp:featuredmedia":[{"embeddable":true,"href":"https:\/\/www.huntersfriend.eu\/de\/wp-json\/wp\/v2\/media\/210534"}],"wp:attachment":[{"href":"https:\/\/www.huntersfriend.eu\/de\/wp-json\/wp\/v2\/media?parent=205479"}],"wp:term":[{"taxonomy":"product_brand","embeddable":true,"href":"https:\/\/www.huntersfriend.eu\/de\/wp-json\/wp\/v2\/product_brand?post=205479"},{"taxonomy":"product_cat","embeddable":true,"href":"https:\/\/www.huntersfriend.eu\/de\/wp-json\/wp\/v2\/product_cat?post=205479"},{"taxonomy":"product_tag","embeddable":true,"href":"https:\/\/www.huntersfriend.eu\/de\/wp-json\/wp\/v2\/product_tag?post=205479"}],"curies":[{"name":"wp","href":"https:\/\/api.w.org\/{rel}","templated":true}]}}