{"id":205313,"date":"2018-11-19T14:19:23","date_gmt":"2018-11-19T12:19:23","guid":{"rendered":"https:\/\/www.huntersfriend.eu\/product\/jvd-papierauflage-ente\/"},"modified":"2026-04-30T10:01:25","modified_gmt":"2026-04-30T08:01:25","slug":"jvd-papierauflage-ente","status":"publish","type":"product","link":"https:\/\/www.huntersfriend.eu\/de\/produkt\/jvd-papierauflage-ente\/","title":{"rendered":"JVD Papierschie\u00dfscheibe &#8211; Ente"},"content":{"rendered":"<p><strong>Hauptmerkmale:<\/strong><\/p>\n<ul>\n<li>Strapazierf\u00e4higes Papierdesign.<\/li>\n<li>Geeignet f\u00fcr IFAA-Tierrunden.<\/li>\n<li>Verf\u00fcgt \u00fcber drei Wertungszonen &#8211; Wundbereich, T\u00f6tungsbereich und innerer T\u00f6tungsbereich.<\/li>\n<li>Realistische nat\u00fcrliche Hintergrundgestaltung.<\/li>\n<\/ul>\n<p><strong>Abmessungen:<\/strong> 50 x 40 cm.<\/p>\n","protected":false},"excerpt":{"rendered":"<p>1 St\u00fcck<\/p>\n","protected":false},"featured_media":210558,"comment_status":"open","ping_status":"closed","template":"","meta":[],"product_brand":[],"product_cat":[1159],"product_tag":[],"class_list":{"0":"post-205313","1":"product","2":"type-product","3":"status-publish","4":"has-post-thumbnail","6":"product_cat-tier-auflagen","8":"first","9":"instock","10":"taxable","11":"shipping-taxable","12":"purchasable","13":"product-type-simple"},"composite_virtual":false,"composite_layout":"","composite_add_to_cart_form_location":"","composite_editable_in_cart":false,"composite_sold_individually_context":"","composite_shop_price_calc":"","composite_components":[],"composite_scenarios":[],"group_of_quantity":0,"min_quantity":0,"max_quantity":"","exclude_order_quantity_value_rules":"no","exclude_category_quantity_rules":"no","combine_variations":"no","exclude_global_add_ons":[],"addons":[],"_links":{"self":[{"href":"https:\/\/www.huntersfriend.eu\/de\/wp-json\/wp\/v2\/product\/205313","targetHints":{"allow":["GET"]}}],"collection":[{"href":"https:\/\/www.huntersfriend.eu\/de\/wp-json\/wp\/v2\/product"}],"about":[{"href":"https:\/\/www.huntersfriend.eu\/de\/wp-json\/wp\/v2\/types\/product"}],"replies":[{"embeddable":true,"href":"https:\/\/www.huntersfriend.eu\/de\/wp-json\/wp\/v2\/comments?post=205313"}],"wp:featuredmedia":[{"embeddable":true,"href":"https:\/\/www.huntersfriend.eu\/de\/wp-json\/wp\/v2\/media\/210558"}],"wp:attachment":[{"href":"https:\/\/www.huntersfriend.eu\/de\/wp-json\/wp\/v2\/media?parent=205313"}],"wp:term":[{"taxonomy":"product_brand","embeddable":true,"href":"https:\/\/www.huntersfriend.eu\/de\/wp-json\/wp\/v2\/product_brand?post=205313"},{"taxonomy":"product_cat","embeddable":true,"href":"https:\/\/www.huntersfriend.eu\/de\/wp-json\/wp\/v2\/product_cat?post=205313"},{"taxonomy":"product_tag","embeddable":true,"href":"https:\/\/www.huntersfriend.eu\/de\/wp-json\/wp\/v2\/product_tag?post=205313"}],"curies":[{"name":"wp","href":"https:\/\/api.w.org\/{rel}","templated":true}]}}