{"id":205262,"date":"2018-11-19T14:21:11","date_gmt":"2018-11-19T12:21:11","guid":{"rendered":"https:\/\/www.huntersfriend.eu\/product\/pine-ridge-archery-pfeil-spinner\/"},"modified":"2025-08-27T14:09:24","modified_gmt":"2025-08-27T12:09:24","slug":"pine-ridge-archery-pfeil-spinner","status":"publish","type":"product","link":"https:\/\/www.huntersfriend.eu\/de\/produkt\/pine-ridge-archery-pfeil-spinner\/","title":{"rendered":"Pine Ridge archery Pfeilspinner"},"content":{"rendered":"<ul>\n<li>Verbessern Sie Ihre Pfeilqualit\u00e4tskontrolle<\/li>\n<li>\u00dcberpr\u00fcfen Sie auf einfache und effektive Weise die Geradheit und Ausrichtung Ihrer Pfeile und Komponenten.<\/li>\n<li>Kann f\u00fcr die Aufbewahrung oder den Transport leicht zerlegt werden.<\/li>\n<li>Aluminiumr\u00e4der erm\u00f6glichen reibungsloses Drehen.<\/li>\n<\/ul>\n","protected":false},"excerpt":{"rendered":"<p>Verbessern Sie Ihre Pfeilqualit\u00e4tskontrolle \u00dcberpr\u00fcfen Sie auf einfache und effektive Weise die Geradheit und Ausrichtung Ihrer Pfeile und Komponenten. Kann f\u00fcr die Aufbewahrung oder den Transport leicht zerlegt werden. Aluminiumr\u00e4der erm\u00f6glichen reibungsloses Drehen.<\/p>\n","protected":false},"featured_media":210787,"comment_status":"open","ping_status":"closed","template":"","meta":[],"product_brand":[],"product_cat":[1180],"product_tag":[],"class_list":{"0":"post-205262","1":"product","2":"type-product","3":"status-publish","4":"has-post-thumbnail","6":"product_cat-sonstige-pfeilbauwerkzeuge","8":"first","9":"instock","10":"taxable","11":"shipping-taxable","12":"purchasable","13":"product-type-simple"},"composite_virtual":false,"composite_layout":"","composite_add_to_cart_form_location":"","composite_editable_in_cart":false,"composite_sold_individually_context":"","composite_shop_price_calc":"","composite_components":[],"composite_scenarios":[],"group_of_quantity":0,"min_quantity":0,"max_quantity":"","exclude_order_quantity_value_rules":"no","exclude_category_quantity_rules":"no","combine_variations":"no","exclude_global_add_ons":[],"addons":[],"_links":{"self":[{"href":"https:\/\/www.huntersfriend.eu\/de\/wp-json\/wp\/v2\/product\/205262","targetHints":{"allow":["GET"]}}],"collection":[{"href":"https:\/\/www.huntersfriend.eu\/de\/wp-json\/wp\/v2\/product"}],"about":[{"href":"https:\/\/www.huntersfriend.eu\/de\/wp-json\/wp\/v2\/types\/product"}],"replies":[{"embeddable":true,"href":"https:\/\/www.huntersfriend.eu\/de\/wp-json\/wp\/v2\/comments?post=205262"}],"wp:featuredmedia":[{"embeddable":true,"href":"https:\/\/www.huntersfriend.eu\/de\/wp-json\/wp\/v2\/media\/210787"}],"wp:attachment":[{"href":"https:\/\/www.huntersfriend.eu\/de\/wp-json\/wp\/v2\/media?parent=205262"}],"wp:term":[{"taxonomy":"product_brand","embeddable":true,"href":"https:\/\/www.huntersfriend.eu\/de\/wp-json\/wp\/v2\/product_brand?post=205262"},{"taxonomy":"product_cat","embeddable":true,"href":"https:\/\/www.huntersfriend.eu\/de\/wp-json\/wp\/v2\/product_cat?post=205262"},{"taxonomy":"product_tag","embeddable":true,"href":"https:\/\/www.huntersfriend.eu\/de\/wp-json\/wp\/v2\/product_tag?post=205262"}],"curies":[{"name":"wp","href":"https:\/\/api.w.org\/{rel}","templated":true}]}}