{"id":205111,"date":"2019-12-21T15:20:21","date_gmt":"2019-12-21T13:20:21","guid":{"rendered":"https:\/\/www.huntersfriend.eu\/product\/skorpion-gift\/"},"modified":"2026-04-15T15:00:25","modified_gmt":"2026-04-15T13:00:25","slug":"skorpion-gift","status":"publish","type":"product","link":"https:\/\/www.huntersfriend.eu\/de\/produkt\/skorpion-gift\/","title":{"rendered":"Skorpiongift"},"content":{"rendered":"<p>Es ist m\u00f6glicherweise das glatteste Material, das zum Entfernen von Pfeilen aus Zielen erh\u00e4ltlich ist. Das Entfernen von Pfeilen aus dichten Zielen ist ein Kinderspiel und schont dabei den R\u00fccken. Ihre Gro\u00dfeltern werden den Bogen nicht mehr aus der Hand legen.  <\/p>\n<p>Tragen Sie nur eine kleine Menge auf die Pfeilspitze auf, und eine kleine Menge reicht weit.<\/p>\n<ul>\n<li>Geruchsneutral<\/li>\n<li>Wasserdicht<\/li>\n<\/ul>\n","protected":false},"excerpt":{"rendered":"<p>Pfeilschaft-Gleitmittel<\/p>\n","protected":false},"featured_media":210154,"comment_status":"open","ping_status":"closed","template":"","meta":[],"product_brand":[],"product_cat":[1165],"product_tag":[],"class_list":{"0":"post-205111","1":"product","2":"type-product","3":"status-publish","4":"has-post-thumbnail","6":"product_cat-pfeilzieher-und","8":"first","9":"onbackorder","10":"taxable","11":"shipping-taxable","12":"purchasable","13":"product-type-simple"},"composite_virtual":false,"composite_layout":"","composite_add_to_cart_form_location":"","composite_editable_in_cart":false,"composite_sold_individually_context":"","composite_shop_price_calc":"","composite_components":[],"composite_scenarios":[],"group_of_quantity":0,"min_quantity":0,"max_quantity":"","exclude_order_quantity_value_rules":"no","exclude_category_quantity_rules":"no","combine_variations":"no","exclude_global_add_ons":[],"addons":[],"_links":{"self":[{"href":"https:\/\/www.huntersfriend.eu\/de\/wp-json\/wp\/v2\/product\/205111","targetHints":{"allow":["GET"]}}],"collection":[{"href":"https:\/\/www.huntersfriend.eu\/de\/wp-json\/wp\/v2\/product"}],"about":[{"href":"https:\/\/www.huntersfriend.eu\/de\/wp-json\/wp\/v2\/types\/product"}],"replies":[{"embeddable":true,"href":"https:\/\/www.huntersfriend.eu\/de\/wp-json\/wp\/v2\/comments?post=205111"}],"wp:featuredmedia":[{"embeddable":true,"href":"https:\/\/www.huntersfriend.eu\/de\/wp-json\/wp\/v2\/media\/210154"}],"wp:attachment":[{"href":"https:\/\/www.huntersfriend.eu\/de\/wp-json\/wp\/v2\/media?parent=205111"}],"wp:term":[{"taxonomy":"product_brand","embeddable":true,"href":"https:\/\/www.huntersfriend.eu\/de\/wp-json\/wp\/v2\/product_brand?post=205111"},{"taxonomy":"product_cat","embeddable":true,"href":"https:\/\/www.huntersfriend.eu\/de\/wp-json\/wp\/v2\/product_cat?post=205111"},{"taxonomy":"product_tag","embeddable":true,"href":"https:\/\/www.huntersfriend.eu\/de\/wp-json\/wp\/v2\/product_tag?post=205111"}],"curies":[{"name":"wp","href":"https:\/\/api.w.org\/{rel}","templated":true}]}}