{"id":205110,"date":"2019-11-04T15:20:33","date_gmt":"2019-11-04T13:20:33","guid":{"rendered":"https:\/\/www.huntersfriend.eu\/product\/hamskea-arojac-kotelo\/"},"modified":"2025-09-02T09:06:03","modified_gmt":"2025-09-02T07:06:03","slug":"hamskea-arojac-kotelo","status":"publish","type":"product","link":"https:\/\/www.huntersfriend.eu\/de\/produkt\/hamskea-arojac-kotelo\/","title":{"rendered":"Hamskea Arojac Holster"},"content":{"rendered":"<p>Sch\u00fctzen und transportieren Sie Ihr AROJAC bequem mit diesem gepolsterten Holster. Dieses Holster ist mit einer robusten G\u00fcrtelschlaufe auf jeder Seite ausgestattet, um es an fast jeder K\u00f6cherg\u00fcrtelposition zu befestigen, und bietet Ihnen gr\u00f6\u00dfere Flexibilit\u00e4t. Der Klettverschluss sichert es gegen Herausfallen.  <\/p>\n<p>Sch\u00fctzen Sie Ihre Investition mit dem AROJAC Holster!<\/p>\n","protected":false},"excerpt":{"rendered":"<p>Sch\u00fctzen und transportieren Sie Ihr AROJAC bequem mit diesem gepolsterten Holster. Dieses Holster ist mit einer robusten G\u00fcrtelschlaufe auf jeder Seite ausgestattet, um es an fast jeder K\u00f6cherg\u00fcrtelposition zu befestigen, und bietet Ihnen gr\u00f6\u00dfere Flexibilit\u00e4t. Der Klettverschluss sichert es gegen Herausfallen. Sch\u00fctzen Sie Ihre Investition mit dem AROJAC Holster!<\/p>\n","protected":false},"featured_media":211178,"comment_status":"open","ping_status":"closed","template":"","meta":[],"product_brand":[],"product_cat":[1145],"product_tag":[],"class_list":{"0":"post-205110","1":"product","2":"type-product","3":"status-publish","4":"has-post-thumbnail","6":"product_cat-sonstiges","8":"first","9":"outofstock","10":"taxable","11":"shipping-taxable","12":"purchasable","13":"product-type-simple"},"composite_virtual":false,"composite_layout":"","composite_add_to_cart_form_location":"","composite_editable_in_cart":false,"composite_sold_individually_context":"","composite_shop_price_calc":"","composite_components":[],"composite_scenarios":[],"group_of_quantity":0,"min_quantity":0,"max_quantity":"","exclude_order_quantity_value_rules":"no","exclude_category_quantity_rules":"no","combine_variations":"no","exclude_global_add_ons":[],"addons":[],"_links":{"self":[{"href":"https:\/\/www.huntersfriend.eu\/de\/wp-json\/wp\/v2\/product\/205110","targetHints":{"allow":["GET"]}}],"collection":[{"href":"https:\/\/www.huntersfriend.eu\/de\/wp-json\/wp\/v2\/product"}],"about":[{"href":"https:\/\/www.huntersfriend.eu\/de\/wp-json\/wp\/v2\/types\/product"}],"replies":[{"embeddable":true,"href":"https:\/\/www.huntersfriend.eu\/de\/wp-json\/wp\/v2\/comments?post=205110"}],"wp:featuredmedia":[{"embeddable":true,"href":"https:\/\/www.huntersfriend.eu\/de\/wp-json\/wp\/v2\/media\/211178"}],"wp:attachment":[{"href":"https:\/\/www.huntersfriend.eu\/de\/wp-json\/wp\/v2\/media?parent=205110"}],"wp:term":[{"taxonomy":"product_brand","embeddable":true,"href":"https:\/\/www.huntersfriend.eu\/de\/wp-json\/wp\/v2\/product_brand?post=205110"},{"taxonomy":"product_cat","embeddable":true,"href":"https:\/\/www.huntersfriend.eu\/de\/wp-json\/wp\/v2\/product_cat?post=205110"},{"taxonomy":"product_tag","embeddable":true,"href":"https:\/\/www.huntersfriend.eu\/de\/wp-json\/wp\/v2\/product_tag?post=205110"}],"curies":[{"name":"wp","href":"https:\/\/api.w.org\/{rel}","templated":true}]}}