{"id":205109,"date":"2019-11-04T15:20:33","date_gmt":"2019-11-04T13:20:33","guid":{"rendered":"https:\/\/www.huntersfriend.eu\/product\/hamskea-arojac-pfeilzieher\/"},"modified":"2026-01-07T14:32:05","modified_gmt":"2026-01-07T12:32:05","slug":"hamskea-arojac-pfeilzieher","status":"publish","type":"product","link":"https:\/\/www.huntersfriend.eu\/de\/produkt\/hamskea-arojac-pfeilzieher\/","title":{"rendered":"Hamskea AroJac 2.0 Pfeilzieher"},"content":{"rendered":"<p>Neues und verbessertes Design. Der AroJac ist jetzt kleiner, kompakter und leichter als das Vorg\u00e4ngermodell. Er verf\u00fcgt jetzt \u00fcber TPV-Greifbacken und der Kopf schwenkt, um schr\u00e4g in Zielen steckende Pfeile zu ziehen.  <\/p>\n<p>Sparen Sie Ihre Energie f\u00fcr das Schie\u00dfen von Pfeilen, anstatt sie zu ziehen! Dieses einzigartige Ger\u00e4t erm\u00f6glicht es Ihnen, jeden Pfeil sicher, jederzeit und \u00fcberall mit geringem Aufwand zu ziehen! Der AroJac wurde entwickelt, um Pfeile aus hartn\u00e4ckigen, kalten, schwer zu ziehenden 3D-Zielen zu entfernen. Der AroJac zieht jedoch Pfeile aus steifen, komprimierten FITA-Scheiben, Gummimatten oder sogar B\u00e4umen &amp; Holz. Er ist perfekt, um Armbrustbolzen aus hochdichten Schaumstoffzielen zu ziehen! Der AroJac greift den Pfeilschaft mit seinen selbstgreifenden Backen, w\u00e4hrend der Hebelgriff nach hinten gedreht wird, wodurch sich die Backen vom Ziel wegbewegen und so der Pfeil mit jedem Hub des Griffs aus dem Ziel gezogen wird. Dies ist ein perfektes Werkzeug f\u00fcr jeden Indoor- oder Outdoor-Schie\u00dfstand.      <\/p>\n<p>*Leicht aus neuen Zielen oder kalten 3D-Zielen zu ziehen.<br \/>\n*Ideal f\u00fcr Kinder und Frauen. Jetzt k\u00f6nnen sie ihre eigenen Pfeile sicher und einfach ziehen.<br \/>\n*Der AROJAC eliminiert die Notwendigkeit, Pfeile von Hand zu verdrehen, um die Verbindung zum Ziel zu l\u00f6sen, wodurch die Belastung von Carbonpfeilsch\u00e4ften reduziert wird.<br \/>\n*Kann sogar Pfeile aus Holz ziehen. (Bitte schie\u00dfen Sie einen Pfeil nicht absichtlich in einen Baum, der Aufprall wird den Pfeil wahrscheinlich besch\u00e4digen.) <\/p>\n<p>Pfeile k\u00f6nnen auf viele Arten besch\u00e4digt werden \u2013 vom Treffen anderer Pfeile oder harter Oberfl\u00e4chen innerhalb eines Ziels bis hin zum L\u00f6sen von Komponenten beim Schie\u00dfen oder beim Ziehvorgang.<\/p>\n<p>SCHIESSEN SIE NIEMALS EINEN PFEIL, DER BESCH\u00c4DIGT SEIN K\u00d6NNTE ODER FEHLENDE ODER BESCH\u00c4DIGTE TEILE HAT!<\/p>\n","protected":false},"excerpt":{"rendered":"<p>Neues und verbessertes Design. Der AroJac ist jetzt kleiner, kompakter und leichter als das Vorg\u00e4ngermodell. Er verf\u00fcgt jetzt \u00fcber TPV-Greifbacken und der Kopf schwenkt, um schr\u00e4g in Zielen steckende Pfeile zu ziehen. Sparen Sie Ihre Energie f\u00fcr das Schie\u00dfen von Pfeilen, anstatt sie zu ziehen! Dieses einzigartige Ger\u00e4t erm\u00f6glicht es Ihnen, jeden Pfeil sicher, jederzeit [&#8230;]\n","protected":false},"featured_media":211175,"comment_status":"open","ping_status":"closed","template":"","meta":[],"product_brand":[],"product_cat":[1145],"product_tag":[],"class_list":{"0":"post-205109","1":"product","2":"type-product","3":"status-publish","4":"has-post-thumbnail","6":"product_cat-sonstiges","8":"first","9":"outofstock","10":"taxable","11":"shipping-taxable","12":"purchasable","13":"product-type-simple"},"composite_virtual":false,"composite_layout":"","composite_add_to_cart_form_location":"","composite_editable_in_cart":false,"composite_sold_individually_context":"","composite_shop_price_calc":"","composite_components":[],"composite_scenarios":[],"group_of_quantity":0,"min_quantity":0,"max_quantity":"","exclude_order_quantity_value_rules":"no","exclude_category_quantity_rules":"no","combine_variations":"no","exclude_global_add_ons":[],"addons":[],"_links":{"self":[{"href":"https:\/\/www.huntersfriend.eu\/de\/wp-json\/wp\/v2\/product\/205109","targetHints":{"allow":["GET"]}}],"collection":[{"href":"https:\/\/www.huntersfriend.eu\/de\/wp-json\/wp\/v2\/product"}],"about":[{"href":"https:\/\/www.huntersfriend.eu\/de\/wp-json\/wp\/v2\/types\/product"}],"replies":[{"embeddable":true,"href":"https:\/\/www.huntersfriend.eu\/de\/wp-json\/wp\/v2\/comments?post=205109"}],"wp:featuredmedia":[{"embeddable":true,"href":"https:\/\/www.huntersfriend.eu\/de\/wp-json\/wp\/v2\/media\/211175"}],"wp:attachment":[{"href":"https:\/\/www.huntersfriend.eu\/de\/wp-json\/wp\/v2\/media?parent=205109"}],"wp:term":[{"taxonomy":"product_brand","embeddable":true,"href":"https:\/\/www.huntersfriend.eu\/de\/wp-json\/wp\/v2\/product_brand?post=205109"},{"taxonomy":"product_cat","embeddable":true,"href":"https:\/\/www.huntersfriend.eu\/de\/wp-json\/wp\/v2\/product_cat?post=205109"},{"taxonomy":"product_tag","embeddable":true,"href":"https:\/\/www.huntersfriend.eu\/de\/wp-json\/wp\/v2\/product_tag?post=205109"}],"curies":[{"name":"wp","href":"https:\/\/api.w.org\/{rel}","templated":true}]}}