{"id":204990,"date":"2018-12-21T08:25:15","date_gmt":"2018-12-21T06:25:15","guid":{"rendered":"https:\/\/www.huntersfriend.eu\/product\/trophy-ridge-react-h5\/"},"modified":"2025-08-08T04:12:12","modified_gmt":"2025-08-08T02:12:12","slug":"trophy-ridge-react-h5","status":"publish","type":"product","link":"https:\/\/www.huntersfriend.eu\/de\/produkt\/trophy-ridge-react-h5\/","title":{"rendered":"Trophy Ridge React H5 5-Pin Schwarz"},"content":{"rendered":"<p>VEREINFACHUNG DER EINRICHTUNG: Die Ingenieure von Trophy Ridge haben mit dem React H5 etwas Bemerkenswertes geschaffen. Sie entwickelten ein mechanisches System, das den Pinabstand automatisch an die parabolische Flugbahn Ihrer Pfeile anpasst &#8211; unabh\u00e4ngig von der Geschwindigkeit Ihres spezifischen Bogens. Sie m\u00fcssen lediglich den oberen Pin f\u00fcr 20 Yards\/Meter einstellen (unter Verwendung der Mikroklick-Seiten-\/H\u00f6henverstellung) und anschlie\u00dfend zur\u00fccktreten, um einen zweiten Pin (wir empfehlen 50 oder 60) mit dem Pin-Abstandsknopf einzustellen. Sobald Sie zwei Pins pr\u00e4zise ausgerichtet haben, werden die \u00fcbrigen Pins automatisch in perfekten 10-Yard- oder Meter-Abst\u00e4nden positioniert. Es ist tats\u00e4chlich so unkompliziert!    <\/p>\n<ul>\n<li>F\u00fcnf .019&#8243;-Horizontal-Pin-Visier mit der innovativen React-Technologie<\/li>\n<li>Reduziert Vibrationen bei gleichzeitiger Beibehaltung der leichtgewichtigen Stabilit\u00e4t durch das Ballistix CoPolymer System<\/li>\n<li>Passen Sie die Helligkeit mit dem Rheostat-Licht an jede Schussbedingung an<\/li>\n<li>Erm\u00f6glicht einfache Korrekturen durch fortschrittliche, werkzeuglose Mikroklick-Seiten- und H\u00f6henverstellungen<\/li>\n<li>Verst\u00e4rkt die Pr\u00e4zision \u00fcber gr\u00f6\u00dfere Distanzen durch Zweiachsenverstellung<\/li>\n<\/ul>\n","protected":false},"excerpt":{"rendered":"<p>Ausschlie\u00dflich f\u00fcr Rechtsh\u00e4nder<\/p>\n","protected":false},"featured_media":8098,"comment_status":"open","ping_status":"closed","template":"","meta":[],"product_brand":[],"product_cat":[1119],"product_tag":[],"class_list":{"0":"post-204990","1":"product","2":"type-product","3":"status-publish","4":"has-post-thumbnail","6":"product_cat-jagd-visiere","8":"first","9":"instock","10":"taxable","11":"shipping-taxable","12":"purchasable","13":"product-type-simple"},"composite_virtual":false,"composite_layout":"","composite_add_to_cart_form_location":"","composite_editable_in_cart":false,"composite_sold_individually_context":"","composite_shop_price_calc":"","composite_components":[],"composite_scenarios":[],"group_of_quantity":0,"min_quantity":0,"max_quantity":"","exclude_order_quantity_value_rules":"no","exclude_category_quantity_rules":"no","combine_variations":"no","exclude_global_add_ons":[],"addons":[],"_links":{"self":[{"href":"https:\/\/www.huntersfriend.eu\/de\/wp-json\/wp\/v2\/product\/204990","targetHints":{"allow":["GET"]}}],"collection":[{"href":"https:\/\/www.huntersfriend.eu\/de\/wp-json\/wp\/v2\/product"}],"about":[{"href":"https:\/\/www.huntersfriend.eu\/de\/wp-json\/wp\/v2\/types\/product"}],"replies":[{"embeddable":true,"href":"https:\/\/www.huntersfriend.eu\/de\/wp-json\/wp\/v2\/comments?post=204990"}],"wp:featuredmedia":[{"embeddable":true,"href":"https:\/\/www.huntersfriend.eu\/de\/wp-json\/wp\/v2\/media\/8098"}],"wp:attachment":[{"href":"https:\/\/www.huntersfriend.eu\/de\/wp-json\/wp\/v2\/media?parent=204990"}],"wp:term":[{"taxonomy":"product_brand","embeddable":true,"href":"https:\/\/www.huntersfriend.eu\/de\/wp-json\/wp\/v2\/product_brand?post=204990"},{"taxonomy":"product_cat","embeddable":true,"href":"https:\/\/www.huntersfriend.eu\/de\/wp-json\/wp\/v2\/product_cat?post=204990"},{"taxonomy":"product_tag","embeddable":true,"href":"https:\/\/www.huntersfriend.eu\/de\/wp-json\/wp\/v2\/product_tag?post=204990"}],"curies":[{"name":"wp","href":"https:\/\/api.w.org\/{rel}","templated":true}]}}