{"id":204941,"date":"2018-11-19T14:21:48","date_gmt":"2018-11-19T12:21:48","guid":{"rendered":"https:\/\/www.huntersfriend.eu\/product\/whisker-biscuit-original-quick-shot-pfeilauflage\/"},"modified":"2026-04-30T10:13:28","modified_gmt":"2026-04-30T08:13:28","slug":"whisker-biscuit-original-quick-shot-pfeilauflage","status":"publish","type":"product","link":"https:\/\/www.huntersfriend.eu\/de\/produkt\/whisker-biscuit-original-quick-shot-pfeilauflage\/","title":{"rendered":"Whisker Biscuit Original Quick Shot Pfeilauflage"},"content":{"rendered":"<p>EINFACHHEIT IN IHRER VOLLENDUNG: Die Trophy Ridge Quick Shot Whisker Biscuit verf\u00fcgt \u00fcber eine Seitenverstellung, einen in Verbundwerkstoff eingefassten Biscuit &#8211; 150% st\u00e4rker als vorherige Modelle, Referenzmarkierungen f\u00fcr wiederholbare Einstellungen und speziell angefertigte Gummimanschetten zur ger\u00e4uschlosen Pfeilaufnahme. Dar\u00fcber hinaus ist die Whisker Biscuit Quick Shot leichter und kompakter als fr\u00fchere Whisker Biscuit Modelle. Sie kann sowohl f\u00fcr Rechts- als auch f\u00fcr Linksh\u00e4nder montiert werden.  <\/p>\n","protected":false},"excerpt":{"rendered":"<p>Vollst\u00e4ndige Pfeilf\u00fchrung, f\u00fcr Rechts- und Linksh\u00e4nder<\/p>\n","protected":false},"featured_media":210840,"comment_status":"open","ping_status":"open","template":"","meta":[],"product_brand":[],"product_cat":[1230],"product_tag":[],"class_list":{"0":"post-204941","1":"product","2":"type-product","3":"status-publish","4":"has-post-thumbnail","6":"product_cat-compound-full-capture-rest","8":"first","9":"instock","10":"taxable","11":"shipping-taxable","12":"purchasable","13":"product-type-simple"},"composite_virtual":false,"composite_layout":"","composite_add_to_cart_form_location":"","composite_editable_in_cart":false,"composite_sold_individually_context":"","composite_shop_price_calc":"","composite_components":[],"composite_scenarios":[],"group_of_quantity":0,"min_quantity":0,"max_quantity":"","exclude_order_quantity_value_rules":"no","exclude_category_quantity_rules":"no","combine_variations":"no","exclude_global_add_ons":[],"addons":[],"_links":{"self":[{"href":"https:\/\/www.huntersfriend.eu\/de\/wp-json\/wp\/v2\/product\/204941","targetHints":{"allow":["GET"]}}],"collection":[{"href":"https:\/\/www.huntersfriend.eu\/de\/wp-json\/wp\/v2\/product"}],"about":[{"href":"https:\/\/www.huntersfriend.eu\/de\/wp-json\/wp\/v2\/types\/product"}],"replies":[{"embeddable":true,"href":"https:\/\/www.huntersfriend.eu\/de\/wp-json\/wp\/v2\/comments?post=204941"}],"wp:featuredmedia":[{"embeddable":true,"href":"https:\/\/www.huntersfriend.eu\/de\/wp-json\/wp\/v2\/media\/210840"}],"wp:attachment":[{"href":"https:\/\/www.huntersfriend.eu\/de\/wp-json\/wp\/v2\/media?parent=204941"}],"wp:term":[{"taxonomy":"product_brand","embeddable":true,"href":"https:\/\/www.huntersfriend.eu\/de\/wp-json\/wp\/v2\/product_brand?post=204941"},{"taxonomy":"product_cat","embeddable":true,"href":"https:\/\/www.huntersfriend.eu\/de\/wp-json\/wp\/v2\/product_cat?post=204941"},{"taxonomy":"product_tag","embeddable":true,"href":"https:\/\/www.huntersfriend.eu\/de\/wp-json\/wp\/v2\/product_tag?post=204941"}],"curies":[{"name":"wp","href":"https:\/\/api.w.org\/{rel}","templated":true}]}}