{"id":204929,"date":"2018-11-19T14:21:49","date_gmt":"2018-11-19T12:21:49","guid":{"rendered":"https:\/\/www.huntersfriend.eu\/product\/whisker-biscuit-sureshot-pfeilauflage\/"},"modified":"2025-08-27T14:09:28","modified_gmt":"2025-08-27T12:09:28","slug":"whisker-biscuit-sureshot-pfeilauflage","status":"publish","type":"product","link":"https:\/\/www.huntersfriend.eu\/de\/produkt\/whisker-biscuit-sureshot-pfeilauflage\/","title":{"rendered":"Whisker Biscuit Sureshot Pfeilauflage"},"content":{"rendered":"<p>BESTER BISCUIT AUF ERDEN: Gerade als Sie dachten, der Whisker Biscuit k\u00f6nnte nicht besser werden. Trophy Ridge pr\u00e4sentiert den neuen Micro-Adjust Sure Shot Pro. Mit einem neuen, in Aluminium gefassten Rahmen ist der Whisker Biscuit Sure Shot 300% st\u00e4rker als fr\u00fchere Modelle. Er verf\u00fcgt \u00fcber lasergravierte Markierungen f\u00fcr Seiten- und H\u00f6henverstellungen. Sie f\u00fcgten dem Sure Shot eine Doppelbolzenbefestigung und eine Stellschraube f\u00fcr eine sicherere Montage hinzu. Das neue Design macht die Einrichtung zum Kinderspiel. Er ist zudem leichter und kompakter. Ma\u00dfgefertigte Pfeilauflagen sorgen f\u00fcr ein ger\u00e4uschloses Einlegen des Pfeils.       <\/p>\n","protected":false},"excerpt":{"rendered":"<p>Vollst\u00e4ndige Pfeilf\u00fchrung, rechtsh\u00e4ndig<\/p>\n","protected":false},"featured_media":210847,"comment_status":"open","ping_status":"closed","template":"","meta":[],"product_brand":[],"product_cat":[1230],"product_tag":[],"class_list":{"0":"post-204929","1":"product","2":"type-product","3":"status-publish","4":"has-post-thumbnail","6":"product_cat-compound-full-capture-rest","8":"first","9":"instock","10":"taxable","11":"shipping-taxable","12":"purchasable","13":"product-type-simple"},"composite_virtual":false,"composite_layout":"","composite_add_to_cart_form_location":"","composite_editable_in_cart":false,"composite_sold_individually_context":"","composite_shop_price_calc":"","composite_components":[],"composite_scenarios":[],"group_of_quantity":0,"min_quantity":0,"max_quantity":"","exclude_order_quantity_value_rules":"no","exclude_category_quantity_rules":"no","combine_variations":"no","exclude_global_add_ons":[],"addons":[],"_links":{"self":[{"href":"https:\/\/www.huntersfriend.eu\/de\/wp-json\/wp\/v2\/product\/204929","targetHints":{"allow":["GET"]}}],"collection":[{"href":"https:\/\/www.huntersfriend.eu\/de\/wp-json\/wp\/v2\/product"}],"about":[{"href":"https:\/\/www.huntersfriend.eu\/de\/wp-json\/wp\/v2\/types\/product"}],"replies":[{"embeddable":true,"href":"https:\/\/www.huntersfriend.eu\/de\/wp-json\/wp\/v2\/comments?post=204929"}],"wp:featuredmedia":[{"embeddable":true,"href":"https:\/\/www.huntersfriend.eu\/de\/wp-json\/wp\/v2\/media\/210847"}],"wp:attachment":[{"href":"https:\/\/www.huntersfriend.eu\/de\/wp-json\/wp\/v2\/media?parent=204929"}],"wp:term":[{"taxonomy":"product_brand","embeddable":true,"href":"https:\/\/www.huntersfriend.eu\/de\/wp-json\/wp\/v2\/product_brand?post=204929"},{"taxonomy":"product_cat","embeddable":true,"href":"https:\/\/www.huntersfriend.eu\/de\/wp-json\/wp\/v2\/product_cat?post=204929"},{"taxonomy":"product_tag","embeddable":true,"href":"https:\/\/www.huntersfriend.eu\/de\/wp-json\/wp\/v2\/product_tag?post=204929"}],"curies":[{"name":"wp","href":"https:\/\/api.w.org\/{rel}","templated":true}]}}