{"id":204912,"date":"2018-11-19T14:19:22","date_gmt":"2018-11-19T12:19:22","guid":{"rendered":"https:\/\/www.huntersfriend.eu\/product\/iq-visier-licht\/"},"modified":"2025-09-24T07:38:09","modified_gmt":"2025-09-24T05:38:09","slug":"iq-visier-licht","status":"publish","type":"product","link":"https:\/\/www.huntersfriend.eu\/de\/produkt\/iq-visier-licht\/","title":{"rendered":"IQ-Visierbeleuchtung"},"content":{"rendered":"<p>Das unerl\u00e4ssliche Zubeh\u00f6r f\u00fcr Ihr IQ- oder SURE-LOC-Visier zur Erh\u00f6hung der Sichtbarkeit bei schlechten Lichtverh\u00e4ltnissen. Keine verlorenen Pins mehr bei schwachem Licht oder in Jagdtarnung. L\u00e4sst sich an verschiedene Lichtbedingungen anpassen und ist sofort einsatzbereit.<\/p>\n<p>Diese Beleuchtung wird zudem mit universellen Halterungen geliefert, die eine Verwendung mit vielen anderen Visiermarken erm\u00f6glichen.<\/p>\n<h3><strong>Eigenschaften:<\/strong><\/h3>\n<ul>\n<li>Passend f\u00fcr IQ-Visiere und die meisten SURE-LOC-Visiere<\/li>\n<li>Einstellbare Rheostat-Steuerung<\/li>\n<li>Violettes, blendarmes Licht<\/li>\n<li>Funktioniert bei Visieren f\u00fcr Rechts- und Linksh\u00e4nder<\/li>\n<li>Batterien inklusive &#8211; (3) Ersatz-Knopfzellen L736C<\/li>\n<\/ul>\n<p>&nbsp;<\/p>\n","protected":false},"excerpt":{"rendered":"<p>Passend f\u00fcr alle Field Logic IQ-Visiere<\/p>\n","protected":false},"featured_media":210550,"comment_status":"open","ping_status":"closed","template":"","meta":[],"product_brand":[],"product_cat":[1237],"product_tag":[],"class_list":{"0":"post-204912","1":"product","2":"type-product","3":"status-publish","4":"has-post-thumbnail","6":"product_cat-teile-fuer-visiere","8":"first","9":"instock","10":"taxable","11":"shipping-taxable","12":"purchasable","13":"product-type-simple"},"composite_virtual":false,"composite_layout":"","composite_add_to_cart_form_location":"","composite_editable_in_cart":false,"composite_sold_individually_context":"","composite_shop_price_calc":"","composite_components":[],"composite_scenarios":[],"group_of_quantity":0,"min_quantity":0,"max_quantity":"","exclude_order_quantity_value_rules":"no","exclude_category_quantity_rules":"no","combine_variations":"no","exclude_global_add_ons":[],"addons":[],"_links":{"self":[{"href":"https:\/\/www.huntersfriend.eu\/de\/wp-json\/wp\/v2\/product\/204912","targetHints":{"allow":["GET"]}}],"collection":[{"href":"https:\/\/www.huntersfriend.eu\/de\/wp-json\/wp\/v2\/product"}],"about":[{"href":"https:\/\/www.huntersfriend.eu\/de\/wp-json\/wp\/v2\/types\/product"}],"replies":[{"embeddable":true,"href":"https:\/\/www.huntersfriend.eu\/de\/wp-json\/wp\/v2\/comments?post=204912"}],"wp:featuredmedia":[{"embeddable":true,"href":"https:\/\/www.huntersfriend.eu\/de\/wp-json\/wp\/v2\/media\/210550"}],"wp:attachment":[{"href":"https:\/\/www.huntersfriend.eu\/de\/wp-json\/wp\/v2\/media?parent=204912"}],"wp:term":[{"taxonomy":"product_brand","embeddable":true,"href":"https:\/\/www.huntersfriend.eu\/de\/wp-json\/wp\/v2\/product_brand?post=204912"},{"taxonomy":"product_cat","embeddable":true,"href":"https:\/\/www.huntersfriend.eu\/de\/wp-json\/wp\/v2\/product_cat?post=204912"},{"taxonomy":"product_tag","embeddable":true,"href":"https:\/\/www.huntersfriend.eu\/de\/wp-json\/wp\/v2\/product_tag?post=204912"}],"curies":[{"name":"wp","href":"https:\/\/api.w.org\/{rel}","templated":true}]}}