{"id":204739,"date":"2021-02-17T00:01:31","date_gmt":"2021-02-16T22:01:31","guid":{"rendered":"https:\/\/www.huntersfriend.eu\/product\/truglo-loc-dwn-4-pfeil-kocher\/"},"modified":"2025-09-02T09:01:50","modified_gmt":"2025-09-02T07:01:50","slug":"truglo-loc-dwn-4-pfeil-kocher","status":"publish","type":"product","link":"https:\/\/www.huntersfriend.eu\/de\/produkt\/truglo-loc-dwn-4-pfeil-kocher\/","title":{"rendered":"Truglo Loc Dwn 4-Pfeil-K\u00f6cher"},"content":{"rendered":"<ul>\n<li>TWIST\u2022LOCK Montagesystem<\/li>\n<li>Wiegt weniger als 227 g<\/li>\n<li>Sicheres Doppelgreifer-Design<\/li>\n<li>Montagehalterung ist h\u00f6henverstellbar, um besser an alle B\u00f6gen zu passen<\/li>\n<li>Gummieinsatz der Haube reduziert Ger\u00e4usche und stumpft Broadheads nicht ab<\/li>\n<li>Passend f\u00fcr Carbon- und Aluminiumpfeile<\/li>\n<li>Passend f\u00fcr mechanische und feststehende Broadheads<\/li>\n<li>Passend f\u00fcr Links- und Rechtsh\u00e4nderb\u00f6gen<\/li>\n<li>TRU\u2022TOUCH Soft-Touch-Beschichtung<\/li>\n<\/ul>\n<p>&nbsp;<\/p>\n","protected":false},"excerpt":{"rendered":"<p>4 Pfeile, Tarnmuster oder Schwarz<\/p>\n","protected":false},"featured_media":195345,"comment_status":"open","ping_status":"closed","template":"","meta":[],"product_brand":[],"product_cat":[1090],"product_tag":[],"class_list":{"0":"post-204739","1":"product","2":"type-product","3":"status-publish","4":"has-post-thumbnail","6":"product_cat-bogen-und-jagd-koecher","8":"first","9":"instock","10":"taxable","11":"shipping-taxable","12":"purchasable","13":"product-type-variable"},"composite_virtual":false,"composite_layout":"","composite_add_to_cart_form_location":"","composite_editable_in_cart":false,"composite_sold_individually_context":"","composite_shop_price_calc":"","composite_components":[],"composite_scenarios":[],"group_of_quantity":0,"min_quantity":0,"max_quantity":"","exclude_order_quantity_value_rules":"no","exclude_category_quantity_rules":"no","combine_variations":"no","exclude_global_add_ons":[],"addons":[],"_links":{"self":[{"href":"https:\/\/www.huntersfriend.eu\/de\/wp-json\/wp\/v2\/product\/204739","targetHints":{"allow":["GET"]}}],"collection":[{"href":"https:\/\/www.huntersfriend.eu\/de\/wp-json\/wp\/v2\/product"}],"about":[{"href":"https:\/\/www.huntersfriend.eu\/de\/wp-json\/wp\/v2\/types\/product"}],"replies":[{"embeddable":true,"href":"https:\/\/www.huntersfriend.eu\/de\/wp-json\/wp\/v2\/comments?post=204739"}],"wp:featuredmedia":[{"embeddable":true,"href":"https:\/\/www.huntersfriend.eu\/de\/wp-json\/wp\/v2\/media\/195345"}],"wp:attachment":[{"href":"https:\/\/www.huntersfriend.eu\/de\/wp-json\/wp\/v2\/media?parent=204739"}],"wp:term":[{"taxonomy":"product_brand","embeddable":true,"href":"https:\/\/www.huntersfriend.eu\/de\/wp-json\/wp\/v2\/product_brand?post=204739"},{"taxonomy":"product_cat","embeddable":true,"href":"https:\/\/www.huntersfriend.eu\/de\/wp-json\/wp\/v2\/product_cat?post=204739"},{"taxonomy":"product_tag","embeddable":true,"href":"https:\/\/www.huntersfriend.eu\/de\/wp-json\/wp\/v2\/product_tag?post=204739"}],"curies":[{"name":"wp","href":"https:\/\/api.w.org\/{rel}","templated":true}]}}