{"id":204697,"date":"2018-11-19T14:19:02","date_gmt":"2018-11-19T12:19:02","guid":{"rendered":"https:\/\/www.huntersfriend.eu\/product\/truglo-range-rover-standard-visier\/"},"modified":"2025-06-23T10:23:19","modified_gmt":"2025-06-23T08:23:19","slug":"truglo-range-rover-standard-visier","status":"publish","type":"product","link":"https:\/\/www.huntersfriend.eu\/de\/produkt\/truglo-range-rover-standard-visier\/","title":{"rendered":"TruGlo Range Rover Standard Visier"},"content":{"rendered":"<p>Die Range\u2022Rover-Serie von TRUGLO ist seit langem ein Synonym f\u00fcr erstklassige Einpin-Bogenvisiere. Nun gibt es noch mehr Gr\u00fcnde, sich Ralph und Vicki in ihrer Begeisterung f\u00fcr diese wunderbar einfachen und effektiven Jagdwerkzeuge anzuschlie\u00dfen. <\/p>\n<ul>\n<li style=\"list-style-type: none;\">\n<ul>\n<li>ZERO-IN\u2122-Einstellrad mit \u00fcber 80 vormarkierten Entfernungsskalen (inklusive) f\u00fcr eine unkomplizierte Einrichtung<\/li>\n<li>Werkzeuglose Entfernungsarretierung<\/li>\n<li>Klares, rundes Sichfeld mit Pins aus Metall<\/li>\n<li>Besonders lange, vollst\u00e4ndig gesch\u00fctzte, umwickelte Faser<\/li>\n<li>\u00c4u\u00dferst sanfte Halterungsbewegung f\u00fcr einfache Einhandverstellung<\/li>\n<li>Visiergeh\u00e4use nimmt 1,87 Zoll Objektivlinse auf (separat erh\u00e4ltlich) <\/li>\n<li>Lasergravierte Referenzmarkierungen f\u00fcr Seiten- und H\u00f6henverstellungen<\/li>\n<li>Einstellbarer Endanschlag zur individuellen Anpassung der maximalen Entfernungseinstellung<\/li>\n<li>Der K\u00f6cher kann direkt darauf montiert werden<\/li>\n<li>Standardeinstellung &#8211; nur f\u00fcr Rechtsh\u00e4nder<\/li>\n<li>Beleuchtung NICHT enthalten<\/li>\n<\/ul>\n<\/li>\n<\/ul>\n<p>&nbsp;<\/p>\n","protected":false},"excerpt":{"rendered":"<p>1-Pin 0,019, schwarz &#8211; nur f\u00fcr Rechtsh\u00e4nder<\/p>\n","protected":false},"featured_media":210442,"comment_status":"open","ping_status":"closed","template":"","meta":[],"product_brand":[],"product_cat":[1119],"product_tag":[],"class_list":{"0":"post-204697","1":"product","2":"type-product","3":"status-publish","4":"has-post-thumbnail","6":"product_cat-jagd-visiere","8":"first","9":"instock","10":"taxable","11":"shipping-taxable","12":"purchasable","13":"product-type-simple"},"composite_virtual":false,"composite_layout":"","composite_add_to_cart_form_location":"","composite_editable_in_cart":false,"composite_sold_individually_context":"","composite_shop_price_calc":"","composite_components":[],"composite_scenarios":[],"group_of_quantity":0,"min_quantity":0,"max_quantity":"","exclude_order_quantity_value_rules":"no","exclude_category_quantity_rules":"no","combine_variations":"no","exclude_global_add_ons":[],"addons":[],"_links":{"self":[{"href":"https:\/\/www.huntersfriend.eu\/de\/wp-json\/wp\/v2\/product\/204697","targetHints":{"allow":["GET"]}}],"collection":[{"href":"https:\/\/www.huntersfriend.eu\/de\/wp-json\/wp\/v2\/product"}],"about":[{"href":"https:\/\/www.huntersfriend.eu\/de\/wp-json\/wp\/v2\/types\/product"}],"replies":[{"embeddable":true,"href":"https:\/\/www.huntersfriend.eu\/de\/wp-json\/wp\/v2\/comments?post=204697"}],"wp:featuredmedia":[{"embeddable":true,"href":"https:\/\/www.huntersfriend.eu\/de\/wp-json\/wp\/v2\/media\/210442"}],"wp:attachment":[{"href":"https:\/\/www.huntersfriend.eu\/de\/wp-json\/wp\/v2\/media?parent=204697"}],"wp:term":[{"taxonomy":"product_brand","embeddable":true,"href":"https:\/\/www.huntersfriend.eu\/de\/wp-json\/wp\/v2\/product_brand?post=204697"},{"taxonomy":"product_cat","embeddable":true,"href":"https:\/\/www.huntersfriend.eu\/de\/wp-json\/wp\/v2\/product_cat?post=204697"},{"taxonomy":"product_tag","embeddable":true,"href":"https:\/\/www.huntersfriend.eu\/de\/wp-json\/wp\/v2\/product_tag?post=204697"}],"curies":[{"name":"wp","href":"https:\/\/api.w.org\/{rel}","templated":true}]}}