{"id":204684,"date":"2018-11-19T14:19:31","date_gmt":"2018-11-19T12:19:31","guid":{"rendered":"https:\/\/www.huntersfriend.eu\/product\/truglo-versa-peep-set-14-peep\/"},"modified":"2025-08-27T14:09:13","modified_gmt":"2025-08-27T12:09:13","slug":"truglo-versa-peep-set-14-peep","status":"publish","type":"product","link":"https:\/\/www.huntersfriend.eu\/de\/produkt\/truglo-versa-peep-set-14-peep\/","title":{"rendered":"Truglo Versa Peep-Set 1\/4&#8243; Peep"},"content":{"rendered":"<p>Vielseitige austauschbare Eins\u00e4tze erm\u00f6glichen es dem Sch\u00fctzen, das Peep f\u00fcr die bevorzugte Gr\u00f6\u00dfe \/ Farbe anzupassen &#8211; Leichte Aluminiumkonstruktion. &#8211; Pr\u00e4zisions-CNC-gefr\u00e4st. &#8211; Das Metall-Peep-Visier hat einen Durchmesser von 1\/4 \u201eohne Einsatz. &#8211; Abgewinkeltes Design f\u00fcr B\u00f6gen mit k\u00fcrzerem Achsabstand. &#8211; Enthaltene Eins\u00e4tze sind 1\/8\u201c, 5\/32 \u201eoder 3\/16\u201c. &#8211; Einsatzfarben umfassen Schwarz, Rot und Gr\u00fcn.   <\/p>\n<ul>\n<li class=\"Default\">Vielseitige austauschbare Eins\u00e4tze erm\u00f6glichen es dem Sch\u00fctzen, das Peep f\u00fcr die bevorzugte Gr\u00f6\u00dfe \/ Farbe anzupassen<\/li>\n<li class=\"Default\">Leichte Aluminiumkonstruktion<\/li>\n<li class=\"Default\">Pr\u00e4zisions-CNC-gefr\u00e4st<\/li>\n<li class=\"Default\">Metall-Peep-Visier hat einen Durchmesser von 1\/4 Zoll ohne Einsatz  <\/li>\n<li class=\"Default\">Abgewinkeltes Design f\u00fcr moderne B\u00f6gen mit k\u00fcrzerem Achsabstand<\/li>\n<li class=\"Default\">Patentiert<\/li>\n<\/ul>\n","protected":false},"excerpt":{"rendered":"<p>Eins\u00e4tze 1\/8 \u201e, 5\/32\u201c und 3\/16<\/p>\n","protected":false},"featured_media":210591,"comment_status":"open","ping_status":"closed","template":"","meta":[],"product_brand":[],"product_cat":[1137],"product_tag":[],"class_list":{"0":"post-204684","1":"product","2":"type-product","3":"status-publish","4":"has-post-thumbnail","6":"product_cat-peeps-nocken-kisserbottons-und-zubehoer","8":"first","9":"instock","10":"taxable","11":"shipping-taxable","12":"purchasable","13":"product-type-simple"},"composite_virtual":false,"composite_layout":"","composite_add_to_cart_form_location":"","composite_editable_in_cart":false,"composite_sold_individually_context":"","composite_shop_price_calc":"","composite_components":[],"composite_scenarios":[],"group_of_quantity":0,"min_quantity":0,"max_quantity":"","exclude_order_quantity_value_rules":"no","exclude_category_quantity_rules":"no","combine_variations":"no","exclude_global_add_ons":[],"addons":[],"_links":{"self":[{"href":"https:\/\/www.huntersfriend.eu\/de\/wp-json\/wp\/v2\/product\/204684","targetHints":{"allow":["GET"]}}],"collection":[{"href":"https:\/\/www.huntersfriend.eu\/de\/wp-json\/wp\/v2\/product"}],"about":[{"href":"https:\/\/www.huntersfriend.eu\/de\/wp-json\/wp\/v2\/types\/product"}],"replies":[{"embeddable":true,"href":"https:\/\/www.huntersfriend.eu\/de\/wp-json\/wp\/v2\/comments?post=204684"}],"wp:featuredmedia":[{"embeddable":true,"href":"https:\/\/www.huntersfriend.eu\/de\/wp-json\/wp\/v2\/media\/210591"}],"wp:attachment":[{"href":"https:\/\/www.huntersfriend.eu\/de\/wp-json\/wp\/v2\/media?parent=204684"}],"wp:term":[{"taxonomy":"product_brand","embeddable":true,"href":"https:\/\/www.huntersfriend.eu\/de\/wp-json\/wp\/v2\/product_brand?post=204684"},{"taxonomy":"product_cat","embeddable":true,"href":"https:\/\/www.huntersfriend.eu\/de\/wp-json\/wp\/v2\/product_cat?post=204684"},{"taxonomy":"product_tag","embeddable":true,"href":"https:\/\/www.huntersfriend.eu\/de\/wp-json\/wp\/v2\/product_tag?post=204684"}],"curies":[{"name":"wp","href":"https:\/\/api.w.org\/{rel}","templated":true}]}}