{"id":204672,"date":"2018-11-19T14:20:37","date_gmt":"2018-11-19T12:20:37","guid":{"rendered":"https:\/\/www.huntersfriend.eu\/product\/truglo-range-rover-pro-rad-1-punkt-visier\/"},"modified":"2026-02-05T12:40:46","modified_gmt":"2026-02-05T10:40:46","slug":"truglo-range-rover-pro-rad-1-punkt-visier","status":"publish","type":"product","link":"https:\/\/www.huntersfriend.eu\/de\/produkt\/truglo-range-rover-pro-rad-1-punkt-visier\/","title":{"rendered":"TruGlo Range Rover Pro Wheel 1 Punkt-Visier"},"content":{"rendered":"<p><strong>Hauptmerkmale:<\/strong><\/p>\n<ul>\n<li>Das Visiergeh\u00e4use verf\u00fcgt \u00fcber einen Kreis mit 1\/2 Zoll Durchmesser und einem beleuchteten Mittelpunkt f\u00fcr \u00fcberlegene Langstreckengenauigkeit<\/li>\n<li>Mikro-einstellbare Seitenverstellung &#8211; Pr\u00e4zisions-Klick-Design<\/li>\n<li>Einstellbares gr\u00fcnes LED mit 11 Helligkeitsstufen und inkludierter CR2032-Batterie<\/li>\n<li>Der K\u00f6cher kann direkt darauf montiert werden<\/li>\n<li>Werkzeuglose Entfernungs- und Seitenverstellungssperre<\/li>\n<li>Visiergeh\u00e4use nimmt 1,87 Zoll Vorsatzlinse auf (separat erh\u00e4ltlich)<\/li>\n<li>Enth\u00e4lt \u00fcber 40 vormarkierte Klebestreifen, um das Visier einzuschie\u00dfen<\/li>\n<li>Einstellbarer Entfernungsstopp um die Entfernung zu begrenzen.<\/li>\n<li>Lasermarkierungen zur Einstellung von Seitenwind und H\u00f6he<\/li>\n<li>Anpassbar f\u00fcr Links- und Rechtsh\u00e4nder<\/li>\n<li>Batterielaufzeit: 700 Stunden<\/li>\n<\/ul>\n","protected":false},"excerpt":{"rendered":"<p>1 Stift, Schwarz RH\/LH<\/p>\n","protected":false},"featured_media":210762,"comment_status":"open","ping_status":"closed","template":"","meta":[],"product_brand":[],"product_cat":[1119],"product_tag":[],"class_list":{"0":"post-204672","1":"product","2":"type-product","3":"status-publish","4":"has-post-thumbnail","6":"product_cat-jagd-visiere","8":"first","9":"onbackorder","10":"taxable","11":"shipping-taxable","12":"purchasable","13":"product-type-simple"},"composite_virtual":false,"composite_layout":"","composite_add_to_cart_form_location":"","composite_editable_in_cart":false,"composite_sold_individually_context":"","composite_shop_price_calc":"","composite_components":[],"composite_scenarios":[],"group_of_quantity":0,"min_quantity":0,"max_quantity":"","exclude_order_quantity_value_rules":"no","exclude_category_quantity_rules":"no","combine_variations":"no","exclude_global_add_ons":[],"addons":[],"_links":{"self":[{"href":"https:\/\/www.huntersfriend.eu\/de\/wp-json\/wp\/v2\/product\/204672","targetHints":{"allow":["GET"]}}],"collection":[{"href":"https:\/\/www.huntersfriend.eu\/de\/wp-json\/wp\/v2\/product"}],"about":[{"href":"https:\/\/www.huntersfriend.eu\/de\/wp-json\/wp\/v2\/types\/product"}],"replies":[{"embeddable":true,"href":"https:\/\/www.huntersfriend.eu\/de\/wp-json\/wp\/v2\/comments?post=204672"}],"wp:featuredmedia":[{"embeddable":true,"href":"https:\/\/www.huntersfriend.eu\/de\/wp-json\/wp\/v2\/media\/210762"}],"wp:attachment":[{"href":"https:\/\/www.huntersfriend.eu\/de\/wp-json\/wp\/v2\/media?parent=204672"}],"wp:term":[{"taxonomy":"product_brand","embeddable":true,"href":"https:\/\/www.huntersfriend.eu\/de\/wp-json\/wp\/v2\/product_brand?post=204672"},{"taxonomy":"product_cat","embeddable":true,"href":"https:\/\/www.huntersfriend.eu\/de\/wp-json\/wp\/v2\/product_cat?post=204672"},{"taxonomy":"product_tag","embeddable":true,"href":"https:\/\/www.huntersfriend.eu\/de\/wp-json\/wp\/v2\/product_tag?post=204672"}],"curies":[{"name":"wp","href":"https:\/\/api.w.org\/{rel}","templated":true}]}}