{"id":204637,"date":"2018-11-19T14:21:24","date_gmt":"2018-11-19T12:21:24","guid":{"rendered":"https:\/\/www.huntersfriend.eu\/product\/truglo-bow-jack-bogenstander\/"},"modified":"2025-08-27T14:09:33","modified_gmt":"2025-08-27T12:09:33","slug":"truglo-bow-jack-bogenstander","status":"publish","type":"product","link":"https:\/\/www.huntersfriend.eu\/de\/produkt\/truglo-bow-jack-bogenstander\/","title":{"rendered":"TruGlo Bow Jack Bogenst\u00e4nder"},"content":{"rendered":"<p>Ein hochwertiger Bogen sollte nicht im Schmutz liegen. St\u00fctzen Sie Ihren Bogen auf dem Schie\u00dfstand oder im Gel\u00e4nde mit BOW\u2022JACK, dem leichten, tragbaren Bogenst\u00e4nder. <\/p>\n<p>Leicht und robust<\/p>\n<ul>\n<li>\u00dcberzogener Gummi umgreift den Wurfarm f\u00fcr einen sicheren, rutschfesten Halt<\/li>\n<li>Zusammenklappbar f\u00fcr einfache Aufbewahrung in Tasche oder Rucksack<\/li>\n<li>Einfache Einhandbedienung mit integrierten Fingerlaschen<\/li>\n<li>Keine Kratzer auf der Wurfarmoberfl\u00e4che<\/li>\n<li>Versenkte Feder verhindert ein Verhaken<\/li>\n<li>Beschl\u00e4ge aus rostfreiem Stahl<\/li>\n<li>Passend f\u00fcr die meisten B\u00f6gen und Armbr\u00fcste<\/li>\n<li>Patentiert. Verwenden Sie 2 Bow Jacks zur Unterst\u00fctzung der meisten Armbr\u00fcste oder einen Bow Jack in Kombination mit einem Bow Jack Mini<br \/>\n, um Ihren Bogen mit dem Nockpunkt vom Boden abgehoben zu halten!<img decoding=\"async\" src=\"http:\/\/i1admin01.webstorepackage.com\/truglo\/virtualweb\/images\/Double_BJM_Crossbow.png\"> <img decoding=\"async\" src=\"http:\/\/i1admin01.webstorepackage.com\/truglo\/virtualweb\/images\/TG394_TG395_Double_hoyt_Bow.png\">Das Bow Jack Wide-Modell verf\u00fcgt \u00fcber erweiterte Greiferbreiten, um Mathews\u00ae HALON\u2122<br \/>\n und andere B\u00f6gen mit breiten Wurfarmen zu halten.<\/p>\n<p><img decoding=\"async\" src=\"http:\/\/i1admin01.webstorepackage.com\/truglo\/virtualweb\/images\/TG393BR%20Wide%20Model_Halon.png\"><\/p>\n<table>\n<tbody>\n<tr>\n<th>MODELL<\/th>\n<th>FARBE<\/th>\n<th>L\u00c4NGE<\/th>\n<th>GEWICHT<\/th>\n<th>ANWENDUNG<\/th>\n<th>KOMPATIBILIT\u00c4T<\/th>\n<\/tr>\n<tr>\n<td><b>Breit<\/b><\/td>\n<td>Schwarz\/Rot<\/td>\n<td>14,7 cm<\/td>\n<td>110,6 g<\/td>\n<td>Ideal f\u00fcr B\u00f6gen mit k\u00fcrzerer Achse-zu-Achse-L\u00e4nge<\/td>\n<td>F\u00fcr die meisten B\u00f6gen und Armbr\u00fcste mit einer Wurfarmbreite bis zu 7,9 cm<\/td>\n<\/tr>\n<tr>\n<td><b>Mini<\/b><\/td>\n<td>Schwarz\/Rot<\/td>\n<td>14,7 cm<\/td>\n<td>90,7 g<\/td>\n<td>Ideal f\u00fcr B\u00f6gen mit k\u00fcrzerer Achse-zu-Achse-L\u00e4nge<\/td>\n<td>F\u00fcr die meisten B\u00f6gen und Armbr\u00fcste mit einer Wurfarmbreite bis zu 7 cm<\/td>\n<\/tr>\n<tr>\n<td><b>Standard<\/b><\/td>\n<td>Schwarz\/Rot<\/td>\n<td>18,3 cm<\/td>\n<td>99,2 g<\/td>\n<td>Ideal f\u00fcr B\u00f6gen mit l\u00e4ngerer Achse-zu-Achse-L\u00e4nge<\/td>\n<td>F\u00fcr die meisten B\u00f6gen und Armbr\u00fcste mit einer Wurfarmbreite bis zu 7 cm<\/td>\n<\/tr>\n<\/tbody>\n<\/table>\n<\/li>\n<\/ul>\n","protected":false},"excerpt":{"rendered":"<p>Standard-, Mini- und Wide-Gr\u00f6\u00dfen<\/p>\n","protected":false},"featured_media":204668,"comment_status":"open","ping_status":"closed","template":"","meta":[],"product_brand":[],"product_cat":[2151],"product_tag":[],"class_list":{"0":"post-204637","1":"product","2":"type-product","3":"status-publish","4":"has-post-thumbnail","6":"product_cat-bogenstative-diverses","8":"first","9":"instock","10":"sale","11":"taxable","12":"shipping-taxable","13":"purchasable","14":"product-type-variable"},"composite_virtual":false,"composite_layout":"","composite_add_to_cart_form_location":"","composite_editable_in_cart":false,"composite_sold_individually_context":"","composite_shop_price_calc":"","composite_components":[],"composite_scenarios":[],"group_of_quantity":0,"min_quantity":0,"max_quantity":"","exclude_order_quantity_value_rules":"no","exclude_category_quantity_rules":"no","combine_variations":"no","exclude_global_add_ons":[],"addons":[],"_links":{"self":[{"href":"https:\/\/www.huntersfriend.eu\/de\/wp-json\/wp\/v2\/product\/204637","targetHints":{"allow":["GET"]}}],"collection":[{"href":"https:\/\/www.huntersfriend.eu\/de\/wp-json\/wp\/v2\/product"}],"about":[{"href":"https:\/\/www.huntersfriend.eu\/de\/wp-json\/wp\/v2\/types\/product"}],"replies":[{"embeddable":true,"href":"https:\/\/www.huntersfriend.eu\/de\/wp-json\/wp\/v2\/comments?post=204637"}],"wp:featuredmedia":[{"embeddable":true,"href":"https:\/\/www.huntersfriend.eu\/de\/wp-json\/wp\/v2\/media\/204668"}],"wp:attachment":[{"href":"https:\/\/www.huntersfriend.eu\/de\/wp-json\/wp\/v2\/media?parent=204637"}],"wp:term":[{"taxonomy":"product_brand","embeddable":true,"href":"https:\/\/www.huntersfriend.eu\/de\/wp-json\/wp\/v2\/product_brand?post=204637"},{"taxonomy":"product_cat","embeddable":true,"href":"https:\/\/www.huntersfriend.eu\/de\/wp-json\/wp\/v2\/product_cat?post=204637"},{"taxonomy":"product_tag","embeddable":true,"href":"https:\/\/www.huntersfriend.eu\/de\/wp-json\/wp\/v2\/product_tag?post=204637"}],"curies":[{"name":"wp","href":"https:\/\/api.w.org\/{rel}","templated":true}]}}