{"id":204625,"date":"2018-11-19T14:22:43","date_gmt":"2018-11-19T12:22:43","guid":{"rendered":"https:\/\/www.huntersfriend.eu\/product\/truglo-speed-shot-xs-release\/"},"modified":"2025-08-27T14:09:58","modified_gmt":"2025-08-27T12:09:58","slug":"truglo-speed-shot-xs-release","status":"publish","type":"product","link":"https:\/\/www.huntersfriend.eu\/de\/produkt\/truglo-speed-shot-xs-release\/","title":{"rendered":"Truglo Speed Shot XS Ausl\u00f6ser"},"content":{"rendered":"<ul>\n<li style=\"list-style-type: none\">\n<ul>\n<li>Komfortabler Riemenentwurf mit optimaler Passform<\/li>\n<li>Drehmomentfreier Kopf mit 360-Grad-Rotation<\/li>\n<li>Synchronisiertes, kompaktes Design mit doppelter Backe f\u00fcr gleichm\u00e4\u00dfigen Ausl\u00f6sezug<\/li>\n<li>Kompaktes Design mit doppelter Backe, ideal f\u00fcr Bogensehnen-Schlaufen<\/li>\n<li>Pr\u00e4zise, verschlei\u00dffreie Backen<\/li>\n<li>\u00dcber 2,54 cm L\u00e4ngenverstellung<\/li>\n<li>F\u00fcnf farblich abgestimmte Abdeckungen inklusive<\/li>\n<li>Praxiserprobt f\u00fcr st\u00f6rungsfreies Schie\u00dfen<\/li>\n<li>W\u00e4hlen Sie aus 5 farblich passenden Abdeckungen zur individuellen Gestaltung Ihres Pfeilauflage-Ausl\u00f6sers<\/li>\n<\/ul>\n<\/li>\n<\/ul>\n<p><img decoding=\"async\" src=\"http:\/\/www.truglo.com\/images\/Speed%20Shot_Color%20Matching%20Covers.jpg\" alt=\"\"><\/p>\n<p>&nbsp;<\/p>\n","protected":false},"excerpt":{"rendered":"<p>Klettverschlussriemen, schwarz<\/p>\n","protected":false},"featured_media":210913,"comment_status":"open","ping_status":"open","template":"","meta":[],"product_brand":[],"product_cat":[1095],"product_tag":[],"class_list":{"0":"post-204625","1":"product","2":"type-product","3":"status-publish","4":"has-post-thumbnail","6":"product_cat-handgelenks-release","8":"first","9":"instock","10":"taxable","11":"shipping-taxable","12":"purchasable","13":"product-type-simple"},"composite_virtual":false,"composite_layout":"","composite_add_to_cart_form_location":"","composite_editable_in_cart":false,"composite_sold_individually_context":"","composite_shop_price_calc":"","composite_components":[],"composite_scenarios":[],"group_of_quantity":0,"min_quantity":0,"max_quantity":"","exclude_order_quantity_value_rules":"no","exclude_category_quantity_rules":"no","combine_variations":"no","exclude_global_add_ons":[],"addons":[],"_links":{"self":[{"href":"https:\/\/www.huntersfriend.eu\/de\/wp-json\/wp\/v2\/product\/204625","targetHints":{"allow":["GET"]}}],"collection":[{"href":"https:\/\/www.huntersfriend.eu\/de\/wp-json\/wp\/v2\/product"}],"about":[{"href":"https:\/\/www.huntersfriend.eu\/de\/wp-json\/wp\/v2\/types\/product"}],"replies":[{"embeddable":true,"href":"https:\/\/www.huntersfriend.eu\/de\/wp-json\/wp\/v2\/comments?post=204625"}],"wp:featuredmedia":[{"embeddable":true,"href":"https:\/\/www.huntersfriend.eu\/de\/wp-json\/wp\/v2\/media\/210913"}],"wp:attachment":[{"href":"https:\/\/www.huntersfriend.eu\/de\/wp-json\/wp\/v2\/media?parent=204625"}],"wp:term":[{"taxonomy":"product_brand","embeddable":true,"href":"https:\/\/www.huntersfriend.eu\/de\/wp-json\/wp\/v2\/product_brand?post=204625"},{"taxonomy":"product_cat","embeddable":true,"href":"https:\/\/www.huntersfriend.eu\/de\/wp-json\/wp\/v2\/product_cat?post=204625"},{"taxonomy":"product_tag","embeddable":true,"href":"https:\/\/www.huntersfriend.eu\/de\/wp-json\/wp\/v2\/product_tag?post=204625"}],"curies":[{"name":"wp","href":"https:\/\/api.w.org\/{rel}","templated":true}]}}