{"id":204609,"date":"2018-11-19T14:22:44","date_gmt":"2018-11-19T12:22:44","guid":{"rendered":"https:\/\/www.huntersfriend.eu\/product\/truglo-side-lock-nitrus-release-w-boa\/"},"modified":"2025-08-27T14:10:01","modified_gmt":"2025-08-27T12:10:01","slug":"truglo-side-lock-nitrus-release-w-boa","status":"publish","type":"product","link":"https:\/\/www.huntersfriend.eu\/de\/produkt\/truglo-side-lock-nitrus-release-w-boa\/","title":{"rendered":"Truglo Side-lock nitrus Ausl\u00f6ser mit BOA"},"content":{"rendered":"<ul>\n<li>BOA-Riemen f\u00fcr Einstellbarkeit und langanhaltenden Komfort inklusive<\/li>\n<li>Leise, schnell und pr\u00e4zise<\/li>\n<li>Bahnbrechendes Doppelbacken-Design aus rostfreiem Stahl<\/li>\n<li>Ultraglatter, mikro-justierbarer Abzug mit pr\u00e4zisem Gef\u00fchl<\/li>\n<li>Kein unerw\u00fcnschter Abzugsweg<\/li>\n<li>Stromlinienf\u00f6rmiges Backendesign f\u00fcr schnelles und einfaches Laden &#8211; ideal f\u00fcr Sehnenschlaufen<\/li>\n<li>Pr\u00e4zisionsbacken aus verschlei\u00dffreiem Edelstahl<\/li>\n<li>Ausl\u00f6semechanismus aus rostfreiem Stahl f\u00fcr erh\u00f6hte Haltbarkeit und Wiederholgenauigkeit<\/li>\n<li>Vorverlagerte Abzugsposition erm\u00f6glicht h\u00f6here Pfeilgeschwindigkeiten<\/li>\n<li>Ergonomische Hand- und Fingerposition<\/li>\n<li>360-Grad-Drehkopf eliminiert Sehnenverdrehen<\/li>\n<\/ul>\n","protected":false},"excerpt":{"rendered":"<p>Tarnfarbe mit BOA-Riemen<\/p>\n","protected":false},"featured_media":244339,"comment_status":"open","ping_status":"closed","template":"","meta":[],"product_brand":[],"product_cat":[1095],"product_tag":[],"class_list":{"0":"post-204609","1":"product","2":"type-product","3":"status-publish","4":"has-post-thumbnail","6":"product_cat-handgelenks-release","8":"first","9":"instock","10":"taxable","11":"shipping-taxable","12":"purchasable","13":"product-type-simple"},"composite_virtual":false,"composite_layout":"","composite_add_to_cart_form_location":"","composite_editable_in_cart":false,"composite_sold_individually_context":"","composite_shop_price_calc":"","composite_components":[],"composite_scenarios":[],"group_of_quantity":0,"min_quantity":0,"max_quantity":"","exclude_order_quantity_value_rules":"no","exclude_category_quantity_rules":"no","combine_variations":"no","exclude_global_add_ons":[],"addons":[],"_links":{"self":[{"href":"https:\/\/www.huntersfriend.eu\/de\/wp-json\/wp\/v2\/product\/204609","targetHints":{"allow":["GET"]}}],"collection":[{"href":"https:\/\/www.huntersfriend.eu\/de\/wp-json\/wp\/v2\/product"}],"about":[{"href":"https:\/\/www.huntersfriend.eu\/de\/wp-json\/wp\/v2\/types\/product"}],"replies":[{"embeddable":true,"href":"https:\/\/www.huntersfriend.eu\/de\/wp-json\/wp\/v2\/comments?post=204609"}],"wp:featuredmedia":[{"embeddable":true,"href":"https:\/\/www.huntersfriend.eu\/de\/wp-json\/wp\/v2\/media\/244339"}],"wp:attachment":[{"href":"https:\/\/www.huntersfriend.eu\/de\/wp-json\/wp\/v2\/media?parent=204609"}],"wp:term":[{"taxonomy":"product_brand","embeddable":true,"href":"https:\/\/www.huntersfriend.eu\/de\/wp-json\/wp\/v2\/product_brand?post=204609"},{"taxonomy":"product_cat","embeddable":true,"href":"https:\/\/www.huntersfriend.eu\/de\/wp-json\/wp\/v2\/product_cat?post=204609"},{"taxonomy":"product_tag","embeddable":true,"href":"https:\/\/www.huntersfriend.eu\/de\/wp-json\/wp\/v2\/product_tag?post=204609"}],"curies":[{"name":"wp","href":"https:\/\/api.w.org\/{rel}","templated":true}]}}