{"id":204606,"date":"2018-12-21T08:25:17","date_gmt":"2018-12-21T06:25:17","guid":{"rendered":"https:\/\/www.huntersfriend.eu\/product\/truglo-boa-universal-ersatz-handgelenkschlaufe-fur-release\/"},"modified":"2025-08-27T14:11:53","modified_gmt":"2025-08-27T12:11:53","slug":"truglo-boa-universal-ersatz-handgelenkschlaufe-fur-release","status":"publish","type":"product","link":"https:\/\/www.huntersfriend.eu\/de\/produkt\/truglo-boa-universal-ersatz-handgelenkschlaufe-fur-release\/","title":{"rendered":"Truglo boa universeller Ersatz-Ausl\u00f6segurt"},"content":{"rendered":"<p>Erh\u00e4ltlich in Schwarz oder Tarnfarben.<\/p>\n<ul>\n<li>Ersetzt Ihren defekten oder abgenutzten Handgelenkgurt<\/li>\n<li>Passt zu nahezu jedem Verbindungssystem<\/li>\n<li>BOA-Verschlusssystem f\u00fcr eine handschuh\u00e4hnliche Passform und ganzt\u00e4gigen individuellen Komfort<\/li>\n<li>Schnelles An- und Ausziehen, Einhand-Verstellung<\/li>\n<li>Leicht zu reinigen \u2013 BOA-Verschl\u00fcsse sch\u00fctteln Schlamm, Schmutz und sogar Eis ab<\/li>\n<li>Enth\u00e4lt optionalen Nylon-\/Seilverbinder<\/li>\n<li>Gefr\u00e4ste Universalverbindung aus Aluminium<\/li>\n<\/ul>\n","protected":false},"excerpt":{"rendered":"<p>Erh\u00e4ltlich in Schwarz oder Tarnfarben. Ersetzt Ihren defekten oder abgenutzten Handgelenkgurt Passt zu nahezu jedem Verbindungssystem BOA-Verschlusssystem f\u00fcr eine handschuh\u00e4hnliche Passform und ganzt\u00e4gigen individuellen Komfort Schnelles An- und Ausziehen, Einhand-Verstellung Leicht zu reinigen \u2013 BOA-Verschl\u00fcsse sch\u00fctteln Schlamm, Schmutz und sogar Eis ab Enth\u00e4lt optionalen Nylon-\/Seilverbinder Gefr\u00e4ste Universalverbindung aus Aluminium<\/p>\n","protected":false},"featured_media":59886,"comment_status":"open","ping_status":"closed","template":"","meta":[],"product_brand":[],"product_cat":[1095],"product_tag":[],"class_list":{"0":"post-204606","1":"product","2":"type-product","3":"status-publish","4":"has-post-thumbnail","6":"product_cat-handgelenks-release","8":"first","9":"instock","10":"taxable","11":"shipping-taxable","12":"purchasable","13":"product-type-variable"},"composite_virtual":false,"composite_layout":"","composite_add_to_cart_form_location":"","composite_editable_in_cart":false,"composite_sold_individually_context":"","composite_shop_price_calc":"","composite_components":[],"composite_scenarios":[],"group_of_quantity":0,"min_quantity":0,"max_quantity":"","exclude_order_quantity_value_rules":"no","exclude_category_quantity_rules":"no","combine_variations":"no","exclude_global_add_ons":[],"addons":[],"_links":{"self":[{"href":"https:\/\/www.huntersfriend.eu\/de\/wp-json\/wp\/v2\/product\/204606","targetHints":{"allow":["GET"]}}],"collection":[{"href":"https:\/\/www.huntersfriend.eu\/de\/wp-json\/wp\/v2\/product"}],"about":[{"href":"https:\/\/www.huntersfriend.eu\/de\/wp-json\/wp\/v2\/types\/product"}],"replies":[{"embeddable":true,"href":"https:\/\/www.huntersfriend.eu\/de\/wp-json\/wp\/v2\/comments?post=204606"}],"wp:featuredmedia":[{"embeddable":true,"href":"https:\/\/www.huntersfriend.eu\/de\/wp-json\/wp\/v2\/media\/59886"}],"wp:attachment":[{"href":"https:\/\/www.huntersfriend.eu\/de\/wp-json\/wp\/v2\/media?parent=204606"}],"wp:term":[{"taxonomy":"product_brand","embeddable":true,"href":"https:\/\/www.huntersfriend.eu\/de\/wp-json\/wp\/v2\/product_brand?post=204606"},{"taxonomy":"product_cat","embeddable":true,"href":"https:\/\/www.huntersfriend.eu\/de\/wp-json\/wp\/v2\/product_cat?post=204606"},{"taxonomy":"product_tag","embeddable":true,"href":"https:\/\/www.huntersfriend.eu\/de\/wp-json\/wp\/v2\/product_tag?post=204606"}],"curies":[{"name":"wp","href":"https:\/\/api.w.org\/{rel}","templated":true}]}}