{"id":204583,"date":"2018-12-21T08:25:17","date_gmt":"2018-12-21T06:25:17","guid":{"rendered":"https:\/\/www.huntersfriend.eu\/product\/truglo-range-rover-micro-rad-1-pin\/"},"modified":"2025-06-23T11:36:27","modified_gmt":"2025-06-23T09:36:27","slug":"truglo-range-rover-micro-rad-1-pin","status":"publish","type":"product","link":"https:\/\/www.huntersfriend.eu\/de\/produkt\/truglo-range-rover-micro-rad-1-pin\/","title":{"rendered":"TruGlo Range Rover Micro Wheel 1 Pin"},"content":{"rendered":"<ul>\n<li>Unser hellster 1-Pin-Bogenschie\u00dfvisier<\/li>\n<li>Werkzeuglose Verstellung des Rad&#8217;s f\u00fcr die Entferung<\/li>\n<li>Klares, rundes Sichfeld mit Pins aus Metall<\/li>\n<li>Extra lange, vollst\u00e4ndig gesch\u00fctzte und umwickelte Faser<\/li>\n<li>Leichtg\u00e4ngige Aufh\u00e4ngung f\u00fcr einfache Einhandverstellung<\/li>\n<li>Das Visiergeh\u00e4use kann eine 1.87&#8243; Linse fassen (wird separat verkauft)<\/li>\n<li>Enth\u00e4lt \u00fcber 40 vormarkierte Klebestreifen, um das Visier einzuschie\u00dfen<\/li>\n<li>Einstellbarer Entfernungsstopp um die Entfernung zu begrenzen.<\/li>\n<li>Lasermarkierungen zur Einstellung von Seitenwind und H\u00f6he<\/li>\n<li>Der K\u00f6cher kann direkt darauf montiert werden<\/li>\n<li>Anpassbar f\u00fcr Links- und Rechtsh\u00e4nder<\/li>\n<\/ul>\n","protected":false},"excerpt":{"rendered":"<p>Schwarz<\/p>\n","protected":false},"featured_media":210754,"comment_status":"open","ping_status":"closed","template":"","meta":[],"product_brand":[],"product_cat":[1145],"product_tag":[],"class_list":{"0":"post-204583","1":"product","2":"type-product","3":"status-publish","4":"has-post-thumbnail","6":"product_cat-sonstiges","8":"first","9":"outofstock","10":"taxable","11":"shipping-taxable","12":"purchasable","13":"product-type-simple"},"composite_virtual":false,"composite_layout":"","composite_add_to_cart_form_location":"","composite_editable_in_cart":false,"composite_sold_individually_context":"","composite_shop_price_calc":"","composite_components":[],"composite_scenarios":[],"group_of_quantity":0,"min_quantity":0,"max_quantity":"","exclude_order_quantity_value_rules":"no","exclude_category_quantity_rules":"no","combine_variations":"no","exclude_global_add_ons":[],"addons":[],"_links":{"self":[{"href":"https:\/\/www.huntersfriend.eu\/de\/wp-json\/wp\/v2\/product\/204583","targetHints":{"allow":["GET"]}}],"collection":[{"href":"https:\/\/www.huntersfriend.eu\/de\/wp-json\/wp\/v2\/product"}],"about":[{"href":"https:\/\/www.huntersfriend.eu\/de\/wp-json\/wp\/v2\/types\/product"}],"replies":[{"embeddable":true,"href":"https:\/\/www.huntersfriend.eu\/de\/wp-json\/wp\/v2\/comments?post=204583"}],"wp:featuredmedia":[{"embeddable":true,"href":"https:\/\/www.huntersfriend.eu\/de\/wp-json\/wp\/v2\/media\/210754"}],"wp:attachment":[{"href":"https:\/\/www.huntersfriend.eu\/de\/wp-json\/wp\/v2\/media?parent=204583"}],"wp:term":[{"taxonomy":"product_brand","embeddable":true,"href":"https:\/\/www.huntersfriend.eu\/de\/wp-json\/wp\/v2\/product_brand?post=204583"},{"taxonomy":"product_cat","embeddable":true,"href":"https:\/\/www.huntersfriend.eu\/de\/wp-json\/wp\/v2\/product_cat?post=204583"},{"taxonomy":"product_tag","embeddable":true,"href":"https:\/\/www.huntersfriend.eu\/de\/wp-json\/wp\/v2\/product_tag?post=204583"}],"curies":[{"name":"wp","href":"https:\/\/api.w.org\/{rel}","templated":true}]}}