{"id":204576,"date":"2020-10-08T11:20:35","date_gmt":"2020-10-08T09:20:35","guid":{"rendered":"https:\/\/www.huntersfriend.eu\/product\/truglo-fat-bead-universal-red-kuitutahtain\/"},"modified":"2026-02-25T10:35:57","modified_gmt":"2026-02-25T08:35:57","slug":"truglo-fat-bead-universal-red-kuitutahtain","status":"publish","type":"product","link":"https:\/\/www.huntersfriend.eu\/de\/produkt\/truglo-fat-bead-universal-red-kuitutahtain\/","title":{"rendered":"Truglo FAT BEAD\u2122 universelles Faseroptik-Visier"},"content":{"rendered":"<p>Faseroptik-Korn<\/p>\n<div data-content-type=\"row\" data-appearance=\"contained\" data-element=\"main\">\n<div data-enable-parallax=\"0\" data-parallax-speed=\"0.5\" data-background-images=\"{}\" data-element=\"inner\">\n<div data-content-type=\"text\" data-appearance=\"default\" data-element=\"main\">\n<ul>\n<li>Passt auf jede Schienenbreite<\/li>\n<li>Ersetzt das Perlkorn<\/li>\n<li>Das Korn beinhaltet verschieden gro\u00dfe \u201eClips\u201c, um Verdrehen zu verhindern<\/li>\n<li>\u00c4u\u00dferst niedriges Profil<\/li>\n<li>Montagematerial inbegriffen<\/li>\n<li>Von Ducks Unlimited empfohlen<\/li>\n<li>\u00c4u\u00dferst niedriges Profil<\/li>\n<li>Montagematerial inbegriffen<\/li>\n<li>Von Ducks Unlimited empfohlen<\/li>\n<\/ul>\n<p>Breite 2,54 mm, L\u00e4nge 12,7 mm<\/p>\n<\/div>\n<p>Rot, Gr\u00fcn oder zweifarbig<\/p>\n<\/div>\n<\/div>\n","protected":false},"excerpt":{"rendered":"<p>Faseroptik-Korn Passt auf jede Schienenbreite Ersetzt das Perlkorn Das Korn beinhaltet verschieden gro\u00dfe \u201eClips\u201c, um Verdrehen zu verhindern \u00c4u\u00dferst niedriges Profil Montagematerial inbegriffen Von Ducks Unlimited empfohlen \u00c4u\u00dferst niedriges Profil Montagematerial inbegriffen Von Ducks Unlimited empfohlen Breite 2,54 mm, L\u00e4nge 12,7 mm Rot, Gr\u00fcn oder zweifarbig<\/p>\n","protected":false},"featured_media":199496,"comment_status":"open","ping_status":"closed","template":"","meta":[],"product_brand":[],"product_cat":[1359],"product_tag":[],"class_list":{"0":"post-204576","1":"product","2":"type-product","3":"status-publish","4":"has-post-thumbnail","6":"product_cat-slings-accessories-de","8":"first","9":"instock","10":"taxable","11":"shipping-taxable","12":"purchasable","13":"product-type-variable"},"composite_virtual":false,"composite_layout":"","composite_add_to_cart_form_location":"","composite_editable_in_cart":false,"composite_sold_individually_context":"","composite_shop_price_calc":"","composite_components":[],"composite_scenarios":[],"group_of_quantity":0,"min_quantity":0,"max_quantity":"","exclude_order_quantity_value_rules":"no","exclude_category_quantity_rules":"no","combine_variations":"no","exclude_global_add_ons":[],"addons":[],"_links":{"self":[{"href":"https:\/\/www.huntersfriend.eu\/de\/wp-json\/wp\/v2\/product\/204576","targetHints":{"allow":["GET"]}}],"collection":[{"href":"https:\/\/www.huntersfriend.eu\/de\/wp-json\/wp\/v2\/product"}],"about":[{"href":"https:\/\/www.huntersfriend.eu\/de\/wp-json\/wp\/v2\/types\/product"}],"replies":[{"embeddable":true,"href":"https:\/\/www.huntersfriend.eu\/de\/wp-json\/wp\/v2\/comments?post=204576"}],"wp:featuredmedia":[{"embeddable":true,"href":"https:\/\/www.huntersfriend.eu\/de\/wp-json\/wp\/v2\/media\/199496"}],"wp:attachment":[{"href":"https:\/\/www.huntersfriend.eu\/de\/wp-json\/wp\/v2\/media?parent=204576"}],"wp:term":[{"taxonomy":"product_brand","embeddable":true,"href":"https:\/\/www.huntersfriend.eu\/de\/wp-json\/wp\/v2\/product_brand?post=204576"},{"taxonomy":"product_cat","embeddable":true,"href":"https:\/\/www.huntersfriend.eu\/de\/wp-json\/wp\/v2\/product_cat?post=204576"},{"taxonomy":"product_tag","embeddable":true,"href":"https:\/\/www.huntersfriend.eu\/de\/wp-json\/wp\/v2\/product_tag?post=204576"}],"curies":[{"name":"wp","href":"https:\/\/api.w.org\/{rel}","templated":true}]}}