{"id":204555,"date":"2019-02-20T09:48:09","date_gmt":"2019-02-20T07:48:09","guid":{"rendered":"https:\/\/www.huntersfriend.eu\/product\/dead-center-icon-x-625-target-serie\/"},"modified":"2025-08-27T14:13:20","modified_gmt":"2025-08-27T12:13:20","slug":"dead-center-icon-x-625-target-serie","status":"publish","type":"product","link":"https:\/\/www.huntersfriend.eu\/de\/produkt\/dead-center-icon-x-625-target-serie\/","title":{"rendered":"Dead Center-Symbol x 625 Target-Serie"},"content":{"rendered":"<div class=\"cat_description\"><\/div>\n<div class=\"cat_description\">\n<p><strong>Stabilisator-Spezifikationen &#8211;  <\/strong><\/p>\n<p>L\u00e4nge &#8211; 9&#8243; &#8211; Gewicht &#8211; 3,0 oz<\/p>\n<p><span style=\"font-family: Helvetica;\">L\u00e4nge &#8211; 12&#8243; &#8211; Gewicht &#8211; 3,3 oz<\/span><\/p>\n<p>L\u00e4nge &#8211; 15&#8243; &#8211; Gewicht &#8211; 3,6 oz<\/p>\n<p>L\u00e4nge &#8211; 24&#8243; &#8211; Gewicht &#8211; 4,5 oz<\/p>\n<p>L\u00e4nge &#8211; 27&#8243; &#8211; Gewicht &#8211; 4,8 oz<\/p>\n<p>L\u00e4nge &#8211; 30&#8243; &#8211; Gewicht &#8211; 5,2 oz<\/p>\n<p>L\u00e4nge &#8211; 33&#8243; &#8211; Gewicht &#8211; 5,4 oz<\/p>\n<p><b><span style=\"font-family: Helvetica;\">IKONEN WERDEN NICHT GEBOREN, SIE WERDEN GESCHAFFEN.<\/span><\/b><\/p>\n<p>Die Iconx-Serie der Premium-Zielstabilisatoren wurde entwickelt, um die Anforderungen professioneller und aufstrebender Bogensch\u00fctzen an h\u00f6chste Qualit\u00e4t und Leistung zu erf\u00fcllen und zu \u00fcbertreffen. Gefertigt aus hochwertigem Hochmodul-Kohlefaserrohr mit geringem Durchmesser und fachkundig konstruierten Aluminium-Endkappen fordert die Iconx 625-Serie geradezu dazu auf, von den besten Bogensch\u00fctzen auf die ultimative Probe gestellt zu werden. <\/p>\n<p><span style=\"color: #339966;\"><strong>F\u00fcr Dead Center-Stabilisatorprodukte, die nicht auf unserer Website gezeigt werden, kontaktieren Sie uns bitte direkt. Wir sind der europ\u00e4ische Vertriebspartner f\u00fcr alle Dead Center-Produkte und k\u00f6nnen Ihnen problemlos die gew\u00fcnschte Gr\u00f6\u00dfe und Farbe beschaffen. <\/strong><\/span><\/p>\n<p><strong>Eingesetzte Technologie &#8211;<br \/>\n<\/strong><\/p>\n<table class=\"mceItemTable\" style=\"width: 420px; height: 78px;\">\n<tbody>\n<tr>\n<td><img decoding=\"async\" src=\"https:\/\/www.deadcenterarchery.com\/High-Modulus-icon.jpg\" width=\"150\" height=\"81\"><\/td>\n<td>Hochwertiges Hochmodul-Kohlefaserrohr in Gewebeausf\u00fchrung macht den Iconx zu unserem steifsten Stabilisator f\u00fcr optimierte Stabilit\u00e4t und Pr\u00e4zision. Der schlanke Durchmesser von 5\/8&#8243; reduziert die Auswirkungen des Windes. <\/td>\n<\/tr>\n<tr>\n<td><img decoding=\"async\" src=\"https:\/\/www.deadcenterarchery.com\/Precision-Machined-icon.jpg\" alt=\"\" width=\"150\" height=\"65\"><\/td>\n<td>Speziell f\u00fcr Iconx konzipierte Aluminium-Endkappen sorgen f\u00fcr eine besonders solide Verbindung zur Minimierung von Vibrationen und Biegung.<\/td>\n<\/tr>\n<tr>\n<td><img decoding=\"async\" src=\"https:\/\/www.deadcenterarchery.com\/Indexing-Stud.png\" alt=\"\" width=\"150\" height=\"67\"><\/td>\n<td>Der doppelt gewindete Indexierungsstift erm\u00f6glicht die korrekte Ausrichtung der Logos bei der Installation des Stabilisators.<\/td>\n<\/tr>\n<tr>\n<td><img decoding=\"async\" src=\"https:\/\/www.deadcenterarchery.com\/Custom-Balance-Weights.png\" alt=\"\" width=\"150\" height=\"75\"><\/td>\n<td>Stabilisatoren der Iconx-Serie nehmen 1\/4-20 Zoll Gewinde Custom Balance Gewichte auf, wodurch Sie Ihre Gewichtskonfiguration individuell an Ihre spezifischen Bed\u00fcrfnisse anpassen k\u00f6nnen. Gewichte und Zubeh\u00f6r sind separat erh\u00e4ltlich. <\/td>\n<\/tr>\n<\/tbody>\n<\/table>\n<\/div>\n<div class=\"cat_description\"><\/div>\n","protected":false},"excerpt":{"rendered":"<p>Nur in Schwarz erh\u00e4ltlich<\/p>\n","protected":false},"featured_media":66959,"comment_status":"open","ping_status":"closed","template":"","meta":[],"product_brand":[],"product_cat":[1122,1248],"product_tag":[],"class_list":{"0":"post-204555","1":"product","2":"type-product","3":"status-publish","4":"has-post-thumbnail","6":"product_cat-lange-target-stabilisatoren","7":"product_cat-kurze-stabilisatoren-scheibenschiessen","9":"first","10":"instock","11":"taxable","12":"shipping-taxable","13":"purchasable","14":"product-type-variable"},"composite_virtual":false,"composite_layout":"","composite_add_to_cart_form_location":"","composite_editable_in_cart":false,"composite_sold_individually_context":"","composite_shop_price_calc":"","composite_components":[],"composite_scenarios":[],"group_of_quantity":0,"min_quantity":0,"max_quantity":"","exclude_order_quantity_value_rules":"no","exclude_category_quantity_rules":"no","combine_variations":"no","exclude_global_add_ons":[],"addons":[],"_links":{"self":[{"href":"https:\/\/www.huntersfriend.eu\/de\/wp-json\/wp\/v2\/product\/204555","targetHints":{"allow":["GET"]}}],"collection":[{"href":"https:\/\/www.huntersfriend.eu\/de\/wp-json\/wp\/v2\/product"}],"about":[{"href":"https:\/\/www.huntersfriend.eu\/de\/wp-json\/wp\/v2\/types\/product"}],"replies":[{"embeddable":true,"href":"https:\/\/www.huntersfriend.eu\/de\/wp-json\/wp\/v2\/comments?post=204555"}],"wp:featuredmedia":[{"embeddable":true,"href":"https:\/\/www.huntersfriend.eu\/de\/wp-json\/wp\/v2\/media\/66959"}],"wp:attachment":[{"href":"https:\/\/www.huntersfriend.eu\/de\/wp-json\/wp\/v2\/media?parent=204555"}],"wp:term":[{"taxonomy":"product_brand","embeddable":true,"href":"https:\/\/www.huntersfriend.eu\/de\/wp-json\/wp\/v2\/product_brand?post=204555"},{"taxonomy":"product_cat","embeddable":true,"href":"https:\/\/www.huntersfriend.eu\/de\/wp-json\/wp\/v2\/product_cat?post=204555"},{"taxonomy":"product_tag","embeddable":true,"href":"https:\/\/www.huntersfriend.eu\/de\/wp-json\/wp\/v2\/product_tag?post=204555"}],"curies":[{"name":"wp","href":"https:\/\/api.w.org\/{rel}","templated":true}]}}