{"id":204546,"date":"2019-02-20T10:05:17","date_gmt":"2019-02-20T08:05:17","guid":{"rendered":"https:\/\/www.huntersfriend.eu\/product\/dead-center-diamond-target-serie\/"},"modified":"2025-06-23T11:35:12","modified_gmt":"2025-06-23T09:35:12","slug":"dead-center-diamond-target-serie","status":"publish","type":"product","link":"https:\/\/www.huntersfriend.eu\/de\/produkt\/dead-center-diamond-target-serie\/","title":{"rendered":"Dead Center Diamond Target Serie"},"content":{"rendered":"<div class=\"cat_description\"><b>Stabilisator-Spezifikationen &#8211;<br \/>\n<\/b><\/div>\n<div class=\"cat_description\">\n<div class=\"cat_description\">\n<p>L\u00e4nge &#8211; 8&#8243; &#8211; Gewicht &#8211; 2,8 oz<\/p>\n<\/div>\n<div class=\"cat_description\">\n<p>L\u00e4nge &#8211; 10&#8243; &#8211; Gewicht &#8211; 3,0 oz<\/p>\n<p>L\u00e4nge &#8211; 12&#8243; &#8211; Gewicht &#8211; 3,2 oz<\/p>\n<p>L\u00e4nge &#8211; 15&#8243; &#8211; Gewicht &#8211; 3,6 oz<\/p>\n<p>L\u00e4nge &#8211; 24&#8243; &#8211; Gewicht &#8211; 4,6 oz<\/p>\n<p>L\u00e4nge &#8211; 28&#8243; &#8211; Gewicht &#8211; 4,9 oz<\/p>\n<\/div>\n<div class=\"cat_description\">\n<p>L\u00e4nge &#8211; 30&#8243; &#8211; Gewicht &#8211; 5,3 oz<\/p>\n<p>L\u00e4nge &#8211; 33&#8243; &#8211; Gewicht &#8211; 5,5 oz<\/p>\n<p><b>Diamond Serie Premium-Zielstabilisator<\/b><\/p>\n<p><em>PR\u00c4ZISIONSGEFERTIGT. FELSENFEST. PERFEKTE BALANCE.   <\/em><\/p>\n<p>Die Diamond Serie ist unsere technologisch fortschrittlichste und pr\u00e4zisionsgefortigte Stabilisierungsl\u00f6sung bis dato. Ausgestattet mit 5\/8&#8243; Ultra-Hochmodul-Karbonfaserr\u00f6hren bietet die Diamond Serie eine un\u00fcbertroffene Balance und Stabilit\u00e4t, ein felsenfestes Zielerlebnis und drastisch reduzierte Windanf\u00e4lligkeit. Die Premium Ultra-Hochmodul-Karbonfaserr\u00f6hren reduzieren das Gesamtgewicht erheblich bei gleichzeitiger Erh\u00f6hung der Stabilisatorsteifigkeit, was zu einer Pr\u00e4zisionsbalance f\u00fcr ultimative Stabilit\u00e4t und wettbewerbsbrechende Genauigkeit f\u00fchrt. Neu gestaltete Aluminium-Sechskant-Endkappen verf\u00fcgen nun \u00fcber einen doppelt gewindeten Indexierungsstift mit einer Feststellschraube, um das sch\u00fctzende Stabilisator-Wrap-Dekal richtig auszurichten. Die Endkappen sind mit 1\/4-20 Gewinde versehen, um Custom Balance Gewichte und Zubeh\u00f6r aufzunehmen. Das ultrasteife Karbonmaterial in Verbindung mit unserem internen Antivibrationsmaterial erholt sich nach dem Schuss schneller, was zu weniger sp\u00fcrbaren Vibrationen f\u00fchrt.     <\/p>\n<p>ULTRASTEIF. ULTRASCHLANK. ULTRALEISTUNGSF\u00c4HIG.  <\/p>\n<p><span style=\"color: #339966;\"><strong>F\u00fcr Dead Center-Stabilisatorprodukte, die nicht auf unserer Website gezeigt werden, kontaktieren Sie uns bitte direkt. Wir sind der europ\u00e4ische Vertriebspartner f\u00fcr alle Dead Center-Produkte und k\u00f6nnen Ihnen problemlos die gew\u00fcnschte Gr\u00f6\u00dfe und Farbe beschaffen. <\/strong><\/span><\/p>\n<\/div>\n<div class=\"cat_description\">\n<p><strong>Eingesetzte Technologie &#8211;<\/strong><\/p>\n<table class=\"mceItemTable\" style=\"width: 554px; height: 289px;\">\n<tbody>\n<tr>\n<td><img decoding=\"async\" src=\"https:\/\/www.deadcenterarchery.com\/Ultra-High-Modulus.png\" width=\"108\" height=\"48\"><\/td>\n<td>Premium Ultra-Hochmodul-Karbonr\u00f6hren bieten einen ultrasteifen und leichten Stabilisator, der sich nach dem Schuss schneller erholt und minimierte Vibrationen aufweist. Der Au\u00dfendurchmesser von nur 5\/8&#8243; reduziert die Windanf\u00e4lligkeit und ist ideal f\u00fcr die Leistung im Freien. <\/p>\n<hr>\n<\/td>\n<\/tr>\n<tr>\n<td><img alt=\"\" width=\"108\" height=\"54\"><img decoding=\"async\" src=\"https:\/\/www.deadcenterarchery.com\/Aluminum-6061.png\" alt=\"\" width=\"108\" height=\"54\"><\/td>\n<td>Neu gestaltete, pr\u00e4zisions-CNC-gefr\u00e4ste Sechskant-Endkappen aus 6061-T6 Aluminium schlie\u00dfen jeden Stabilisator ab. Die Endkappe ist mit einem 1\/4-20 Gewinde versehen, um Custom Balance Gewichte und BowJax Zubeh\u00f6r aufzunehmen. Das Befestigungsende ist mit einem standardm\u00e4\u00dfigen 5\/16-24 Gewindestift ausgestattet, zur Montage am Bogen oder an der Befestigungshardware.  <\/p>\n<hr>\n<\/td>\n<\/tr>\n<tr>\n<td><img alt=\"\" width=\"108\" height=\"48\"><img decoding=\"async\" src=\"https:\/\/www.deadcenterarchery.com\/Indexing-Stud.png\" alt=\"\" width=\"108\" height=\"48\"><\/td>\n<td>Die Diamond Serie verf\u00fcgt \u00fcber einen pr\u00e4zisionsgefertigten Doppelgewinde-Indexierungsstift zur korrekten Ausrichtung der Schutzumwicklung bei installiertem Stabilisator.<\/p>\n<hr>\n<\/td>\n<\/tr>\n<tr>\n<td><img decoding=\"async\" src=\"https:\/\/www.deadcenterarchery.com\/Ful-Wrap-Icon.jpg\" width=\"139\" height=\"39\"><\/td>\n<td>Die Target Serie Stabilisatoren werden komplett mit unserer speziell angefertigten Vinyl-Schutzumwicklung f\u00fcr den Stabilisator geliefert.<\/p>\n<hr>\n<\/td>\n<\/tr>\n<tr>\n<td><img alt=\"\" width=\"108\" height=\"54\"><img decoding=\"async\" src=\"https:\/\/www.deadcenterarchery.com\/Custom-Balance-Weights.png\" alt=\"\" width=\"108\" height=\"54\"><\/td>\n<td>Die Target Serie Stabilisatoren nehmen Custom Balance Gewichte auf, sodass Sie Ihre Gewichtskonfiguration individuell auf Ihre spezifischen Bed\u00fcrfnisse abstimmen k\u00f6nnen. (separat erh\u00e4ltlich)<br \/>\nBessere Balance = ein besserer Schuss und engere Gruppierungen. Punkt.  <\/td>\n<\/tr>\n<\/tbody>\n<\/table>\n<\/div>\n<\/div>\n<div class=\"cat_description\"><\/div>\n","protected":false},"excerpt":{"rendered":"<p>Schwarz<\/p>\n","protected":false},"featured_media":66963,"comment_status":"open","ping_status":"closed","template":"","meta":[],"product_brand":[],"product_cat":[1122,1248],"product_tag":[],"class_list":{"0":"post-204546","1":"product","2":"type-product","3":"status-publish","4":"has-post-thumbnail","6":"product_cat-lange-target-stabilisatoren","7":"product_cat-kurze-stabilisatoren-scheibenschiessen","9":"first","10":"instock","11":"taxable","12":"shipping-taxable","13":"purchasable","14":"product-type-variable"},"composite_virtual":false,"composite_layout":"","composite_add_to_cart_form_location":"","composite_editable_in_cart":false,"composite_sold_individually_context":"","composite_shop_price_calc":"","composite_components":[],"composite_scenarios":[],"group_of_quantity":0,"min_quantity":0,"max_quantity":"","exclude_order_quantity_value_rules":"no","exclude_category_quantity_rules":"no","combine_variations":"no","exclude_global_add_ons":[],"addons":[],"_links":{"self":[{"href":"https:\/\/www.huntersfriend.eu\/de\/wp-json\/wp\/v2\/product\/204546","targetHints":{"allow":["GET"]}}],"collection":[{"href":"https:\/\/www.huntersfriend.eu\/de\/wp-json\/wp\/v2\/product"}],"about":[{"href":"https:\/\/www.huntersfriend.eu\/de\/wp-json\/wp\/v2\/types\/product"}],"replies":[{"embeddable":true,"href":"https:\/\/www.huntersfriend.eu\/de\/wp-json\/wp\/v2\/comments?post=204546"}],"wp:featuredmedia":[{"embeddable":true,"href":"https:\/\/www.huntersfriend.eu\/de\/wp-json\/wp\/v2\/media\/66963"}],"wp:attachment":[{"href":"https:\/\/www.huntersfriend.eu\/de\/wp-json\/wp\/v2\/media?parent=204546"}],"wp:term":[{"taxonomy":"product_brand","embeddable":true,"href":"https:\/\/www.huntersfriend.eu\/de\/wp-json\/wp\/v2\/product_brand?post=204546"},{"taxonomy":"product_cat","embeddable":true,"href":"https:\/\/www.huntersfriend.eu\/de\/wp-json\/wp\/v2\/product_cat?post=204546"},{"taxonomy":"product_tag","embeddable":true,"href":"https:\/\/www.huntersfriend.eu\/de\/wp-json\/wp\/v2\/product_tag?post=204546"}],"curies":[{"name":"wp","href":"https:\/\/api.w.org\/{rel}","templated":true}]}}