{"id":204538,"date":"2019-02-20T10:18:02","date_gmt":"2019-02-20T08:18:02","guid":{"rendered":"https:\/\/www.huntersfriend.eu\/product\/204538\/"},"modified":"2025-08-08T04:22:39","modified_gmt":"2025-08-08T02:22:39","slug":"dead-center-dead-steady-target-serie","status":"publish","type":"product","link":"https:\/\/www.huntersfriend.eu\/de\/produkt\/dead-center-dead-steady-target-serie\/","title":{"rendered":"Dead Center Dead Steady Target Serie"},"content":{"rendered":"<p><b>Stabilisator-Spezifikationen &#8211;  <\/b><\/p>\n<p>L\u00e4nge &#8211; 8&#8243; &#8211; Gewicht &#8211; 3,8 oz<\/p>\n<p>L\u00e4nge &#8211; 10&#8243; &#8211; Gewicht &#8211; 4,2 oz<\/p>\n<p>L\u00e4nge &#8211; 12&#8243; &#8211; Gewicht &#8211; 4,5 oz<\/p>\n<p>L\u00e4nge &#8211; 15&#8243; &#8211; Gewicht &#8211; 5,0 oz<\/p>\n<p>L\u00e4nge &#8211; 24&#8243; &#8211; Gewicht &#8211; 6,6 oz<\/p>\n<p>L\u00e4nge &#8211; 28&#8243; &#8211; Gewicht &#8211; 7,3 oz<\/p>\n<p>L\u00e4nge &#8211; 30&#8243; &#8211; Gewicht &#8211; 7,7 oz<\/p>\n<p>Die Dead Steady Target Serie von Stabilisatoren bietet die bew\u00e4hrte Leistung und Stabilit\u00e4t, die anspruchsvolle Zielsch\u00fctzen fordern, ohne den Premium-Preis. Dieses Arbeitspferd \u00fcbertrifft konventionelle Erwartungen durch seine ultrastarke und starre Pultruded Carbon-Konstruktion und pr\u00e4zisionsgefertigte Aluminium-Sechskant-Endkappen. Dead Steady Stabilisatoren verf\u00fcgen \u00fcber ein propriet\u00e4res Antivibrationsmaterial im Inneren, um Vibrationen Schuss f\u00fcr Schuss zu eliminieren. Dead Steady Stabilisatoren werden in verschiedenen L\u00e4ngen angeboten, um den Bed\u00fcrfnissen jedes Bogensch\u00fctzen gerecht zu werden und ein optimales Gleichgewicht zu erzielen.   <\/p>\n<div class=\"cat_description\">\n<p><span style=\"color: #339966;\"><strong>F\u00fcr Dead Center-Stabilisatorprodukte, die nicht auf unserer Website gezeigt werden, kontaktieren Sie uns bitte direkt. Wir sind der europ\u00e4ische Vertriebspartner f\u00fcr alle Dead Center-Produkte und k\u00f6nnen Ihnen problemlos die gew\u00fcnschte Gr\u00f6\u00dfe und Farbe beschaffen. <\/strong><\/span><\/p>\n<\/div>\n<div class=\"cat_description\">\n<p><strong>Eingesetzte Technologie &#8211;<\/strong><\/p>\n<table class=\"mceItemTable\" style=\"width: 554px; height: 289px;\">\n<tbody>\n<tr>\n<td><img alt=\"\" width=\"108\" height=\"54\"><img decoding=\"async\" src=\"https:\/\/www.deadcenterarchery.com\/Pultruded-Carbon.png\" alt=\"\" width=\"108\" height=\"54\"><\/td>\n<td>Steifes Pultruded Carbon-Rohr mit 3\/4&#8243; Durchmesser bietet eine ideale Kombination aus Steifigkeit, Stabilit\u00e4t und St\u00e4rke<\/p>\n<hr>\n<\/td>\n<\/tr>\n<tr>\n<td><img alt=\"\" width=\"108\" height=\"54\"><img decoding=\"async\" src=\"https:\/\/www.deadcenterarchery.com\/Aluminum-6061.png\" alt=\"\" width=\"108\" height=\"54\"><\/td>\n<td>Pr\u00e4zisionsgefertigte CNC-bearbeitete Sechskant-Endkappen aus 6061-T6 Aluminium schlie\u00dfen jeden Dead Silent Carbon Hunting Series Stabilisator ab. Die Endkappe ist mit 1\/4-20 Gewinde versehen, um Custom Balance Weights und BowJax-Zubeh\u00f6r aufzunehmen. Das Befestigungsende ist mit einem Standard 5\/16-24 Gewindestift ausgestattet, um den Stabilisator am Bogen oder an der Montagehardware zu installieren.  <\/p>\n<hr>\n<\/td>\n<\/tr>\n<tr>\n<td><img decoding=\"async\" src=\"https:\/\/www.deadcenterarchery.com\/Ful-Wrap-Icon.jpg\" alt=\"\" width=\"139\" height=\"39\"><\/td>\n<td>Dead Steady Stabilisatoren werden mit unserem sch\u00fctzenden Stabilisator FullWrap geliefert, der in 10 benutzerdefinierten Farben erh\u00e4ltlich ist.<\/p>\n<hr>\n<\/td>\n<\/tr>\n<tr>\n<td><img alt=\"\" width=\"108\" height=\"54\"><img decoding=\"async\" src=\"https:\/\/www.deadcenterarchery.com\/Custom-Balance-Weights.png\" alt=\"\" width=\"108\" height=\"54\"><\/td>\n<td>Stabilisatoren der Target Serie akzeptieren Custom Balance Weights, die es Ihnen erm\u00f6glichen, Ihre Gewichtskonfiguration nach Ihren spezifischen Bed\u00fcrfnissen anzupassen. (separat erh\u00e4ltlich)<br \/>\nBessere Balance = ein besserer Schuss und engere Gruppen. Punkt.  <\/td>\n<\/tr>\n<\/tbody>\n<\/table>\n<\/div>\n","protected":false},"excerpt":{"rendered":"<p>Schwarz &#8211; F\u00fcr andere Farben kontaktieren Sie uns bitte<\/p>\n","protected":false},"featured_media":66966,"comment_status":"open","ping_status":"closed","template":"","meta":[],"product_brand":[],"product_cat":[1122,1248],"product_tag":[],"class_list":{"0":"post-204538","1":"product","2":"type-product","3":"status-publish","4":"has-post-thumbnail","6":"product_cat-lange-target-stabilisatoren","7":"product_cat-kurze-stabilisatoren-scheibenschiessen","9":"first","10":"instock","11":"taxable","12":"shipping-taxable","13":"purchasable","14":"product-type-variable"},"composite_virtual":false,"composite_layout":"","composite_add_to_cart_form_location":"","composite_editable_in_cart":false,"composite_sold_individually_context":"","composite_shop_price_calc":"","composite_components":[],"composite_scenarios":[],"group_of_quantity":0,"min_quantity":0,"max_quantity":"","exclude_order_quantity_value_rules":"no","exclude_category_quantity_rules":"no","combine_variations":"no","exclude_global_add_ons":[],"addons":[],"_links":{"self":[{"href":"https:\/\/www.huntersfriend.eu\/de\/wp-json\/wp\/v2\/product\/204538","targetHints":{"allow":["GET"]}}],"collection":[{"href":"https:\/\/www.huntersfriend.eu\/de\/wp-json\/wp\/v2\/product"}],"about":[{"href":"https:\/\/www.huntersfriend.eu\/de\/wp-json\/wp\/v2\/types\/product"}],"replies":[{"embeddable":true,"href":"https:\/\/www.huntersfriend.eu\/de\/wp-json\/wp\/v2\/comments?post=204538"}],"wp:featuredmedia":[{"embeddable":true,"href":"https:\/\/www.huntersfriend.eu\/de\/wp-json\/wp\/v2\/media\/66966"}],"wp:attachment":[{"href":"https:\/\/www.huntersfriend.eu\/de\/wp-json\/wp\/v2\/media?parent=204538"}],"wp:term":[{"taxonomy":"product_brand","embeddable":true,"href":"https:\/\/www.huntersfriend.eu\/de\/wp-json\/wp\/v2\/product_brand?post=204538"},{"taxonomy":"product_cat","embeddable":true,"href":"https:\/\/www.huntersfriend.eu\/de\/wp-json\/wp\/v2\/product_cat?post=204538"},{"taxonomy":"product_tag","embeddable":true,"href":"https:\/\/www.huntersfriend.eu\/de\/wp-json\/wp\/v2\/product_tag?post=204538"}],"curies":[{"name":"wp","href":"https:\/\/api.w.org\/{rel}","templated":true}]}}