{"id":204531,"date":"2020-03-13T13:54:33","date_gmt":"2020-03-13T11:54:33","guid":{"rendered":"https:\/\/www.huntersfriend.eu\/product\/dead-center-dead-silent-verge-stabilisator\/"},"modified":"2025-07-30T12:53:33","modified_gmt":"2025-07-30T10:53:33","slug":"dead-center-dead-silent-verge-stabilisator","status":"publish","type":"product","link":"https:\/\/www.huntersfriend.eu\/de\/produkt\/dead-center-dead-silent-verge-stabilisator\/","title":{"rendered":"Dead Center Dead Silent Verge Stabilisator"},"content":{"rendered":"<p>Erleben Sie den Verge mit seinem leistungsf\u00e4higen Profil f\u00fcr verbesserte Stabilit\u00e4t und \u00fcberlegene Ger\u00e4uschd\u00e4mpfung.<\/p>\n<p><strong>Merkmale:<\/strong><\/p>\n<ul>\n<li>Das innovative Design des Endst\u00fcckes bietet ein schlankes Profil und eine \u00fcberragende Vibrationsd\u00e4mpfung und sch\u00fctzt gleichzeitig das Ende des Stabilisators. Die Stellschraube erm\u00f6glicht eine pr\u00e4zise Ausrichtung. 1\/4-20-Gewinde zur Aufnahme von Custom Balance-Gewichten, so dass Sie Ihre Balance nach Vorne optimale anpassen k\u00f6nnen<\/li>\n<li>Pr\u00e4zisionsgefertigte Aluminium-Endkappen sorgen f\u00fcr eine besonders solide Verbindung, die die \u00dcbertragung von Vibrationen reduziert.<\/li>\n<li>Ein Dualer Indexierungsbolzen erm\u00f6glicht eine korrekte Ausrichtung<\/li>\n<li>Leichte Carbon-Rohre f\u00fcr die ideale Kombination aus Ger\u00e4uschd\u00e4mpfung und Stabilit\u00e4t ohne zus\u00e4tzliches Gewicht oder sp\u00fcrbare Vibrationen<\/li>\n<\/ul>\n<p><strong>Merkmale:<\/strong><\/p>\n<ul>\n<li>7&#8243; L\u00e4nge<\/li>\n<li>4,9 Unzen<\/li>\n<li>Inklusive (2) 1oz Custom Balance Gewichte<\/li>\n<\/ul>\n<p>&nbsp;<\/p>\n<ul>\n<li>9&#8243;-L\u00e4nge<\/li>\n<li>5,3 Unzen<\/li>\n<li>Inklusive (2) 1oz Custom Balance-Gewichte<\/li>\n<\/ul>\n<p>&nbsp;<\/p>\n<ul>\n<li>12&#8243;-L\u00e4nge<\/li>\n<li>5,6 Unzen<\/li>\n<li>Inklusive (2) 1oz Custom Balance Gewichte<\/li>\n<\/ul>\n","protected":false},"excerpt":{"rendered":"<p>Erleben Sie den Verge mit seinem leistungsf\u00e4higen Profil f\u00fcr verbesserte Stabilit\u00e4t und \u00fcberlegene Ger\u00e4uschd\u00e4mpfung. Merkmale: Das innovative Design des Endst\u00fcckes bietet ein schlankes Profil und eine \u00fcberragende Vibrationsd\u00e4mpfung und sch\u00fctzt gleichzeitig das Ende des Stabilisators. Die Stellschraube erm\u00f6glicht eine pr\u00e4zise Ausrichtung. 1\/4-20-Gewinde zur Aufnahme von Custom Balance-Gewichten, so dass Sie Ihre Balance nach Vorne optimale [&#8230;]\n","protected":false},"featured_media":185880,"comment_status":"open","ping_status":"closed","template":"","meta":[],"product_brand":[],"product_cat":[1121],"product_tag":[],"class_list":{"0":"post-204531","1":"product","2":"type-product","3":"status-publish","4":"has-post-thumbnail","6":"product_cat-jagd-stabilisatoren","8":"first","9":"instock","10":"taxable","11":"shipping-taxable","12":"purchasable","13":"product-type-variable"},"composite_virtual":false,"composite_layout":"","composite_add_to_cart_form_location":"","composite_editable_in_cart":false,"composite_sold_individually_context":"","composite_shop_price_calc":"","composite_components":[],"composite_scenarios":[],"group_of_quantity":0,"min_quantity":0,"max_quantity":"","exclude_order_quantity_value_rules":"no","exclude_category_quantity_rules":"no","combine_variations":"no","exclude_global_add_ons":[],"addons":[],"_links":{"self":[{"href":"https:\/\/www.huntersfriend.eu\/de\/wp-json\/wp\/v2\/product\/204531","targetHints":{"allow":["GET"]}}],"collection":[{"href":"https:\/\/www.huntersfriend.eu\/de\/wp-json\/wp\/v2\/product"}],"about":[{"href":"https:\/\/www.huntersfriend.eu\/de\/wp-json\/wp\/v2\/types\/product"}],"replies":[{"embeddable":true,"href":"https:\/\/www.huntersfriend.eu\/de\/wp-json\/wp\/v2\/comments?post=204531"}],"wp:featuredmedia":[{"embeddable":true,"href":"https:\/\/www.huntersfriend.eu\/de\/wp-json\/wp\/v2\/media\/185880"}],"wp:attachment":[{"href":"https:\/\/www.huntersfriend.eu\/de\/wp-json\/wp\/v2\/media?parent=204531"}],"wp:term":[{"taxonomy":"product_brand","embeddable":true,"href":"https:\/\/www.huntersfriend.eu\/de\/wp-json\/wp\/v2\/product_brand?post=204531"},{"taxonomy":"product_cat","embeddable":true,"href":"https:\/\/www.huntersfriend.eu\/de\/wp-json\/wp\/v2\/product_cat?post=204531"},{"taxonomy":"product_tag","embeddable":true,"href":"https:\/\/www.huntersfriend.eu\/de\/wp-json\/wp\/v2\/product_tag?post=204531"}],"curies":[{"name":"wp","href":"https:\/\/api.w.org\/{rel}","templated":true}]}}