{"id":204526,"date":"2021-04-09T11:24:12","date_gmt":"2021-04-09T09:24:12","guid":{"rendered":"https:\/\/www.huntersfriend.eu\/product\/dead-center-dead-level-hunter-lite-v2-10-ja-8-re\/"},"modified":"2025-11-03T20:12:31","modified_gmt":"2025-11-03T18:12:31","slug":"dead-center-dead-level-hunter-lite-v2-10-ja-8-re","status":"publish","type":"product","link":"https:\/\/www.huntersfriend.eu\/de\/produkt\/dead-center-dead-level-hunter-lite-v2-10-ja-8-re\/","title":{"rendered":"Dead Center dead level Hunter lite V2"},"content":{"rendered":"<p>Das Dead Lever Hunter V2 Lite ist ein Komplettset mit allem Notwendigen, um nahezu jedes Bogenjagd-Setup pr\u00e4zise auszubalancieren und einzustellen, f\u00fcr ein optimales Zielerlebnis und erh\u00f6hte Pr\u00e4zision, jedoch in einem leichteren, preisg\u00fcnstigeren Set.<\/p>\n<p>Komplettsystem beinhaltet &#8211;<\/p>\n<ul>\n<li>2 Dead Silent Hunting Series &#8211; Carbon V2 Stabilisatoren f\u00fcr vibrationsd\u00e4mpfende Stabilit\u00e4t<\/li>\n<li>1 Diamond Series Lite-Halterung, die 20% leichter ist als die Halterung im urspr\u00fcnglichen Dead Level Hunter Kit, aber dennoch unbegrenzte Einstellm\u00f6glichkeiten bietet, eine felsenfeste Verbindung, die sich einfach nicht durch Vibrationen l\u00f6st, und das untere hintere Montageloch am Bogengriff nutzt.<\/li>\n<li>6 Custom Balance 1-Unzen-Gewichte f\u00fcr optimale Balanceabstimmung<\/li>\n<li>2 Aluminium-Gewichtskappen f\u00fcr ein schlankes, fertiges Aussehen<\/li>\n<\/ul>\n<p>Eingesetzte Technologie &#8211;<\/p>\n<ul>\n<li>Kohlefaserr\u00f6hren bieten die ultimative Kombination aus Ger\u00e4uschd\u00e4mpfung und Stabilit\u00e4t ohne zus\u00e4tzliches Gewicht oder sp\u00fcrbare Vibrationen.<\/li>\n<li>\u00dcberlegene Vibrationsd\u00e4mpfung und Ger\u00e4uschunterdr\u00fcckung. Hergestellt aus bew\u00e4hrtem BowJax-Material. <\/li>\n<li> V2 Jagdstabilisatoren beinhalten Custom Balance Gewichte, die es Ihnen erm\u00f6glichen, Ihre Gewichtskonfiguration an Ihre spezifischen Bed\u00fcrfnisse anzupassen.<\/li>\n<li>Die Hardware der Diamond-Serie ist pr\u00e4zise konstruiert f\u00fcr felsenfeste Leistung und perfekte Balance.<\/li>\n<li>6 Unzen anpassbares Gewicht bieten optimale Balance, indem Sie Ihre Gewichtskonfiguration auf Ihre spezifischen Bed\u00fcrfnisse zuschneiden k\u00f6nnen.<\/li>\n<\/ul>\n<p>Beinhaltet &#8211;<br \/>\n(2) V2-Stabilisatoren, (6) 1oz Custom Balance Gewichte 1\/4-20, (1) Diamond Series Single Lite Halterung<\/p>\n<p>Produktspezifikationen &#8211;<br \/>\nStabilisatorl\u00e4nge &#8211; 8&#8243; &amp; 6&#8243;<br \/>\nStabilisatorl\u00e4nge &#8211; 10&#8243; &amp; 8&#8243;<\/p>\n","protected":false},"excerpt":{"rendered":"<p>V&#8220;-Kombination mit Diamond Series Single Lite Halterung<\/p>\n","protected":false},"featured_media":203301,"comment_status":"open","ping_status":"closed","template":"","meta":[],"product_brand":[],"product_cat":[1121],"product_tag":[],"class_list":{"0":"post-204526","1":"product","2":"type-product","3":"status-publish","4":"has-post-thumbnail","6":"product_cat-jagd-stabilisatoren","8":"first","9":"instock","10":"taxable","11":"shipping-taxable","12":"purchasable","13":"product-type-variable","14":"has-default-attributes"},"composite_virtual":false,"composite_layout":"","composite_add_to_cart_form_location":"","composite_editable_in_cart":false,"composite_sold_individually_context":"","composite_shop_price_calc":"","composite_components":[],"composite_scenarios":[],"group_of_quantity":0,"min_quantity":0,"max_quantity":"","exclude_order_quantity_value_rules":"no","exclude_category_quantity_rules":"no","combine_variations":"no","exclude_global_add_ons":[],"addons":[],"_links":{"self":[{"href":"https:\/\/www.huntersfriend.eu\/de\/wp-json\/wp\/v2\/product\/204526","targetHints":{"allow":["GET"]}}],"collection":[{"href":"https:\/\/www.huntersfriend.eu\/de\/wp-json\/wp\/v2\/product"}],"about":[{"href":"https:\/\/www.huntersfriend.eu\/de\/wp-json\/wp\/v2\/types\/product"}],"replies":[{"embeddable":true,"href":"https:\/\/www.huntersfriend.eu\/de\/wp-json\/wp\/v2\/comments?post=204526"}],"wp:featuredmedia":[{"embeddable":true,"href":"https:\/\/www.huntersfriend.eu\/de\/wp-json\/wp\/v2\/media\/203301"}],"wp:attachment":[{"href":"https:\/\/www.huntersfriend.eu\/de\/wp-json\/wp\/v2\/media?parent=204526"}],"wp:term":[{"taxonomy":"product_brand","embeddable":true,"href":"https:\/\/www.huntersfriend.eu\/de\/wp-json\/wp\/v2\/product_brand?post=204526"},{"taxonomy":"product_cat","embeddable":true,"href":"https:\/\/www.huntersfriend.eu\/de\/wp-json\/wp\/v2\/product_cat?post=204526"},{"taxonomy":"product_tag","embeddable":true,"href":"https:\/\/www.huntersfriend.eu\/de\/wp-json\/wp\/v2\/product_tag?post=204526"}],"curies":[{"name":"wp","href":"https:\/\/api.w.org\/{rel}","templated":true}]}}