{"id":204516,"date":"2019-02-19T12:47:02","date_gmt":"2019-02-19T10:47:02","guid":{"rendered":"https:\/\/www.huntersfriend.eu\/product\/dead-center-dead-silent-hunting-carbon-v2-serie\/"},"modified":"2025-08-27T14:13:04","modified_gmt":"2025-08-27T12:13:04","slug":"dead-center-dead-silent-hunting-carbon-v2-serie","status":"publish","type":"product","link":"https:\/\/www.huntersfriend.eu\/de\/produkt\/dead-center-dead-silent-hunting-carbon-v2-serie\/","title":{"rendered":"Dead Center Dead Silent Hunting Carbon V2 Serie"},"content":{"rendered":"<div class=\"cat_description\"><b>Stabilisator-Spezifikationen &#8211;<br \/>\n<\/b><br \/>\nL\u00e4nge &#8211; 15,24 cm<br \/>\nGewicht &#8211; 144,6 g + (2) 28,35 g Individuelle Ausgleichsgewichte<\/div>\n<div><\/div>\n<div class=\"cat_description\">L\u00e4nge &#8211; 20,32 cm<br \/>\nGewicht &#8211; 153,1 g + (2) 28,35 g Individuelle Ausgleichsgewichte<\/div>\n<div><\/div>\n<div class=\"cat_description\">L\u00e4nge &#8211; 25,4 cm<br \/>\nGewicht &#8211; 161,6 g + (2) 28,35 g Individuelles Ausgleichsgewicht<\/div>\n<div><\/div>\n<div class=\"cat_description\">Die Dead Silent Hunting Series Carbon v2 Stabilisatoren sind leistungsorientiert entwickelt, um ultimative Stabilisierung und Vibrationsd\u00e4mpfung f\u00fcr jeden Jagdbogen zu liefern. Doppelte O-Ringe und neue Stabilisator-Schalld\u00e4mpfer verleihen dem Carbon v2 die vibrationsabsorbierenden Eigenschaften, die J\u00e4ger f\u00fcr einen absolut ger\u00e4uschlosen Schuss bei jeder Gelegenheit ben\u00f6tigen. Die Hinzuf\u00fcgung von individuellen Ausgleichsgewichten am Ende des Stabilisators erm\u00f6glicht es Bogenj\u00e4gern, die gew\u00fcnschte Balance und das gew\u00fcnschte Gef\u00fchl bei jedem Bogen zu erreichen.  <\/div>\n<div><\/div>\n<div class=\"cat_description\"><span style=\"color: #339966;\"><strong>F\u00fcr Dead Center-Stabilisatorprodukte, die nicht auf unserer Website gezeigt werden, kontaktieren Sie uns bitte direkt. Wir sind der europ\u00e4ische Vertriebspartner f\u00fcr alle Dead Center-Produkte und k\u00f6nnen Ihnen problemlos die gew\u00fcnschte Gr\u00f6\u00dfe und Farbe beschaffen. <\/strong><\/span><\/div>\n<div><\/div>\n<div class=\"cat_description\"><strong>Eingesetzte Technologie &#8211;<\/strong><\/div>\n<div class=\"cat_description\">\n<table class=\"mceItemTable\" style=\"width: 512px; height: 116px;\">\n<tbody>\n<tr>\n<td><img decoding=\"async\" src=\"https:\/\/www.deadcenterarchery.com\/Pultruded-Carbon.png\" alt=\"Pultrudierter Kohlefaser\" width=\"108\" height=\"54\"><\/td>\n<td>Kohlefaserr\u00f6hren bieten die ultimative Kombination aus Ger\u00e4uschd\u00e4mpfung und Stabilit\u00e4t ohne zus\u00e4tzliches Gewicht oder sp\u00fcrbare Vibrationen.<\/td>\n<\/tr>\n<tr>\n<td><img decoding=\"async\" src=\"https:\/\/www.deadcenterarchery.com\/Stabilizer%20Silencer%20icon.jpg\" alt=\"Stabilisator-Schalld\u00e4mpfer\" width=\"162\" height=\"22\"><\/td>\n<td>\u00dcberlegene Vibrationsd\u00e4mpfung und Ger\u00e4uschunterdr\u00fcckung. Hergestellt aus bew\u00e4hrtem BowJax-Material. <\/td>\n<\/tr>\n<tr>\n<td><img decoding=\"async\" src=\"https:\/\/www.deadcenterarchery.com\/Dual-O-Ring.png\" alt=\"Doppelte O-Ringe\" width=\"108\" height=\"54\"><\/td>\n<td>Doppelte O-Ringe f\u00fcr zus\u00e4tzliche D\u00e4mpfungs- und Ger\u00e4uschunterdr\u00fcckungseigenschaften.<\/td>\n<\/tr>\n<tr>\n<td><img decoding=\"async\" src=\"https:\/\/www.deadcenterarchery.com\/Aluminum-6061.png\" alt=\"Aluminium\" width=\"108\" height=\"54\"><\/td>\n<td>CNC-gefr\u00e4ste 6061-T6 Aluminium-Endkappen f\u00fcr Stabilit\u00e4t und Haltbarkeit.<\/td>\n<\/tr>\n<tr>\n<td><img decoding=\"async\" src=\"https:\/\/www.deadcenterarchery.com\/Custom-Balance-Weights.png\" alt=\"Individuelle Ausgleichsgewichte\" width=\"108\" height=\"54\"><\/td>\n<td>V2 Jagdstabilisatoren beinhalten individuelle Ausgleichsgewichte, die es Ihnen erm\u00f6glichen, Ihre Gewichtskonfiguration an Ihre spezifischen Bed\u00fcrfnisse anzupassen.<\/td>\n<\/tr>\n<\/tbody>\n<\/table>\n<\/div>\n","protected":false},"excerpt":{"rendered":"<p>Stabilisator-Spezifikationen &#8211; L\u00e4nge &#8211; 15,24 cm Gewicht &#8211; 144,6 g + (2) 28,35 g Individuelle Ausgleichsgewichte L\u00e4nge &#8211; 20,32 cm Gewicht &#8211; 153,1 g + (2) 28,35 g Individuelle Ausgleichsgewichte L\u00e4nge &#8211; 25,4 cm Gewicht &#8211; 161,6 g + (2) 28,35 g Individuelles Ausgleichsgewicht Die Dead Silent Hunting Series Carbon v2 Stabilisatoren sind leistungsorientiert entwickelt, [&#8230;]\n","protected":false},"featured_media":66509,"comment_status":"open","ping_status":"closed","template":"","meta":[],"product_brand":[],"product_cat":[1121],"product_tag":[],"class_list":{"0":"post-204516","1":"product","2":"type-product","3":"status-publish","4":"has-post-thumbnail","6":"product_cat-jagd-stabilisatoren","8":"first","9":"instock","10":"taxable","11":"shipping-taxable","12":"purchasable","13":"product-type-variable"},"composite_virtual":false,"composite_layout":"","composite_add_to_cart_form_location":"","composite_editable_in_cart":false,"composite_sold_individually_context":"","composite_shop_price_calc":"","composite_components":[],"composite_scenarios":[],"group_of_quantity":0,"min_quantity":0,"max_quantity":"","exclude_order_quantity_value_rules":"no","exclude_category_quantity_rules":"no","combine_variations":"no","exclude_global_add_ons":[],"addons":[],"_links":{"self":[{"href":"https:\/\/www.huntersfriend.eu\/de\/wp-json\/wp\/v2\/product\/204516","targetHints":{"allow":["GET"]}}],"collection":[{"href":"https:\/\/www.huntersfriend.eu\/de\/wp-json\/wp\/v2\/product"}],"about":[{"href":"https:\/\/www.huntersfriend.eu\/de\/wp-json\/wp\/v2\/types\/product"}],"replies":[{"embeddable":true,"href":"https:\/\/www.huntersfriend.eu\/de\/wp-json\/wp\/v2\/comments?post=204516"}],"wp:featuredmedia":[{"embeddable":true,"href":"https:\/\/www.huntersfriend.eu\/de\/wp-json\/wp\/v2\/media\/66509"}],"wp:attachment":[{"href":"https:\/\/www.huntersfriend.eu\/de\/wp-json\/wp\/v2\/media?parent=204516"}],"wp:term":[{"taxonomy":"product_brand","embeddable":true,"href":"https:\/\/www.huntersfriend.eu\/de\/wp-json\/wp\/v2\/product_brand?post=204516"},{"taxonomy":"product_cat","embeddable":true,"href":"https:\/\/www.huntersfriend.eu\/de\/wp-json\/wp\/v2\/product_cat?post=204516"},{"taxonomy":"product_tag","embeddable":true,"href":"https:\/\/www.huntersfriend.eu\/de\/wp-json\/wp\/v2\/product_tag?post=204516"}],"curies":[{"name":"wp","href":"https:\/\/api.w.org\/{rel}","templated":true}]}}