{"id":204446,"date":"2018-11-19T12:19:29","date_gmt":"2018-11-19T10:19:29","guid":{"rendered":"https:\/\/www.huntersfriend.eu\/product\/skb-hunter-single-bogenkoffer\/"},"modified":"2025-06-23T10:23:09","modified_gmt":"2025-06-23T08:23:09","slug":"skb-hunter-single-bogenkoffer","status":"publish","type":"product","link":"https:\/\/www.huntersfriend.eu\/de\/produkt\/skb-hunter-single-bogenkoffer\/","title":{"rendered":"SKB Hunter Einzelbogenkoffer"},"content":{"rendered":"<p>SKB Hunter ABS-Schalen-Bogenkoffer<br \/>\nDer SKB Hunter Series Bogenkoffer zeichnet sich durch eine starre, geformte ABS-Schale mit stilvoller Pr\u00e4gung aus, die tats\u00e4chlich zus\u00e4tzliche strukturelle Unterst\u00fctzung f\u00fcr den Deckel bietet, und verf\u00fcgt \u00fcber ein achtpunktiges, ineinandergreifendes Stapelsystem. SKBs \u201ePerfect-Match\u201c-Falzsystem sorgt f\u00fcr eine dichte und sichere Passform, um das Eindringen von Schmutz, Staub und Feuchtigkeit in das Innere des Koffers zu verhindern. Er ist mit verriegelbaren Metallverschl\u00fcssen mit Zugbolzen und einem komfortablen Tragegriff ausgestattet und wiegt elf Pfund. Zu den Merkmalen geh\u00f6ren pl\u00fcschgef\u00fctterte EPS-Einlagen f\u00fcr maximale Sto\u00dffestigkeit und ein hochmodernes, mittels Wasserstrahl geschnittenes Pfeilsystem aus Polyethylenschaum, das bis zu einem Dutzend befiederter Pfeile aufnehmen kann.  <\/p>\n<p><strong>Achtung! Online-Bestellungen sind auf ein Exemplar pro Bestellung beschr\u00e4nkt. Bei gr\u00f6\u00dferen Mengen wenden Sie sich bitte direkt an den Kundenservice, um die Lieferkosten zu erfragen.<\/strong><\/p>\n","protected":false},"excerpt":{"rendered":"<p>99 x 38 x 15 cm <strong>Achtung! Online-Bestellungen sind auf ein Exemplar pro Bestellung beschr\u00e4nkt. Bei gr\u00f6\u00dferen Mengen wenden Sie sich bitte direkt an den Kundenservice, um die Lieferkosten zu erfragen.<\/strong><\/p>\n","protected":false},"featured_media":210580,"comment_status":"open","ping_status":"closed","template":"","meta":[],"product_brand":[],"product_cat":[1087],"product_tag":[],"class_list":{"0":"post-204446","1":"product","2":"type-product","3":"status-publish","4":"has-post-thumbnail","6":"product_cat-koffer-compund","7":"product_shipping_class-big-de","9":"first","10":"instock","11":"taxable","12":"shipping-taxable","13":"purchasable","14":"product-type-simple"},"composite_virtual":false,"composite_layout":"","composite_add_to_cart_form_location":"","composite_editable_in_cart":false,"composite_sold_individually_context":"","composite_shop_price_calc":"","composite_components":[],"composite_scenarios":[],"group_of_quantity":0,"min_quantity":0,"max_quantity":"","exclude_order_quantity_value_rules":"no","exclude_category_quantity_rules":"no","combine_variations":"no","exclude_global_add_ons":[],"addons":[],"_links":{"self":[{"href":"https:\/\/www.huntersfriend.eu\/de\/wp-json\/wp\/v2\/product\/204446","targetHints":{"allow":["GET"]}}],"collection":[{"href":"https:\/\/www.huntersfriend.eu\/de\/wp-json\/wp\/v2\/product"}],"about":[{"href":"https:\/\/www.huntersfriend.eu\/de\/wp-json\/wp\/v2\/types\/product"}],"replies":[{"embeddable":true,"href":"https:\/\/www.huntersfriend.eu\/de\/wp-json\/wp\/v2\/comments?post=204446"}],"wp:featuredmedia":[{"embeddable":true,"href":"https:\/\/www.huntersfriend.eu\/de\/wp-json\/wp\/v2\/media\/210580"}],"wp:attachment":[{"href":"https:\/\/www.huntersfriend.eu\/de\/wp-json\/wp\/v2\/media?parent=204446"}],"wp:term":[{"taxonomy":"product_brand","embeddable":true,"href":"https:\/\/www.huntersfriend.eu\/de\/wp-json\/wp\/v2\/product_brand?post=204446"},{"taxonomy":"product_cat","embeddable":true,"href":"https:\/\/www.huntersfriend.eu\/de\/wp-json\/wp\/v2\/product_cat?post=204446"},{"taxonomy":"product_tag","embeddable":true,"href":"https:\/\/www.huntersfriend.eu\/de\/wp-json\/wp\/v2\/product_tag?post=204446"}],"curies":[{"name":"wp","href":"https:\/\/api.w.org\/{rel}","templated":true}]}}